{"id":3104,"date":"2022-09-14T07:26:31","date_gmt":"2022-09-14T07:26:31","guid":{"rendered":"http:\/\/site2.easyceotech.com\/?post_type=product&#038;p=3104"},"modified":"2024-03-12T08:05:36","modified_gmt":"2024-03-12T08:05:36","slug":"rubber-antiscorching-agent-pvi-ctp","status":"publish","type":"product","link":"https:\/\/wpachem.com\/tr\/urun\/rubber-antiscorching-agent-pvi-ctp\/","title":{"rendered":"Kau\u00e7uk Antiscorching Ajan\u0131 PVI (CTP)"},"content":{"rendered":"<p><strong>Kimyasal Ad\u0131:<\/strong> N-Siklohekzil (tiyo) ftalimid<\/p>\n<p><strong>CAS Numaras\u0131:<\/strong> 17796-82-6<\/p>\n<p><strong>\u00c7.M:<\/strong>\u00a0 C14H15NO2S<\/p>\n<p><strong>\u015eartname:<\/strong><\/p>\n<table>\n<tbody>\n<tr>\n<td width=\"212\"><strong>\u00d6\u011fe<\/strong><\/td>\n<td width=\"213\"><strong>Kristal<\/strong><\/td>\n<td width=\"213\"><strong>Ya\u011flanm\u0131\u015f kristal<\/strong><\/td>\n<td width=\"213\"><strong>Gran\u00fcl<\/strong><\/td>\n<\/tr>\n<tr>\n<td width=\"212\">D\u0131\u015f g\u00f6r\u00fcn\u00fc\u015f<\/td>\n<td colspan=\"3\" width=\"639\">Beyaz kristal (gran\u00fcl)<\/td>\n<\/tr>\n<tr>\n<td width=\"212\">Ba\u015flang\u0131\u00e7 Erime Noktas\u0131, \u2103 \u2265<\/td>\n<td width=\"213\">90.0<\/td>\n<td width=\"213\">90.0<\/td>\n<td width=\"213\">90.0<\/td>\n<\/tr>\n<tr>\n<td width=\"212\">Kurutma kayb\u0131, %, \u2264<\/td>\n<td width=\"213\">0.30<\/td>\n<td width=\"213\">0.50<\/td>\n<td width=\"213\">0.30<\/td>\n<\/tr>\n<tr>\n<td width=\"212\">K\u00fcl, %, \u2264<\/td>\n<td width=\"213\">0.30<\/td>\n<td width=\"213\">0.30<\/td>\n<td width=\"213\">0.30<\/td>\n<\/tr>\n<tr>\n<td width=\"212\">Katk\u0131 maddesi, %<\/td>\n<td width=\"213\">\/<\/td>\n<td width=\"213\">0.1-2.0<\/td>\n<td width=\"213\">\/<\/td>\n<\/tr>\n<tr>\n<td width=\"212\">Gran\u00fcl \u00c7ap\u0131, mm<\/td>\n<td width=\"213\">\/<\/td>\n<td width=\"213\">\/<\/td>\n<td width=\"213\">2.5<\/td>\n<\/tr>\n<\/tbody>\n<\/table>\n<p>&nbsp;<\/p>\n<p><strong>\u00d6zellikler:<\/strong> Beyaz kristal (gran\u00fcl). Yo\u011funlu\u011fu 1.25-1.35&#039;tir. Aseton, benzen, toluol, dietil eter, etil asetat, s\u0131cak CCl4 ve s\u0131cak alkolde \u00e7\u00f6z\u00fcn\u00fcr, benzinde az \u00e7\u00f6z\u00fcn\u00fcr, gazya\u011f\u0131 ve suda \u00e7\u00f6z\u00fcnmez.<\/p>\n<p>&nbsp;<\/p>\n<p><strong>Uygulamalar:<\/strong> \u00d6n vulkanizasyon inhibit\u00f6r\u00fc. \u00c7o\u011fu K\u00fck\u00fcrt valkanizasyonunda \u00f6ng\u00f6r\u00fclebilir yanma kontrol\u00fc sa\u011flar. Marjinal stok geri kazan\u0131m\u0131, tek a\u015famal\u0131 kar\u0131\u015ft\u0131rma, daha y\u00fcksek i\u015fleme ve\/veya k\u00fcrleme s\u0131cakl\u0131klar\u0131 sayesinde iyile\u015ftirilmi\u015f maliyet performans\u0131. Aktivite do\u011frusald\u0131r ve \u00e7o\u011fu geciktiriciden daha y\u00fcksektir. 0,5 phr&#039;nin \u00fczerinde \u00e7i\u00e7eklenmeye neden olabilir. Hem do\u011fal hem de sentetik kau\u00e7uk i\u00e7in yanma \u00f6nleyici maddedir.<\/p>\n<p>&nbsp;<\/p>\n<p><strong>Paket:<\/strong> 25kg&#039;l\u0131k plastik dokuma torba, plastik filmli ka\u011f\u0131t torba, kraft ka\u011f\u0131t torba.<\/p>\n<p>&nbsp;<\/p>\n<p><strong>Depolamak:<\/strong> \u00dcr\u00fcn iyi havaland\u0131r\u0131lan kuru ve serin bir yerde saklanmal\u0131, paketlenmi\u015f \u00fcr\u00fcn\u00fcn do\u011frudan g\u00fcne\u015f \u0131\u015f\u0131\u011f\u0131na maruz kalmas\u0131 \u00f6nlenmelidir. Ge\u00e7erlilik s\u00fcresi 1 y\u0131ld\u0131r.<\/p>","protected":false},"excerpt":{"rendered":"<p>Kimyasal Ad\u0131: Kau\u00e7uk Antiscorching Ajan\u0131 PVI (CTP)<\/p>\n<p>CAS Numaras\u0131: 17796-82-6<\/p>\n<p>MF: C14H15NO2S<\/p>\n<p>EINECS Numaras\u0131: 241-774-1<\/p>\n<p>G\u00f6r\u00fcn\u00fcm: Beyaz kristal (gran\u00fcl)<\/p>","protected":false},"featured_media":2183,"template":"","meta":{"_acf_changed":false,"_gspb_post_css":""},"product_brand":[],"product_cat":[62,75],"product_tag":[],"class_list":{"0":"post-3104","1":"product","2":"type-product","3":"status-publish","4":"has-post-thumbnail","6":"product_cat-rubberplastic-ingredients","7":"product_cat-antiscorching-agent","9":"first","10":"instock","11":"shipping-taxable","12":"product-type-simple"},"acf":[],"_links":{"self":[{"href":"https:\/\/wpachem.com\/tr\/wp-json\/wp\/v2\/product\/3104","targetHints":{"allow":["GET"]}}],"collection":[{"href":"https:\/\/wpachem.com\/tr\/wp-json\/wp\/v2\/product"}],"about":[{"href":"https:\/\/wpachem.com\/tr\/wp-json\/wp\/v2\/types\/product"}],"version-history":[{"count":0,"href":"https:\/\/wpachem.com\/tr\/wp-json\/wp\/v2\/product\/3104\/revisions"}],"wp:featuredmedia":[{"embeddable":true,"href":"https:\/\/wpachem.com\/tr\/wp-json\/wp\/v2\/media\/2183"}],"wp:attachment":[{"href":"https:\/\/wpachem.com\/tr\/wp-json\/wp\/v2\/media?parent=3104"}],"wp:term":[{"taxonomy":"product_brand","embeddable":true,"href":"https:\/\/wpachem.com\/tr\/wp-json\/wp\/v2\/product_brand?post=3104"},{"taxonomy":"product_cat","embeddable":true,"href":"https:\/\/wpachem.com\/tr\/wp-json\/wp\/v2\/product_cat?post=3104"},{"taxonomy":"product_tag","embeddable":true,"href":"https:\/\/wpachem.com\/tr\/wp-json\/wp\/v2\/product_tag?post=3104"}],"curies":[{"name":"wp","href":"https:\/\/api.w.org\/{rel}","templated":true}]}}