{"id":3114,"date":"2022-09-21T07:35:24","date_gmt":"2022-09-21T07:35:24","guid":{"rendered":"http:\/\/site2.easyceotech.com\/?post_type=product&#038;p=3114"},"modified":"2024-06-12T05:31:33","modified_gmt":"2024-06-12T05:31:33","slug":"titanium-dioxide-cosmetic-grade","status":"publish","type":"product","link":"https:\/\/wpachem.com\/tr\/urun\/titanium-dioxide-cosmetic-grade\/","title":{"rendered":"Titanyum Dioksit Kozmetik S\u0131n\u0131f\u0131"},"content":{"rendered":"<p><strong>\u00d6zellikler:<\/strong><\/p>\n<p>Bu \u00fcr\u00fcn g\u0131daya \u00f6zg\u00fc anataz titanyum dioksitin ham maddesi ile haz\u0131rlanm\u0131\u015ft\u0131r. Bu \u00fcr\u00fcn kimyasal \u00f6zellikleri kararl\u0131, toksik olmayan, kokusuz ve beyaz tozdur. Cilt lekelerini kapatabilir ve cildin beyazlatma etkisini art\u0131rabilir. Ayr\u0131ca cildi UV \u0131\u015f\u0131nlar\u0131ndan koruyabilir, di\u011fer b\u00fcy\u00fck miktarda pigmentlerin eklenmesinin zararl\u0131 etkilerinden ve kozmetik uzun s\u00fcre serbest b\u0131rak\u0131ld\u0131ktan sonra pigmentasyondan ka\u00e7\u0131nabilir.<\/p>\n<p>&nbsp;<\/p>\n<p><strong>\u015eartname:<\/strong><\/p>\n<table>\n<tbody>\n<tr>\n<td width=\"426\">\u00d6\u011fe<\/td>\n<td width=\"426\">Dizin<\/td>\n<\/tr>\n<tr>\n<td width=\"426\">Tio2 i\u00e7eri\u011fi (%) \u2265<\/td>\n<td width=\"426\">98.0<\/td>\n<\/tr>\n<tr>\n<td width=\"426\">Beyazl\u0131k (%) \u2265<\/td>\n<td width=\"426\">90<\/td>\n<\/tr>\n<tr>\n<td width=\"426\">L de\u011feri (%)<\/td>\n<td width=\"426\">95<\/td>\n<\/tr>\n<tr>\n<td width=\"426\">pH<\/td>\n<td width=\"426\">6.5-7.5<\/td>\n<\/tr>\n<tr>\n<td width=\"426\">A\u011f\u0131r metal i\u00e7eri\u011fi (Pb cinsinden,ppm) \u2264<\/td>\n<td width=\"426\">20<\/td>\n<\/tr>\n<tr>\n<td width=\"426\">Sb i\u00e7eri\u011fi (ppm) \u2264<\/td>\n<td width=\"426\">2<\/td>\n<\/tr>\n<tr>\n<td width=\"426\">\u0130\u00e7erik (ppm) \u2264<\/td>\n<td width=\"426\">5<\/td>\n<\/tr>\n<tr>\n<td width=\"426\">Hg i\u00e7eri\u011fi (ppm) \u2264<\/td>\n<td width=\"426\">1<\/td>\n<\/tr>\n<tr>\n<td width=\"426\">Suda \u00e7\u00f6z\u00fcnen tuz (%) \u2264<\/td>\n<td width=\"426\">0.5<\/td>\n<\/tr>\n<\/tbody>\n<\/table>\n<p>&nbsp;<\/p>\n<p><strong>Ba\u015fvuru:\u00a0<\/strong><\/p>\n<p>Bu \u00fcr\u00fcn kremler, cilt kremleri, kompaktlar, fond\u00f6ten kremleri, rujlar vb. gibi kozmetiklerde g\u00fcne\u015f kremi, anti-ultraviyole, renklendirici, a\u015f\u0131nd\u0131r\u0131c\u0131 vb. olarak yayg\u0131n olarak kullan\u0131l\u0131r.<\/p>\n<p>&nbsp;<\/p>\n<p><strong>Paket:<\/strong> 25kg, 500kg, 1000kg\u2019l\u0131k \u00e7uvallar.<\/p>","protected":false},"excerpt":{"rendered":"<p>\u00dcr\u00fcn Ad\u0131: Titanyum Dioksit Kozmetik S\u0131n\u0131f\u0131<\/p>\n<p>CAS Numaras\u0131: 1317-80-2<\/p>\n<p>MF: Tio2<\/p>\n<p>EINECS Numaras\u0131: 215-282-2<\/p>\n<p>G\u00f6r\u00fcn\u00fcm: Beyaz toz<\/p>","protected":false},"featured_media":2103,"template":"","meta":{"_acf_changed":false,"_gspb_post_css":""},"product_brand":[],"product_cat":[67,54,66],"product_tag":[],"class_list":{"0":"post-3114","1":"product","2":"type-product","3":"status-publish","4":"has-post-thumbnail","6":"product_cat-sulfate-process","7":"product_cat-inorganic-pigments","8":"product_cat-titanium-dioxide","10":"first","11":"instock","12":"shipping-taxable","13":"product-type-simple"},"acf":[],"_links":{"self":[{"href":"https:\/\/wpachem.com\/tr\/wp-json\/wp\/v2\/product\/3114","targetHints":{"allow":["GET"]}}],"collection":[{"href":"https:\/\/wpachem.com\/tr\/wp-json\/wp\/v2\/product"}],"about":[{"href":"https:\/\/wpachem.com\/tr\/wp-json\/wp\/v2\/types\/product"}],"version-history":[{"count":0,"href":"https:\/\/wpachem.com\/tr\/wp-json\/wp\/v2\/product\/3114\/revisions"}],"wp:featuredmedia":[{"embeddable":true,"href":"https:\/\/wpachem.com\/tr\/wp-json\/wp\/v2\/media\/2103"}],"wp:attachment":[{"href":"https:\/\/wpachem.com\/tr\/wp-json\/wp\/v2\/media?parent=3114"}],"wp:term":[{"taxonomy":"product_brand","embeddable":true,"href":"https:\/\/wpachem.com\/tr\/wp-json\/wp\/v2\/product_brand?post=3114"},{"taxonomy":"product_cat","embeddable":true,"href":"https:\/\/wpachem.com\/tr\/wp-json\/wp\/v2\/product_cat?post=3114"},{"taxonomy":"product_tag","embeddable":true,"href":"https:\/\/wpachem.com\/tr\/wp-json\/wp\/v2\/product_tag?post=3114"}],"curies":[{"name":"wp","href":"https:\/\/api.w.org\/{rel}","templated":true}]}}