{"id":3142,"date":"2022-09-30T07:04:36","date_gmt":"2022-09-30T07:04:36","guid":{"rendered":"http:\/\/site2.easyceotech.com\/?post_type=product&#038;p=3142"},"modified":"2024-03-12T08:05:24","modified_gmt":"2024-03-12T08:05:24","slug":"alpha-arbutin","status":"publish","type":"product","link":"https:\/\/wpachem.com\/tr\/urun\/alpha-arbutin\/","title":{"rendered":"Alfa-arbutin"},"content":{"rendered":"<p><strong>\u00d6zellikleri:<\/strong><\/p>\n<p>\u03b1-arbutin, melanin \u00fcretimini ve birikimini inhibe edebilen ve lekeleri ve \u00e7illeri giderebilen \u03b2-arbutine benzerdir. Sonu\u00e7lar, \u03b1-arbutinin nispeten d\u00fc\u015f\u00fck konsantrasyonda tirozinaz aktivitesini inhibe edebildi\u011fini ve tirozinaz \u00fczerindeki inhibit\u00f6r etkisinin \u03b2-arbutinden daha iyi oldu\u011funu g\u00f6stermektedir<\/p>\n<p>&nbsp;<\/p>\n<p><strong>\u015eartname<\/strong><\/p>\n<table>\n<tbody>\n<tr>\n<td width=\"281\">\u00d6\u011feler<\/td>\n<td width=\"334\">\u00d6zellikler<\/td>\n<td width=\"233\">Sonu\u00e7lar<\/td>\n<\/tr>\n<tr>\n<td width=\"281\">D\u0131\u015f g\u00f6r\u00fcn\u00fc\u015f<\/td>\n<td width=\"334\">Beyaz kristal toz<\/td>\n<td width=\"233\">Beyaz kristal<\/td>\n<\/tr>\n<tr>\n<td width=\"281\">Deneme<\/td>\n<td width=\"334\">99.0%Min<\/td>\n<td width=\"233\">99.8%<\/td>\n<\/tr>\n<tr>\n<td width=\"281\">Erime noktas\u0131<\/td>\n<td width=\"334\">203~206\u00b1l\u00b0C<\/td>\n<td width=\"233\">203.5-205.5<\/td>\n<\/tr>\n<tr>\n<td width=\"281\">Su \u00e7\u00f6zeltisinin berrakl\u0131\u011f\u0131<\/td>\n<td width=\"334\">\u015eeffaf, renksiz, ask\u0131da kalan maddeler yok<\/td>\n<td width=\"233\">ge\u00e7mek<\/td>\n<\/tr>\n<tr>\n<td width=\"281\">1% sulu pH de\u011feri<\/td>\n<td rowspan=\"2\" width=\"334\">5.0\u20147.0<\/td>\n<td rowspan=\"2\" width=\"233\">6.0<\/td>\n<\/tr>\n<tr>\n<td width=\"281\">\u00e7\u00f6z\u00fcm<\/td>\n<\/tr>\n<tr>\n<td width=\"281\">Belirli optik derecelendirme<\/td>\n<td width=\"334\">[a] D20=+l76-184\u00b0<\/td>\n<td width=\"233\">+179,9\u00b0<\/td>\n<\/tr>\n<tr>\n<td width=\"281\">Arsenik<\/td>\n<td width=\"334\">&lt;2 ppm<\/td>\n<td width=\"233\">ge\u00e7mek<\/td>\n<\/tr>\n<tr>\n<td width=\"281\">Hidrokinon<\/td>\n<td width=\"334\">&lt;10 ppm<\/td>\n<td width=\"233\">ge\u00e7mek<\/td>\n<\/tr>\n<tr>\n<td width=\"281\">A\u011f\u0131r metal<\/td>\n<td width=\"334\">&lt;10 ppm<\/td>\n<td width=\"233\">ge\u00e7mek<\/td>\n<\/tr>\n<tr>\n<td width=\"281\">Kurutma kayb\u0131<\/td>\n<td width=\"334\">&lt;0.5%<\/td>\n<td width=\"233\">0.02%<\/td>\n<\/tr>\n<tr>\n<td width=\"281\">Ate\u015fleme kal\u0131nt\u0131s\u0131<\/td>\n<td width=\"334\">&lt;0.5%<\/td>\n<td width=\"233\">0.05%<\/td>\n<\/tr>\n<tr>\n<td rowspan=\"2\" width=\"281\">Patojen<\/td>\n<td width=\"334\">Bakteriler\uff1a &lt;300cfu\/g<\/td>\n<td width=\"233\">&lt;20<\/td>\n<\/tr>\n<tr>\n<td width=\"334\">Mantar\uff1a &lt;100cfu\/g<\/td>\n<td width=\"233\">&lt;20<\/td>\n<\/tr>\n<tr>\n<td colspan=\"2\" width=\"616\">Sonu\u00e7: Standartlara uygundur<\/td>\n<td width=\"233\"><\/td>\n<\/tr>\n<\/tbody>\n<\/table>\n<p>&nbsp;<\/p>\n<p><strong>Uygulama:<\/strong> Alfa-arbutin kozmetiklerde beyazlat\u0131c\u0131 madde olarak kullan\u0131labilir<\/p>","protected":false},"excerpt":{"rendered":"<p>\u00dcr\u00fcn Ad\u0131: Alfa-arbutin<\/p>\n<p>CAS Numaras\u0131: 84380-01-8<\/p>\n<p>MF: C12H16O7<\/p>\n<p>G\u00f6r\u00fcn\u00fcm: Beyaz kristal toz<\/p>","protected":false},"featured_media":2159,"template":"","meta":{"_acf_changed":false,"_gspb_post_css":""},"product_brand":[],"product_cat":[60],"product_tag":[],"class_list":{"0":"post-3142","1":"product","2":"type-product","3":"status-publish","4":"has-post-thumbnail","6":"product_cat-cosmetic-ingredients","8":"first","9":"instock","10":"shipping-taxable","11":"product-type-simple"},"acf":[],"_links":{"self":[{"href":"https:\/\/wpachem.com\/tr\/wp-json\/wp\/v2\/product\/3142","targetHints":{"allow":["GET"]}}],"collection":[{"href":"https:\/\/wpachem.com\/tr\/wp-json\/wp\/v2\/product"}],"about":[{"href":"https:\/\/wpachem.com\/tr\/wp-json\/wp\/v2\/types\/product"}],"version-history":[{"count":0,"href":"https:\/\/wpachem.com\/tr\/wp-json\/wp\/v2\/product\/3142\/revisions"}],"wp:featuredmedia":[{"embeddable":true,"href":"https:\/\/wpachem.com\/tr\/wp-json\/wp\/v2\/media\/2159"}],"wp:attachment":[{"href":"https:\/\/wpachem.com\/tr\/wp-json\/wp\/v2\/media?parent=3142"}],"wp:term":[{"taxonomy":"product_brand","embeddable":true,"href":"https:\/\/wpachem.com\/tr\/wp-json\/wp\/v2\/product_brand?post=3142"},{"taxonomy":"product_cat","embeddable":true,"href":"https:\/\/wpachem.com\/tr\/wp-json\/wp\/v2\/product_cat?post=3142"},{"taxonomy":"product_tag","embeddable":true,"href":"https:\/\/wpachem.com\/tr\/wp-json\/wp\/v2\/product_tag?post=3142"}],"curies":[{"name":"wp","href":"https:\/\/api.w.org\/{rel}","templated":true}]}}