{"id":3144,"date":"2022-09-30T07:22:41","date_gmt":"2022-09-30T07:22:41","guid":{"rendered":"http:\/\/site2.easyceotech.com\/?post_type=product&#038;p=3144"},"modified":"2024-03-12T08:05:19","modified_gmt":"2024-03-12T08:05:19","slug":"behentrimonium-methosulfate-btms","status":"publish","type":"product","link":"https:\/\/wpachem.com\/tr\/urun\/behentrimonium-methosulfate-btms\/","title":{"rendered":"Behentrimonyum Metos\u00fclfat BTMS"},"content":{"rendered":"<p>&nbsp;<\/p>\n<p>M01-01: Behentrimonium Metos\u00fclfat (ve) Setearil Alkol<\/p>\n<p>M01-02: Behentrimonium Metos\u00fclfat (ve) Setearil Alkol (ve) Butilen Glikol<\/p>\n<p>M01-03: Behentrimonium Metos\u00fclfat (ve) Propilen Glikol<\/p>\n<p>M01-04: BTMS25Behentrimonium Metos\u00fclfat (ve) Setearil Alkol<\/p>\n<p>M01-05: Behentrimonium Metos\u00fclfat (ve) Setil Alkol<\/p>\n<p>M01-06: Behentrimonium Metos\u00fclfat (ve) Setil Alkol (ve) Butilen Glikol<\/p>\n<p>&nbsp;<\/p>\n<p><b><\/b><strong><b>1: Teknik<\/b><\/strong><strong><b>\u0130\u00e7inde<\/b><\/strong><strong><b>el becerisi<\/b><\/strong><\/p>\n<table>\n<tbody>\n<tr>\n<td width=\"109\">\u00dcr\u00fcn ad\u0131<\/td>\n<td width=\"196\">G\u00f6r\u00fcn\u00fcm (25\u2103)<\/td>\n<td width=\"188\">Behentrimonium Metos\u00fclfat (%)<\/td>\n<td width=\"220\">pH (1% \u0130zopropil alkol \u00e7\u00f6zeltisi)<\/td>\n<td width=\"143\">Setearil Alkol (%)<\/td>\n<td width=\"78\">di\u011fer<\/td>\n<\/tr>\n<tr>\n<td width=\"109\">M01-01<\/td>\n<td width=\"196\">Beyaz ila kirli beyaz pul<\/td>\n<td width=\"188\">&gt;50<\/td>\n<td width=\"220\">5.0-8.0<\/td>\n<td width=\"143\">47~48<\/td>\n<td width=\"78\">&lt;1<\/td>\n<\/tr>\n<tr>\n<td width=\"109\">M01-02<\/td>\n<td width=\"196\">Beyaz ila kirli beyaz pul<\/td>\n<td width=\"188\">&gt;50<\/td>\n<td width=\"220\">5.0-8.0<\/td>\n<td width=\"143\">39~40<\/td>\n<td width=\"78\">10~11<\/td>\n<\/tr>\n<tr>\n<td width=\"109\">M01-03<\/td>\n<td width=\"196\">Beyaz ila kirli beyaz pul<\/td>\n<td width=\"188\">&gt;50<\/td>\n<td width=\"220\">5.0-8.0<\/td>\n<td width=\"143\">30~35<\/td>\n<td width=\"78\">19~20<\/td>\n<\/tr>\n<tr>\n<td width=\"109\">M01-04<\/td>\n<td width=\"196\">Beyaz ila kirli beyaz pul<\/td>\n<td width=\"188\">&gt;25<\/td>\n<td width=\"220\">5.0-8.0<\/td>\n<td width=\"143\">74~75<\/td>\n<td width=\"78\">&lt;1<\/td>\n<\/tr>\n<tr>\n<td width=\"109\">M01-05<\/td>\n<td width=\"196\">Beyaz ila kirli beyaz pul<\/td>\n<td width=\"188\">&gt;50<\/td>\n<td width=\"220\">5.0-8.0<\/td>\n<td width=\"143\">47~48<\/td>\n<td width=\"78\">&lt;1<\/td>\n<\/tr>\n<tr>\n<td width=\"109\">M01-06<\/td>\n<td width=\"196\">Beyaz ila kirli beyaz pul<\/td>\n<td width=\"188\">&gt;50<\/td>\n<td width=\"220\">5.0-8.0<\/td>\n<td width=\"143\">43~44<\/td>\n<td width=\"78\">5~6<\/td>\n<\/tr>\n<\/tbody>\n<\/table>\n<p>&nbsp;<\/p>\n<p><strong><b>2.Karakter<\/b><\/strong><strong><b>\u00e7ubuklar<\/b><\/strong><\/p>\n<p>1. Bitkisel bazl\u0131, \u00e7evre dostu ve son derece hafiftir<\/p>\n<p>2.Suda veya etanolde \u00e7\u00f6z\u00fcnebilir.<\/p>\n<p>3.Hem katyonik hem de noniyonik y\u00fczey aktif maddelerle uyumludur.<\/p>\n<p>4.100C\u2019nin alt\u0131nda stabildir.<\/p>\n<p>5. Genel olarak iyi kimyasal kararl\u0131l\u0131\u011fa sahiptir, \u0131s\u0131ya, \u0131\u015f\u0131\u011fa ve bas\u0131nca kar\u015f\u0131 m\u00fckemmel diren\u00e7 g\u00f6sterir, hem asit hem de alkali maddelere kar\u015f\u0131 g\u00fc\u00e7l\u00fc diren\u00e7 g\u00f6sterir.<\/p>\n<p>6. \u0130yi anti-bakteriyel \u00f6zelliklere sahip m\u00fckemmel koyula\u015ft\u0131r\u0131c\u0131 ve em\u00fclgat\u00f6rd\u00fcr.<\/p>\n<p><strong><b>3.Uygulama<\/b><\/strong><strong><b>S<\/b><\/strong><\/p>\n<p>Behentrimonium Methosulfate (BTMS), sa\u00e7 kremi ve antistatik madde olarak kullan\u0131lan ba\u015fl\u0131ca bir kuaterner amonyum tuzudur.<\/p>\n<p>1.\u015eampuan ve sa\u00e7 bak\u0131m form\u00fcllerinde, sa\u00e7 kremi, sa\u00e7 jeli, \u015fampuan ve di\u011fer sa\u00e7 bak\u0131m \u00fcr\u00fcnlerinin yumu\u015fat\u0131c\u0131 maddesi olarak, bir \u00e7e\u015fit sa\u00e7 d\u00f6k\u00fclme \u00f6nleyici madde olarak kullan\u0131l\u0131r.<\/p>\n<p>2.Yumu\u015fat\u0131c\u0131, sentetik elyaflar\u0131n antistatik maddesi, \u0131slat\u0131c\u0131 madde veya g\u00fcnl\u00fck kimyasallar\u0131n koyula\u015ft\u0131r\u0131c\u0131 maddesi olarak kullan\u0131l\u0131r.<\/p>\n<p><strong><b>4.Yap<\/b><\/strong><strong><b>ada\u00e7ay\u0131<\/b><\/strong><\/p>\n<p>Sa\u00e7 kremi: 1~2%<\/p>\n<p>Kuaf\u00f6r jeli : 4~5%<\/p>\n<p><strong><b>5.P<\/b><\/strong><strong><b>paketleme<\/b><\/strong>\u00a0<strong><b>Ve<\/b><\/strong>\u00a0<strong><b>Depolamak<\/b><\/strong><\/p>\n<p>Karton + i\u00e7 plastik torba<\/p>\n<p>\u0130ki y\u0131ll\u0131k raf \u00f6mr\u00fc ile m\u00fch\u00fcrlenmi\u015ftir<\/p>\n<p>&nbsp;<\/p>\n<p><strong><b>6.Uygulama<\/b><\/strong><\/p>\n<p>Hem cilt hem de sa\u00e7 i\u00e7in \u00f6nemlidir. Sa\u00e7a m\u00fckemmel dola\u015f\u0131kl\u0131k a\u00e7ma ve \u0131slak tarama \u00f6zellikleri kazand\u0131r\u0131r. Uzun s\u00fcreli, y\u0131kamaya dayan\u0131kl\u0131 nemlendirici faydalar ve yumu\u015fak, p\u00fcr\u00fczs\u00fcz bir cilt hissi veren zarif katyonik cilt bak\u0131m em\u00fclsiyonlar\u0131 olu\u015fturur. Uygulamalar\u0131 aras\u0131nda sa\u00e7ta b\u0131rak\u0131lan ve y\u0131kanan sa\u00e7 kremleri, sa\u00e7 a\u00e7\u0131c\u0131lar, rahatlat\u0131c\u0131 kremler, etnik sa\u00e7 bak\u0131m\u0131, sa\u00e7 boyalar\u0131, cilt kremleri ve losyonlar\u0131 ve t\u0131ra\u015f preparatlar\u0131 bulunur.<\/p>","protected":false},"excerpt":{"rendered":"<p>\u00dcr\u00fcn Ad\u0131: Behentrimonium Metos\u00fclfat BTMS<\/p>\n<p>CAS Numaras\u0131: 81646-13-1<\/p>\n<p>T\u00fcrk\u00e7e: MF: 279-791-1<\/p>\n<p>EINECS Numaras\u0131: C26H57NO4S<\/p>\n<p>G\u00f6r\u00fcn\u00fcm: Beyaz ila kirli beyaz pul<\/p>","protected":false},"featured_media":3147,"template":"","meta":{"_acf_changed":false,"_gspb_post_css":""},"product_brand":[],"product_cat":[60],"product_tag":[],"class_list":{"0":"post-3144","1":"product","2":"type-product","3":"status-publish","4":"has-post-thumbnail","6":"product_cat-cosmetic-ingredients","8":"first","9":"instock","10":"shipping-taxable","11":"product-type-simple"},"acf":[],"_links":{"self":[{"href":"https:\/\/wpachem.com\/tr\/wp-json\/wp\/v2\/product\/3144","targetHints":{"allow":["GET"]}}],"collection":[{"href":"https:\/\/wpachem.com\/tr\/wp-json\/wp\/v2\/product"}],"about":[{"href":"https:\/\/wpachem.com\/tr\/wp-json\/wp\/v2\/types\/product"}],"version-history":[{"count":0,"href":"https:\/\/wpachem.com\/tr\/wp-json\/wp\/v2\/product\/3144\/revisions"}],"wp:featuredmedia":[{"embeddable":true,"href":"https:\/\/wpachem.com\/tr\/wp-json\/wp\/v2\/media\/3147"}],"wp:attachment":[{"href":"https:\/\/wpachem.com\/tr\/wp-json\/wp\/v2\/media?parent=3144"}],"wp:term":[{"taxonomy":"product_brand","embeddable":true,"href":"https:\/\/wpachem.com\/tr\/wp-json\/wp\/v2\/product_brand?post=3144"},{"taxonomy":"product_cat","embeddable":true,"href":"https:\/\/wpachem.com\/tr\/wp-json\/wp\/v2\/product_cat?post=3144"},{"taxonomy":"product_tag","embeddable":true,"href":"https:\/\/wpachem.com\/tr\/wp-json\/wp\/v2\/product_tag?post=3144"}],"curies":[{"name":"wp","href":"https:\/\/api.w.org\/{rel}","templated":true}]}}