{"id":3150,"date":"2022-09-30T07:59:04","date_gmt":"2022-09-30T07:59:04","guid":{"rendered":"http:\/\/site2.easyceotech.com\/?post_type=product&#038;p=3150"},"modified":"2024-03-12T08:05:13","modified_gmt":"2024-03-12T08:05:13","slug":"propylene-glycol-alginate-pga","status":"publish","type":"product","link":"https:\/\/wpachem.com\/tr\/urun\/propylene-glycol-alginate-pga\/","title":{"rendered":"Propilen Glikol Aljinat PGA"},"content":{"rendered":"<p>Propilen Glikol Aljinat (PGA), Propilen Glikol Aljinat esteri olarak da bilinir, kahverengi alglerden esterle\u015fme reaksiyonu ile polisakkarit biyopolimer sentezi yoluyla elde edilen, genellikle beyaz veya sar\u0131ms\u0131 beyaz, ince toz halinde, kokusuz veya hafif aromatik hidrokarbon kokulu yeni bir em\u00fclgat\u00f6rd\u00fcr.<\/p>\n<p>&nbsp;<\/p>\n<p><strong>\u015eartname<\/strong><\/p>\n<table>\n<tbody>\n<tr>\n<td width=\"423\"><strong><b>\u00d6\u011fe<\/b><\/strong><\/td>\n<td width=\"423\"><strong><b>Standart<\/b><\/strong><\/td>\n<\/tr>\n<tr>\n<td width=\"423\">Esterle\u015fme derecesi, %<\/td>\n<td width=\"423\">\u226540.0<\/td>\n<\/tr>\n<tr>\n<td width=\"423\">\u00c7\u00f6z\u00fcnmeyen k\u00fcller, %<\/td>\n<td width=\"423\">\u22641.0<\/td>\n<\/tr>\n<tr>\n<td width=\"423\">Kurutma kayb\u0131, %<\/td>\n<td width=\"423\">\u226420.0<\/td>\n<\/tr>\n<tr>\n<td width=\"423\">mg\/kg olarak, %<\/td>\n<td width=\"423\">\u22642.0<\/td>\n<\/tr>\n<tr>\n<td width=\"423\">A\u011f\u0131r metal, %<\/td>\n<td width=\"423\">\u22640,002<\/td>\n<\/tr>\n<tr>\n<td width=\"423\">Kur\u015fun mg\/kg, %<\/td>\n<td width=\"423\">\u22645.0<\/td>\n<\/tr>\n<\/tbody>\n<\/table>\n<p><strong>Ba\u015fvuru:<\/strong> Propilen glikol aljinat, kal\u0131nla\u015ft\u0131rma, \u015fi\u015fme, asit direnci ve k\u00f6p\u00fck stabilitesi gibi iyi \u00f6zelliklere sahip bir t\u00fcr Deniz g\u0131da katk\u0131 maddesidir. G\u0131da i\u015fleme, yo\u011furt \u00fcr\u00fcnleri, ila\u00e7, g\u00fcnl\u00fck kimya end\u00fcstrisi, tatland\u0131r\u0131c\u0131 ve bira vb. alanlarda yayg\u0131n olarak kullan\u0131l\u0131r. Propilen glikol aljinat, kal\u0131nla\u015ft\u0131r\u0131c\u0131 madde, stabilizat\u00f6r, jelle\u015ftirici madde, em\u00fclgat\u00f6r ve su tutucu madde \u00fcretiminde kullan\u0131labilen iyi performansa sahip bir t\u00fcr Deniz g\u0131da katk\u0131 maddesidir.<\/p>","protected":false},"excerpt":{"rendered":"<p>\u00dcr\u00fcn Ad\u0131: Propilen glikol aljinat PGA<\/p>\n<p>CAS Numaras\u0131: 9005-37-2<\/p>\n<p>MF: (C9H14O70n<\/p>\n<p>G\u00f6r\u00fcn\u00fcm: Beyaz veya a\u00e7\u0131k sar\u0131 toz<\/p>","protected":false},"featured_media":2180,"template":"","meta":{"_acf_changed":false,"_gspb_post_css":""},"product_brand":[],"product_cat":[55,58],"product_tag":[],"class_list":{"0":"post-3150","1":"product","2":"type-product","3":"status-publish","4":"has-post-thumbnail","6":"product_cat-food-additives","7":"product_cat-thicknerstablizer","9":"first","10":"instock","11":"shipping-taxable","12":"product-type-simple"},"acf":[],"_links":{"self":[{"href":"https:\/\/wpachem.com\/tr\/wp-json\/wp\/v2\/product\/3150","targetHints":{"allow":["GET"]}}],"collection":[{"href":"https:\/\/wpachem.com\/tr\/wp-json\/wp\/v2\/product"}],"about":[{"href":"https:\/\/wpachem.com\/tr\/wp-json\/wp\/v2\/types\/product"}],"version-history":[{"count":0,"href":"https:\/\/wpachem.com\/tr\/wp-json\/wp\/v2\/product\/3150\/revisions"}],"wp:featuredmedia":[{"embeddable":true,"href":"https:\/\/wpachem.com\/tr\/wp-json\/wp\/v2\/media\/2180"}],"wp:attachment":[{"href":"https:\/\/wpachem.com\/tr\/wp-json\/wp\/v2\/media?parent=3150"}],"wp:term":[{"taxonomy":"product_brand","embeddable":true,"href":"https:\/\/wpachem.com\/tr\/wp-json\/wp\/v2\/product_brand?post=3150"},{"taxonomy":"product_cat","embeddable":true,"href":"https:\/\/wpachem.com\/tr\/wp-json\/wp\/v2\/product_cat?post=3150"},{"taxonomy":"product_tag","embeddable":true,"href":"https:\/\/wpachem.com\/tr\/wp-json\/wp\/v2\/product_tag?post=3150"}],"curies":[{"name":"wp","href":"https:\/\/api.w.org\/{rel}","templated":true}]}}