{"id":3157,"date":"2024-03-12T08:05:08","date_gmt":"2024-03-12T08:05:08","guid":{"rendered":"http:\/\/site2.easyceotech.com\/?post_type=product&#038;p=3157"},"modified":"2024-03-12T08:05:08","modified_gmt":"2024-03-12T08:05:08","slug":"polyquaternium-51-cell-phospholipid","status":"publish","type":"product","link":"https:\/\/wpachem.com\/tr\/urun\/polyquaternium-51-cell-phospholipid\/","title":{"rendered":"Polikuaterniyum-51 (H\u00fccre Fosfolipid)"},"content":{"rendered":"<p><strong>\u00d6zellikleri:<\/strong><\/p>\n<p>Polyquaternium-51 (H\u00fccre Fosfolipid), m\u00fckemmel su tutma ve nemlendirme \u00f6zelliklerine sahip etkili ve hafif bir nemlendirici fakt\u00f6rd\u00fcr. Cildin ve sa\u00e7\u0131n nemini etkili bir \u015fekilde kilitleyebilir ve nemlendirici \u00f6zellikleri bir\u00e7ok kez y\u0131kand\u0131ktan sonra azalmaz. Polyquaternium-51 i\u00e7eren \u00fcr\u00fcnler, cilt y\u00fczeyinde bir biyofilm tabakas\u0131 olu\u015fturmak i\u00e7in lekeler olu\u015fturabilir, nefes alabilir, cilde ekstra bir koruma tabakas\u0131 sa\u011flamak i\u00e7in kornea tabakas\u0131n\u0131 sim\u00fcle edebilir, y\u00fczey aktif maddenin cildin uyar\u0131lmas\u0131na etkili bir \u015fekilde engel olabilir ve cildin p\u00fcr\u00fczl\u00fcl\u00fc\u011f\u00fcn\u00fc iyile\u015ftirebilir, hassas cildi p\u00fcr\u00fczs\u00fczle\u015ftirebilir ve cildin aktif bile\u015fenin emilimini art\u0131rabilir. Polyquaternium-51, m\u00fckemmel su tutma ve nemlendirme \u00f6zelliklerine sahip etkili ve hafif bir nemlendirici fakt\u00f6rd\u00fcr. Cildin ve sa\u00e7\u0131n nemini etkili bir \u015fekilde kilitleyebilir ve nemlendirici \u00f6zellikleri bir\u00e7ok kez y\u0131kand\u0131ktan sonra azalmaz. Polikuaterner amonyum tuzu i\u00e7eren \u00fcr\u00fcnler - 51 damla sonra, cilt y\u00fczeyinde bir biyofilm tabakas\u0131 olu\u015fturmak i\u00e7in Chemicalbook noktalar\u0131 olu\u015fturabilir, nefes alabilir, cilde ekstra bir koruma tabakas\u0131 sa\u011flamak i\u00e7in boynuzsu tabakay\u0131 sim\u00fcle edebilir, y\u00fczey aktif maddenin cildin uyar\u0131lmas\u0131na etkili bir \u015fekilde engelleyebilir ve cildin p\u00fcr\u00fczl\u00fcl\u00fc\u011f\u00fcn\u00fc iyile\u015ftirebilir, hassas cildi p\u00fcr\u00fczs\u00fczle\u015ftirebilir ve cildin aktif madde emilimini art\u0131rabilir.<\/p>\n<p>&nbsp;<\/p>\n<p><strong>Temel \u00d6zellikler:<\/strong><\/p>\n<ol>\n<li>M\u00fckemmel doku ve kan uyumlulu\u011fu<\/li>\n<li>Organ nakli vb. biyomedikal alanlarda kullan\u0131l\u0131r.<\/li>\n<li>H\u00fccre fosfolipidinin kozmetikte uygulanmas\u0131 OLI teknolojisinin yenilik\u00e7ili\u011finden faydalan\u0131yor<\/li>\n<\/ol>\n<p>&nbsp;<\/p>\n<p><strong>Uygulama:\u00a0<\/strong><\/p>\n<ol>\n<li>Kontakt lens malzemesi<\/li>\n<li>Kozmetik hammaddesi<\/li>\n<li>G\u00f6z damlas\u0131n\u0131n hammaddesi<\/li>\n<li>A\u011f\u0131z bak\u0131m\u0131 i\u00e7in hammadde<\/li>\n<li>T\u0131bbi te\u015fhis reaktifi<\/li>\n<li>Biyomedikal Malzeme<\/li>\n<\/ol>\n<p>&nbsp;<\/p>\n<p><strong>Kozmetiklerde H\u00fccre Fosfolipidinin Uygulama \u00d6zellikleri<\/strong><\/p>\n<p>1: M\u00fckemmel nemlendirme etkisi<\/p>\n<ul>\n<li>\u00a0 Ak\u0131ll\u0131 nemlendirme<\/li>\n<li>\u00a0 Hyaluronik asitten \u00e7ok daha iyi<\/li>\n<li>\u00a0 Yeni nesil g\u00fc\u00e7l\u00fc nemlendirici \u00fcr\u00fcnlerde kullan\u0131l\u0131r<\/li>\n<\/ul>\n<p>2: Cilt tahri\u015fini azalt\u0131r<\/p>\n<ul>\n<li>\u00a0SDS ve asit vb. maddelerin neden oldu\u011fu cilt tahri\u015fini azalt\u0131r.<\/li>\n<li>\u00a0Hafif cilt bak\u0131m \u00fcr\u00fcnlerinde kullan\u0131l\u0131r<\/li>\n<\/ul>\n<p>3: Anti-statik ve Kirlilik \u00d6nleyici<\/p>\n<ul>\n<li>Statik elektri\u011fi \u00f6nler<\/li>\n<li>PM&#039;nin adsorpsiyonunu azalt\u0131r<\/li>\n<li>Ciltte su ge\u00e7irmezlik<\/li>\n<li>Hafif ve antiviral \u00fcr\u00fcnlerde kullan\u0131l\u0131r<\/li>\n<\/ul>\n<p>&nbsp;<\/p>","protected":false},"excerpt":{"rendered":"<p><strong>\u00dcr\u00fcn ad\u0131:<\/strong> Polikuaterniyum-51 (H\u00fccre Fosfolipid)<\/p>\n<p><strong>CAS NUMARASI:<\/strong> 125275-25-4<\/p>\n<p><strong>\u00c7.M:<\/strong> C19H36NO8P<\/p>\n<p><strong>D\u0131\u015f g\u00f6r\u00fcn\u00fc\u015f:\u00a0<\/strong><\/p>","protected":false},"featured_media":0,"template":"","meta":{"_acf_changed":false,"_gspb_post_css":""},"product_brand":[],"product_cat":[60],"product_tag":[],"class_list":{"0":"post-3157","1":"product","2":"type-product","3":"status-publish","5":"product_cat-cosmetic-ingredients","7":"first","8":"instock","9":"shipping-taxable","10":"product-type-simple"},"acf":[],"_links":{"self":[{"href":"https:\/\/wpachem.com\/tr\/wp-json\/wp\/v2\/product\/3157","targetHints":{"allow":["GET"]}}],"collection":[{"href":"https:\/\/wpachem.com\/tr\/wp-json\/wp\/v2\/product"}],"about":[{"href":"https:\/\/wpachem.com\/tr\/wp-json\/wp\/v2\/types\/product"}],"version-history":[{"count":0,"href":"https:\/\/wpachem.com\/tr\/wp-json\/wp\/v2\/product\/3157\/revisions"}],"wp:attachment":[{"href":"https:\/\/wpachem.com\/tr\/wp-json\/wp\/v2\/media?parent=3157"}],"wp:term":[{"taxonomy":"product_brand","embeddable":true,"href":"https:\/\/wpachem.com\/tr\/wp-json\/wp\/v2\/product_brand?post=3157"},{"taxonomy":"product_cat","embeddable":true,"href":"https:\/\/wpachem.com\/tr\/wp-json\/wp\/v2\/product_cat?post=3157"},{"taxonomy":"product_tag","embeddable":true,"href":"https:\/\/wpachem.com\/tr\/wp-json\/wp\/v2\/product_tag?post=3157"}],"curies":[{"name":"wp","href":"https:\/\/api.w.org\/{rel}","templated":true}]}}