{"id":3160,"date":"2022-11-16T09:23:51","date_gmt":"2022-11-16T09:23:51","guid":{"rendered":"http:\/\/site2.easyceotech.com\/?post_type=product&#038;p=3160"},"modified":"2024-03-12T08:01:35","modified_gmt":"2024-03-12T08:01:35","slug":"potassium-methoxysalicylate-%ef%bc%884msk%ef%bc%89","status":"publish","type":"product","link":"https:\/\/wpachem.com\/tr\/urun\/potassium-methoxysalicylate-%ef%bc%884msk%ef%bc%89\/","title":{"rendered":"Potasyum Metoksisalisilat (4MSK)"},"content":{"rendered":"<p><strong>\u00dcr\u00fcn etkinli\u011fi:<\/strong><\/p>\n<p>Beyazlatma cilt rengini dengeler, a\u015f\u0131r\u0131 pigmentasyonu giderir ve azalt\u0131r, epidermal atipik hiperplaziyi d\u00fczeltir, keratinizasyon s\u00fcrecini m\u00fckemmelle\u015ftirir, melanin salg\u0131lanmas\u0131n\u0131 te\u015fvik eder, \u00e7illeri, lekeleri \u00f6nler, cildi p\u00fcr\u00fczs\u00fczle\u015ftirir.<\/p>\n<p><strong>\u00dcr\u00fcn \u00f6zellikleri:<\/strong><\/p>\n<p>Potasyum metoksalisilat, epidermal atipik hiperplaziyi, keratinizasyonu ve atrofiyi d\u00fczeltebilir, keratinizasyon s\u00fcrecini iyile\u015ftirme etkisine sahiptir, melaninin d\u00fczg\u00fcn bir \u015fekilde salg\u0131lanmas\u0131n\u0131 destekler; ayn\u0131 zamanda \u015feffaf keratin protein par\u00e7ac\u0131klar\u0131n\u0131n b\u00fcy\u00fcmesini ve art\u0131\u015f\u0131n\u0131, tah\u0131l tabakas\u0131n\u0131n kal\u0131nla\u015fmas\u0131n\u0131, k\u00fctik\u00fcl\u00fcn incelmesini, keratin h\u00fccrelerinin katmanla\u015fmas\u0131n\u0131 h\u0131zland\u0131r\u0131r ve cildi p\u00fcr\u00fczs\u00fczle\u015ftirir ve beyazlat\u0131r.<\/p>\n<p>Potasyum metoksi salisilat, mevcut beyazlat\u0131c\u0131 etkili bile\u015fenlerle ayn\u0131 melanin \u00fcretimini engelleme etkisine sahip olmakla kalmaz, ayn\u0131 zamanda keratinosit farkl\u0131la\u015fmas\u0131n\u0131 d\u00fczenleme etkisine de sahiptir ve a\u015f\u0131r\u0131 melanin birikimine e\u011filimli cilt durumunu iyile\u015ftirebilir.<\/p>\n<p>&nbsp;<\/p>\n<p><strong>4MSK melanin \u00fczerinde iki \u00f6nemli \u015fekilde etki eder<\/strong><\/p>\n<p>1\u3001Melanin sentezini inhibe eder<\/p>\n<p>Beyazlat\u0131c\u0131 bile\u015fenlerin incelenmesinde \u00f6nemli bir k\u0131s\u0131m elbette melaninin ger\u00e7ek \u00fcretiminin ve tirozinaz\u0131n inhibisyonunun analizidir. Basit\u00e7e s\u00f6ylemek gerekirse, sonu\u00e7 4MSK&#039;n\u0131n belirli konsantrasyon ortam\u0131nda melanin \u00fcretimini ve tirozinaz aktivitesini inhibe edebilmesidir.<\/p>\n<p>2\u3001Melanin metabolizmas\u0131n\u0131 h\u0131zland\u0131r\u0131n<br \/>\nShiseido \u00e7al\u0131\u015fmas\u0131nda, gran\u00fcler tabakadaki &quot;tropomiyozin&quot; seviyesine odaklanarak 3 boyutlu k\u00fclt\u00fcrl\u00fc bir cilt modelinde bu panelin farkl\u0131la\u015fma ifadesini g\u00f6zlemledik ve sonu\u00e7lar, cilt modelinin 4MSK ile UV \u0131\u015f\u0131nlanmas\u0131n\u0131n UV&#039;nin neden oldu\u011fu tropomiyozin ifadesindeki azalmay\u0131 \u00f6nemli \u00f6l\u00e7\u00fcde engelledi\u011fini g\u00f6sterdi. Bu g\u00f6zlem, 4MSK&#039;n\u0131n in vitro modellerde p\u00fcr\u00fczs\u00fcz melanin metabolizmas\u0131n\u0131 destekleme yetene\u011fi a\u00e7\u0131s\u0131ndan salisilik aside i\u015flevsel olarak benzer oldu\u011funu g\u00f6stermektedir.<\/p>\n<p><strong>Uygulama:<\/strong><\/p>\n<p>Her t\u00fcrl\u00fc cilt bak\u0131m \u00fcr\u00fcn\u00fcne uygundur, beyazlatma, \u00e7il giderme, p\u00fcr\u00fczs\u00fcz cilt form\u00fcl\u00fc i\u00e7in \u00f6nerilir.<\/p>\n<p><strong>Tavsiye edilen ilave miktar:<\/strong> 1% &#8211; 3%.<\/p>\n<p><strong>Paketleme \u00d6zellikleri:<\/strong> 1KG\/ torba (PE fermuarl\u0131 po\u015fetle kapl\u0131 al\u00fcminyum folyo torba), 25KG\/ varil<\/p>","protected":false},"excerpt":{"rendered":"<p>INCI Ad\u0131:Potasyum Metoksisalisilat \uff084MSK\uff09<\/p>\n<p>Kasa Numaras\u0131: 152312-71-5<\/p>\n<p>MF: C8H7KO4<\/p>\n<p>G\u00f6r\u00fcn\u00fcm: Beyaz kristal toz<\/p>\n<p>Safl\u0131k: \u226599%<\/p>\n<p>pH (1% sulu \u00e7\u00f6zelti): 7.0~8.5<\/p>\n<p>&nbsp;<\/p>","protected":false},"featured_media":2159,"template":"","meta":{"_acf_changed":false,"_gspb_post_css":""},"product_brand":[],"product_cat":[60],"product_tag":[],"class_list":{"0":"post-3160","1":"product","2":"type-product","3":"status-publish","4":"has-post-thumbnail","6":"product_cat-cosmetic-ingredients","8":"first","9":"instock","10":"shipping-taxable","11":"product-type-simple"},"acf":[],"_links":{"self":[{"href":"https:\/\/wpachem.com\/tr\/wp-json\/wp\/v2\/product\/3160","targetHints":{"allow":["GET"]}}],"collection":[{"href":"https:\/\/wpachem.com\/tr\/wp-json\/wp\/v2\/product"}],"about":[{"href":"https:\/\/wpachem.com\/tr\/wp-json\/wp\/v2\/types\/product"}],"version-history":[{"count":0,"href":"https:\/\/wpachem.com\/tr\/wp-json\/wp\/v2\/product\/3160\/revisions"}],"wp:featuredmedia":[{"embeddable":true,"href":"https:\/\/wpachem.com\/tr\/wp-json\/wp\/v2\/media\/2159"}],"wp:attachment":[{"href":"https:\/\/wpachem.com\/tr\/wp-json\/wp\/v2\/media?parent=3160"}],"wp:term":[{"taxonomy":"product_brand","embeddable":true,"href":"https:\/\/wpachem.com\/tr\/wp-json\/wp\/v2\/product_brand?post=3160"},{"taxonomy":"product_cat","embeddable":true,"href":"https:\/\/wpachem.com\/tr\/wp-json\/wp\/v2\/product_cat?post=3160"},{"taxonomy":"product_tag","embeddable":true,"href":"https:\/\/wpachem.com\/tr\/wp-json\/wp\/v2\/product_tag?post=3160"}],"curies":[{"name":"wp","href":"https:\/\/api.w.org\/{rel}","templated":true}]}}