{"id":3166,"date":"2022-11-16T09:23:04","date_gmt":"2022-11-16T09:23:04","guid":{"rendered":"http:\/\/site2.easyceotech.com\/?post_type=product&#038;p=3166"},"modified":"2024-03-12T08:01:41","modified_gmt":"2024-03-12T08:01:41","slug":"quaternium-73%ef%bc%88pionine%ef%bc%89","status":"publish","type":"product","link":"https:\/\/wpachem.com\/tr\/urun\/quaternium-73%ef%bc%88pionine%ef%bc%89\/","title":{"rendered":"Kuaterniyum-73 (Piyonin)"},"content":{"rendered":"<p><strong>girii\u015f<\/strong><\/p>\n<p>G\u00fc\u00e7l\u00fc bir mantar \u00f6ld\u00fcr\u00fcc\u00fc akne tedavisi olan Pionin&#039;in en \u00f6nemli \u00f6zelli\u011fi, \u00f6zellikle kapal\u0131 sivilcelerin d\u00fc\u015fman\u0131 olan akneyi ortadan kald\u0131rmas\u0131d\u0131r. D\u00fc\u015f\u00fck konsantrasyonlarda (100.000&#039;de 2) bakterileri ve \u00e7e\u015fitli mantarlar\u0131 \u00f6ld\u00fcren ve akne ve poliakne semptomlar\u0131n\u0131 iyile\u015ftiren g\u00fcvenli, uzun s\u00fcreli bir mantar \u00f6ld\u00fcr\u00fcc\u00fcd\u00fcr.<\/p>\n<p><strong>Etki mekanizmas\u0131<\/strong><\/p>\n<p>Bakteriyel mantarlar\u0131n h\u00fccre zarlar\u0131n\u0131 tahrip eder ve Acinetobacter propionicus&#039;a kar\u015f\u0131 son derece etkilidir.<br \/>\nBakterilerin h\u00fccreler aras\u0131 dejenerasyonunu te\u015fvik eder ve olgunla\u015fmas\u0131n\u0131 h\u0131zland\u0131r\u0131r.<br \/>\nEtki mekanizmas\u0131 bakteri h\u00fccrelerinin h\u00fccre zarlar\u0131n\u0131 tahrip etmek, bakteri h\u00fccrelerinin dejenerasyonunu te\u015fvik etmek, derilerini soymak, aknenin olgunla\u015fma h\u0131z\u0131n\u0131 art\u0131rmak, salg\u0131lar\u0131n ak\u0131\u015f\u0131n\u0131 te\u015fvik etmek ve aknenin h\u0131zla yok olmas\u0131n\u0131 sa\u011flamakt\u0131r.<\/p>\n<p><strong>\u00dcr\u00fcn\u00fcn etkinli\u011fi<\/strong><\/p>\n<p>Bakteriyostatik<br \/>\nSivilce iltihab\u0131<br \/>\nMelanin \u00fcretimini engeller<br \/>\nTuzdan ar\u0131nd\u0131r\u0131lm\u0131\u015f bask\u0131<br \/>\nKorozyon \u00f6nleyici<\/p>\n<p><strong>\u00dcr\u00fcn Uygulamas\u0131<\/strong><br \/>\nHer t\u00fcrl\u00fc cilt bak\u0131m \u00fcr\u00fcn\u00fcne uygundur, ya\u011f kontrol\u00fc, akne, sivilce kar\u015f\u0131t\u0131, \u00e7il beyazlatma ve erkek cilt bak\u0131m \u00fcr\u00fcnleri i\u00e7in \u00f6nerilir.<\/p>\n<p><strong>\u00d6nerilen dozaj:<\/strong> 0.001-0.005%. 2021 katalo\u011fu i\u00e7in t\u00fcm zamanlar\u0131n en y\u00fcksek seviyesi 0.05%&#039;dir<\/p>","protected":false},"excerpt":{"rendered":"<p>INCI Ad\u0131: Quaternium-73<\/p>\n<p>Molek\u00fcler Form\u00fcl: C23H39IN2S2<\/p>\n<p>CAS Numaras\u0131: 15763-48-1<\/p>\n<p>EINECS Numaras\u0131: 239-852-5<\/p>\n<p>G\u00f6r\u00fcn\u00fcm: a\u00e7\u0131k sar\u0131 ila sar\u0131 kristal toz<\/p>\n<p>Safl\u0131k: \u226599%<\/p>","protected":false},"featured_media":1883,"template":"","meta":{"_acf_changed":false,"_gspb_post_css":""},"product_brand":[],"product_cat":[60],"product_tag":[],"class_list":{"0":"post-3166","1":"product","2":"type-product","3":"status-publish","4":"has-post-thumbnail","6":"product_cat-cosmetic-ingredients","8":"first","9":"instock","10":"shipping-taxable","11":"product-type-simple"},"acf":[],"_links":{"self":[{"href":"https:\/\/wpachem.com\/tr\/wp-json\/wp\/v2\/product\/3166","targetHints":{"allow":["GET"]}}],"collection":[{"href":"https:\/\/wpachem.com\/tr\/wp-json\/wp\/v2\/product"}],"about":[{"href":"https:\/\/wpachem.com\/tr\/wp-json\/wp\/v2\/types\/product"}],"version-history":[{"count":0,"href":"https:\/\/wpachem.com\/tr\/wp-json\/wp\/v2\/product\/3166\/revisions"}],"wp:featuredmedia":[{"embeddable":true,"href":"https:\/\/wpachem.com\/tr\/wp-json\/wp\/v2\/media\/1883"}],"wp:attachment":[{"href":"https:\/\/wpachem.com\/tr\/wp-json\/wp\/v2\/media?parent=3166"}],"wp:term":[{"taxonomy":"product_brand","embeddable":true,"href":"https:\/\/wpachem.com\/tr\/wp-json\/wp\/v2\/product_brand?post=3166"},{"taxonomy":"product_cat","embeddable":true,"href":"https:\/\/wpachem.com\/tr\/wp-json\/wp\/v2\/product_cat?post=3166"},{"taxonomy":"product_tag","embeddable":true,"href":"https:\/\/wpachem.com\/tr\/wp-json\/wp\/v2\/product_tag?post=3166"}],"curies":[{"name":"wp","href":"https:\/\/api.w.org\/{rel}","templated":true}]}}