{"id":3169,"date":"2022-11-16T09:22:40","date_gmt":"2022-11-16T09:22:40","guid":{"rendered":"http:\/\/site2.easyceotech.com\/?post_type=product&#038;p=3169"},"modified":"2024-03-12T08:01:45","modified_gmt":"2024-03-12T08:01:45","slug":"ascorbyl-tetraisopalmitate%ef%bc%88vc-ip%ef%bc%89","status":"publish","type":"product","link":"https:\/\/wpachem.com\/tr\/urun\/ascorbyl-tetraisopalmitate%ef%bc%88vc-ip%ef%bc%89\/","title":{"rendered":"Askorbil Tetraizopalmitat (VC-IP)"},"content":{"rendered":"<p><strong>girii\u015f<\/strong><\/p>\n<p>Esterle\u015ftirilmi\u015f bir C vitamini t\u00fcrevi olan askorbil tetraizopalmitat (VC-IP) da yeni nesil bir t\u00fcrevdir. Di\u011fer adlar\u0131: tetrahekzildesil askorbat, esterle\u015ftirilmi\u015f VC, ya\u011fda \u00e7\u00f6z\u00fcnen C vitamini.<\/p>\n<p>Askorbil tetraizopalmitat, 2006 y\u0131l\u0131nda Japonya Sa\u011fl\u0131k, \u00c7al\u0131\u015fma ve Refah Bakanl\u0131\u011f\u0131 taraf\u0131ndan \u201cYar\u0131-\u0130la\u00e7 Etkin Maddesi\u201d olarak onaylanm\u0131\u015f olup, Kore&#039;de resmi olarak onaylanm\u0131\u015f fonksiyonel bir beyazlat\u0131c\u0131 madde olup, Tayvan Eyaleti Sa\u011fl\u0131k ve Refah Bakanl\u0131\u011f\u0131 taraf\u0131ndan onaylanan 13 beyazlat\u0131c\u0131 bile\u015fenden \u201c\u0130la\u00e7 i\u00e7eren kozmetikler\u201d aras\u0131nda yer alan tek maddedir.<\/p>\n<p><strong>Etkinlik \u00f6zellikleri.<\/strong><\/p>\n<p>Kararl\u0131, ya\u011fda \u00e7\u00f6z\u00fcn\u00fcr, cilt dostu ve lipofiliktir, m\u00fckemmel transdermal emilim sa\u011flar<\/p>\n<p><strong>Etkinlik<\/strong><\/p>\n<ul>\n<li>Cildi ayd\u0131nlat\u0131r ve lekeleri hafifletir, melanin birikimini engeller, \u00fcretilen melanini hafifletir<\/li>\n<li>\u0130ltihap \u00f6nleyici, akne onar\u0131m\u0131<\/li>\n<li>Antioksidand\u0131r, serbest radikal hasar\u0131na kar\u015f\u0131 korur<\/li>\n<li>Kolajen sentezini te\u015fvik edin, cilt k\u0131r\u0131\u015f\u0131kl\u0131klar\u0131n\u0131 azalt\u0131n, cilt ya\u015flanmas\u0131n\u0131 \u00f6nleyin<\/li>\n<\/ul>\n<p>&nbsp;<\/p>\n<p><strong>\u00dcr\u00fcn Uygulamas\u0131:<\/strong><br \/>\nCilt bak\u0131m \u00fcr\u00fcnleri; Makyaj \u00fcr\u00fcnleri (ruj, dudak kalemi vb.); Esansiyel ya\u011f \u00fcr\u00fcnleri; G\u00fcne\u015f koruma \u00fcr\u00fcnleri; Maske<\/p>\n<p><strong>\u00d6nerilen dozaj:<\/strong> 0.1-5%<br \/>\n<strong>Saklama ko\u015fullar\u0131:<\/strong> I\u015f\u0131ktan uzak, serin ve a\u011fz\u0131 kapal\u0131 yerde saklay\u0131n\u0131z.<br \/>\n<strong>Paketleme \u00f6zellikleri :<\/strong>1KG\/\u015fi\u015fe, al\u00fcminyum \u015fi\u015fe<\/p>","protected":false},"excerpt":{"rendered":"<p>INCI Ad\u0131: Askorbat Tetraizopalmitat \uff08VC-IP\uff09<\/p>\n<p>Molek\u00fcler form\u00fcl\u00fc : C70H128O10<\/p>\n<p>CAS NO:183476-82-6<\/p>\n<p>G\u00f6r\u00fcn\u00fcm: renksiz ila a\u00e7\u0131k sar\u0131 s\u0131v\u0131<\/p>\n<p>Safl\u0131k: &gt; 98%<\/p>","protected":false},"featured_media":2113,"template":"","meta":{"_acf_changed":false,"_gspb_post_css":""},"product_brand":[],"product_cat":[60],"product_tag":[],"class_list":{"0":"post-3169","1":"product","2":"type-product","3":"status-publish","4":"has-post-thumbnail","6":"product_cat-cosmetic-ingredients","8":"first","9":"instock","10":"shipping-taxable","11":"product-type-simple"},"acf":[],"_links":{"self":[{"href":"https:\/\/wpachem.com\/tr\/wp-json\/wp\/v2\/product\/3169","targetHints":{"allow":["GET"]}}],"collection":[{"href":"https:\/\/wpachem.com\/tr\/wp-json\/wp\/v2\/product"}],"about":[{"href":"https:\/\/wpachem.com\/tr\/wp-json\/wp\/v2\/types\/product"}],"version-history":[{"count":0,"href":"https:\/\/wpachem.com\/tr\/wp-json\/wp\/v2\/product\/3169\/revisions"}],"wp:featuredmedia":[{"embeddable":true,"href":"https:\/\/wpachem.com\/tr\/wp-json\/wp\/v2\/media\/2113"}],"wp:attachment":[{"href":"https:\/\/wpachem.com\/tr\/wp-json\/wp\/v2\/media?parent=3169"}],"wp:term":[{"taxonomy":"product_brand","embeddable":true,"href":"https:\/\/wpachem.com\/tr\/wp-json\/wp\/v2\/product_brand?post=3169"},{"taxonomy":"product_cat","embeddable":true,"href":"https:\/\/wpachem.com\/tr\/wp-json\/wp\/v2\/product_cat?post=3169"},{"taxonomy":"product_tag","embeddable":true,"href":"https:\/\/wpachem.com\/tr\/wp-json\/wp\/v2\/product_tag?post=3169"}],"curies":[{"name":"wp","href":"https:\/\/api.w.org\/{rel}","templated":true}]}}