{"id":3172,"date":"2022-11-16T09:23:24","date_gmt":"2022-11-16T09:23:24","guid":{"rendered":"http:\/\/site2.easyceotech.com\/?post_type=product&#038;p=3172"},"modified":"2024-03-12T08:01:38","modified_gmt":"2024-03-12T08:01:38","slug":"ethyl-ascorbic-acid-vce","status":"publish","type":"product","link":"https:\/\/wpachem.com\/tr\/urun\/ethyl-ascorbic-acid-vce\/","title":{"rendered":"Etil Askorbik Asit (VCE)"},"content":{"rendered":"<p><strong>Etkinlik \u00f6zellikleri<\/strong><\/p>\n<ul>\n<li>Tirozinaz aktivitesini inhibe eder, melanin olu\u015fumunu engeller, melanini renksiz hale getirir, lekeleri giderir ve cildi etkili bir \u015fekilde beyazlat\u0131r, mat ve donuk cildi iyile\u015ftirir ve cilde elastikiyet kazand\u0131r\u0131r.<\/li>\n<li>Kozmetiklerde m\u00fckemmel antioksidan etki g\u00f6stererek C vitamininin kullan\u0131m\u0131n\u0131 sa\u011flar. C vitamininin prototipine g\u00f6re C vitamini etil eteri \u00e7ok stabildir ve renk de\u011fi\u015ftirmez.<\/li>\n<li>G\u00fc\u00e7l\u00fc antibakteriyel ve antiinflamatuar etkiye sahiptir, g\u00fcne\u015f \u0131\u015f\u0131nlar\u0131n\u0131n neden oldu\u011fu iltihaplar\u0131 giderir.<\/li>\n<li>C vitamini etil eter dermise girerek do\u011frudan kolajen sentezine kat\u0131larak cilt h\u00fccrelerinin aktivitesini onar\u0131r ve kolajeni art\u0131r\u0131r, b\u00f6ylece cildi dolgun ve elastik, hassas ve p\u00fcr\u00fczs\u00fcz hale getirir.<\/li>\n<li>Lipofilik ve hidrofilik yap\u0131s\u0131yla cilt taraf\u0131ndan kolayca emilir ve do\u011frudan dermise ula\u015fabilir.<br \/>\n\u0130yi stabilite, \u0131\u015f\u0131k, \u0131s\u0131, asit, alkali, tuz ve hava oksidasyon direnci.<\/li>\n<\/ul>\n<p>&nbsp;<\/p>\n<p><strong>Ba\u015fvuru:<\/strong> beyazlat\u0131c\u0131 \u00fcr\u00fcnler, ya\u015flanma kar\u015f\u0131t\u0131 \u00fcr\u00fcnler, g\u00fcne\u015f koruyucu \u00fcr\u00fcnler, esans, maske, losyon vb.<\/p>\n<p><strong>\u00d6nerilen dozaj:<\/strong> 0.5-3%<\/p>\n<p><strong>Paketleme:<\/strong> 1KG\/ torba (PE Ziplock po\u015fetle kapl\u0131 al\u00fcminyum folyo torba), 25KG\/ varil<\/p>","protected":false},"excerpt":{"rendered":"<p>INCI Ad\u0131: 3-o-etil askorbik asit<\/p>\n<p>Molek\u00fcler form\u00fcl\u00fc:C8H12O6<\/p>\n<p>CAS Numaras\u0131: 86404-04-8<\/p>\n<p>EINECS&#039;ler: 617-849-3<\/p>\n<p>G\u00f6r\u00fcn\u00fcm: Beyaz ila kirli beyaz toz<\/p>\n<p>Safl\u0131k: \u226599%<\/p>","protected":false},"featured_media":2161,"template":"","meta":{"_acf_changed":false,"_gspb_post_css":""},"product_brand":[],"product_cat":[60],"product_tag":[],"class_list":{"0":"post-3172","1":"product","2":"type-product","3":"status-publish","4":"has-post-thumbnail","6":"product_cat-cosmetic-ingredients","8":"first","9":"instock","10":"shipping-taxable","11":"product-type-simple"},"acf":[],"_links":{"self":[{"href":"https:\/\/wpachem.com\/tr\/wp-json\/wp\/v2\/product\/3172","targetHints":{"allow":["GET"]}}],"collection":[{"href":"https:\/\/wpachem.com\/tr\/wp-json\/wp\/v2\/product"}],"about":[{"href":"https:\/\/wpachem.com\/tr\/wp-json\/wp\/v2\/types\/product"}],"version-history":[{"count":0,"href":"https:\/\/wpachem.com\/tr\/wp-json\/wp\/v2\/product\/3172\/revisions"}],"wp:featuredmedia":[{"embeddable":true,"href":"https:\/\/wpachem.com\/tr\/wp-json\/wp\/v2\/media\/2161"}],"wp:attachment":[{"href":"https:\/\/wpachem.com\/tr\/wp-json\/wp\/v2\/media?parent=3172"}],"wp:term":[{"taxonomy":"product_brand","embeddable":true,"href":"https:\/\/wpachem.com\/tr\/wp-json\/wp\/v2\/product_brand?post=3172"},{"taxonomy":"product_cat","embeddable":true,"href":"https:\/\/wpachem.com\/tr\/wp-json\/wp\/v2\/product_cat?post=3172"},{"taxonomy":"product_tag","embeddable":true,"href":"https:\/\/wpachem.com\/tr\/wp-json\/wp\/v2\/product_tag?post=3172"}],"curies":[{"name":"wp","href":"https:\/\/api.w.org\/{rel}","templated":true}]}}