{"id":3175,"date":"2022-11-16T09:22:17","date_gmt":"2022-11-16T09:22:17","guid":{"rendered":"http:\/\/site2.easyceotech.com\/?post_type=product&#038;p=3175"},"modified":"2024-03-12T08:01:50","modified_gmt":"2024-03-12T08:01:50","slug":"phenylethyl-resorcinol%ef%bc%88377%ef%bc%89","status":"publish","type":"product","link":"https:\/\/wpachem.com\/tr\/urun\/phenylethyl-resorcinol%ef%bc%88377%ef%bc%89\/","title":{"rendered":"Feniletil Resorsinol\uff08377\uff09"},"content":{"rendered":"<p><strong>girii\u015f<\/strong><\/p>\n<ul>\n<li>Benzersiz yap\u0131s\u0131, melanin sentez yolunun birden fazla hedefine etki ederek melanin sentezini etkili bir \u015fekilde inhibe ederek, beyazlatma etkisinin kademeli olarak artmas\u0131n\u0131 sa\u011flayarak ola\u011fan\u00fcst\u00fc beyazlatma ve leke giderme performans\u0131n\u0131 belirler.<\/li>\n<li>Bisfenol\u00fcn hidrokinona benzer yap\u0131s\u0131 bisfenol aktivitesini korurken, fenetilin eklenmesiyle tirozinaz\u0131n rekabet\u00e7i inhibisyonu artabilir ve birden fazla mekanizma ayn\u0131 anda hem beyazlat\u0131c\u0131 hem de leke \u00e7\u0131kar\u0131c\u0131 hammadde olarak etki edebilir.<\/li>\n<li>G\u00fc\u00e7l\u00fc antioksidan \u00f6zellikleri melanin solmas\u0131na neden olur (melanin olu\u015fum s\u00fcreci oksidasyon s\u00fcrecini olu\u015fturur), fenetilresorsinol\u00fcn antioksidan \u00f6zelli\u011fi ayn\u0131 konsantrasyondaki VE ve BHT&#039;den yakla\u015f\u0131k 40% daha y\u00fcksektir.<\/li>\n<li>Benzersiz yap\u0131s\u0131 ve d\u00fc\u015f\u00fck molek\u00fcl a\u011f\u0131rl\u0131\u011f\u0131 (polar ya\u011f sisteminde kolayca \u00e7\u00f6z\u00fcn\u00fcr) stratum korneum&#039;a daha kolay n\u00fcfuz etmesini sa\u011flayarak beyazlatma ve leke giderme rol\u00fcn\u00fc \u00fcstlenir.<\/li>\n<\/ul>\n<p>Ola\u011fan\u00fcst\u00fc anti-serbest radikal ve antioksidan yetene\u011fe sahiptir ve antioksidan aktivitesi VE, BHA, BHT, vb.&#039;den \u00e7ok daha iyidir. Ciltteki zararl\u0131 serbest radikalleri etkili bir \u015fekilde temizler. Serbest radikallerin neden oldu\u011fu ya\u015flanma kar\u015f\u0131t\u0131 ve k\u0131r\u0131\u015f\u0131kl\u0131klar, vb.<\/p>\n<p><strong>Etkinlik \u00f6zellikleri<\/strong><\/p>\n<ul>\n<li>Cildi ayd\u0131nlat\u0131r ve parlakla\u015ft\u0131r\u0131r, cilt tonu e\u015fitsizli\u011fini giderir, UV \u0131\u015f\u0131nlar\u0131n\u0131n neden oldu\u011fu cilt renk bozulmalar\u0131n\u0131 azalt\u0131r.<br \/>\nM\u00fckemmel bir antioksidand\u0131r.<\/li>\n<li>\u0130yi stabilite ve g\u00fcvenlik, potansiyel tahri\u015f ve hassasiyet yok.<\/li>\n<\/ul>\n<p>&nbsp;<\/p>\n<p><strong>\u00dcr\u00fcn Uygulamas\u0131: <\/strong>Tonik, esans, krem, y\u00fcz maskesi vb.<\/p>\n<p><strong>Tavsiye edilen ilave miktar:: <\/strong>0,1 ila 0,5%<\/p>","protected":false},"excerpt":{"rendered":"<p>INCI Ad\u0131: Fenetil Resorsinol<\/p>\n<p>Takma ad: 377<\/p>\n<p>Kimyasal ad\u0131: 4-(1-feniletil)-1,3-benzenediol<\/p>\n<p>Molek\u00fcler form\u00fcl\u00fc: C14H14O2<\/p>\n<p>CAS Numaras\u0131: 85-27-8<\/p>\n<p>G\u00f6r\u00fcn\u00fcm: Beyaz ila kirli beyaz toz<\/p>\n<p>Safl\u0131k: \u226599%<\/p>","protected":false},"featured_media":2103,"template":"","meta":{"_acf_changed":false,"_gspb_post_css":""},"product_brand":[],"product_cat":[60],"product_tag":[],"class_list":{"0":"post-3175","1":"product","2":"type-product","3":"status-publish","4":"has-post-thumbnail","6":"product_cat-cosmetic-ingredients","8":"first","9":"instock","10":"shipping-taxable","11":"product-type-simple"},"acf":[],"_links":{"self":[{"href":"https:\/\/wpachem.com\/tr\/wp-json\/wp\/v2\/product\/3175","targetHints":{"allow":["GET"]}}],"collection":[{"href":"https:\/\/wpachem.com\/tr\/wp-json\/wp\/v2\/product"}],"about":[{"href":"https:\/\/wpachem.com\/tr\/wp-json\/wp\/v2\/types\/product"}],"version-history":[{"count":0,"href":"https:\/\/wpachem.com\/tr\/wp-json\/wp\/v2\/product\/3175\/revisions"}],"wp:featuredmedia":[{"embeddable":true,"href":"https:\/\/wpachem.com\/tr\/wp-json\/wp\/v2\/media\/2103"}],"wp:attachment":[{"href":"https:\/\/wpachem.com\/tr\/wp-json\/wp\/v2\/media?parent=3175"}],"wp:term":[{"taxonomy":"product_brand","embeddable":true,"href":"https:\/\/wpachem.com\/tr\/wp-json\/wp\/v2\/product_brand?post=3175"},{"taxonomy":"product_cat","embeddable":true,"href":"https:\/\/wpachem.com\/tr\/wp-json\/wp\/v2\/product_cat?post=3175"},{"taxonomy":"product_tag","embeddable":true,"href":"https:\/\/wpachem.com\/tr\/wp-json\/wp\/v2\/product_tag?post=3175"}],"curies":[{"name":"wp","href":"https:\/\/api.w.org\/{rel}","templated":true}]}}