{"id":3178,"date":"2022-11-16T09:21:58","date_gmt":"2022-11-16T09:21:58","guid":{"rendered":"http:\/\/site2.easyceotech.com\/?post_type=product&#038;p=3178"},"modified":"2024-03-12T08:01:54","modified_gmt":"2024-03-12T08:01:54","slug":"4-butylresorcinol","status":"publish","type":"product","link":"https:\/\/wpachem.com\/tr\/urun\/4-butylresorcinol\/","title":{"rendered":"4-Butilresorsinol"},"content":{"rendered":"<p><strong>girii\u015f<\/strong><\/p>\n<p>Tirozinaz, melanin birikim h\u0131z\u0131n\u0131 kontrol etti\u011fi i\u00e7in melanogenezde \u00f6nemli bir rol oynar. 4-Butilresorsinol, tirozinaz aktivitesini do\u011frudan inhibe ederek ve B16 melanom h\u00fccrelerinde tirozinaz sentezini inhibe ederek, herhangi bir sitotoksisiteye neden olmadan melanogenez \u00fczerinde inhibit\u00f6r bir etkiye sahiptir. Birka\u00e7 in vitro \u00e7al\u0131\u015fmada, 4-butilresorsinol\u00fcn melanogenezi ve tirozinaz aktivitesini ve TRP-1&#039;i inhibe etti\u011fi g\u00f6sterilmi\u015ftir.<\/p>\n<p><strong>Etki mekanizmas\u0131<\/strong><\/p>\n<ul>\n<li>Melanin sentezinden \u00f6nce tirozinaz sentezi ve glikozilasyona m\u00fcdahale ederek melanozomlar taraf\u0131ndan enzim al\u0131m\u0131n\u0131 engeller.<\/li>\n<li>Melanin sentezi s\u0131ras\u0131nda enzim aktivitesini inhibe eder, tirozinaz ve TRP1 enzimlerinin yar\u0131\u015fmal\u0131 inhibit\u00f6r\u00fc olarak etki eder ve melanogenezi te\u015fvik eden yan \u00fcr\u00fcnlerin olu\u015fumunu azalt\u0131r.<\/li>\n<li>Melanin sentezi sonras\u0131 tirozinaz y\u0131k\u0131m\u0131n\u0131 art\u0131r\u0131r, melanozomlar\u0131n keratinositlere ge\u00e7i\u015fini engeller, ya\u011f asitleri nedeniyle fotoeksfoliasyon etkisi g\u00f6sterir, ya\u011f asitlerinin varl\u0131\u011f\u0131yla fonksiyonu artar ve tirozinaz y\u0131k\u0131m\u0131n\u0131 d\u00fczenler.<\/li>\n<\/ul>\n<p><strong>Etkinlik \u00d6zellikleri<\/strong><\/p>\n<ul>\n<li>Beyazlatma etkisi: D\u00fczensiz cilt tonunu iyile\u015ftirir ve UV \u0131\u015f\u0131nlar\u0131na maruz kalman\u0131n neden oldu\u011fu cilt renk bozulmalar\u0131n\u0131 azalt\u0131r<\/li>\n<li>M\u00fckemmel antioksidan<\/li>\n<li>\u0130yi stabilite ve g\u00fcvenlik, potansiyel tahri\u015f ve hassasiyet yok<\/li>\n<\/ul>\n<p><strong>\u00dcr\u00fcn uygulamas\u0131: <\/strong><\/p>\n<p>Beyazlat\u0131c\u0131 ve ayd\u0131nlat\u0131c\u0131 \u00fcr\u00fcnler, hafif \u00e7il giderici \u00fcr\u00fcnler, g\u00fcne\u015f koruyucu ve g\u00fcne\u015f sonras\u0131 onar\u0131c\u0131 \u00fcr\u00fcnler, cilt gen\u00e7le\u015ftirici ve ya\u015flanma kar\u015f\u0131t\u0131 \u00fcr\u00fcnler vb.<\/p>\n<p><strong>\u00d6nerilen dozaj:<\/strong> Kullan\u0131lm\u0131\u015f Kozmetik Hammaddeleri Katalo\u011fu&#039;nda (2021 Bask\u0131s\u0131) bu malzemenin rekor seviyedeki miktar\u0131na g\u00f6re \u00f6nerilen dozaj 0,3~2%&#039;dir.<\/p>\n<p><strong>Form\u00fcl \u00f6nerisi:<\/strong> <span class=\"transSent\" data-group=\"2-0\">pH de\u011ferinin 4,0 ile 5,5 aras\u0131nda tutulmas\u0131 \u00f6nerilir;<\/span><span class=\"transSent highlight\" data-group=\"2-1\"> Suda az \u00e7\u00f6z\u00fcn\u00fcr ve sisteme eklenmeden \u00f6nce y\u00fcksek s\u0131cakl\u0131ktan ka\u00e7\u0131nmak i\u00e7in poliollerle da\u011f\u0131t\u0131lmas\u0131 veya polar ya\u011flarla \u00e7\u00f6z\u00fclmesi gerekir.<\/span><\/p>\n<p><strong>Paketleme \u00f6zellikleri:<\/strong> 1KG\/ torba (PE Ziplock po\u015fetle kapl\u0131 al\u00fcminyum folyo torba), 25KG\/ varil<\/p>","protected":false},"excerpt":{"rendered":"<p>Kimyasal ad\u0131: 1,3-Dihidroksi-4-n-b\u00fctil benzen<\/p>\n<p>INCI Ad\u0131: 4-Butilresorsinol<\/p>\n<p>Molek\u00fcler form\u00fcl: C10H14O2<\/p>\n<p>CAS Numaras\u0131: 18979-61-8<\/p>\n<p>G\u00f6r\u00fcn\u00fcm: Beyaz ila kirli beyaz toz<\/p>\n<p>Safl\u0131k: \u226599%<\/p>","protected":false},"featured_media":2116,"template":"","meta":{"_acf_changed":false,"_gspb_post_css":""},"product_brand":[],"product_cat":[60],"product_tag":[],"class_list":{"0":"post-3178","1":"product","2":"type-product","3":"status-publish","4":"has-post-thumbnail","6":"product_cat-cosmetic-ingredients","8":"first","9":"instock","10":"shipping-taxable","11":"product-type-simple"},"acf":[],"_links":{"self":[{"href":"https:\/\/wpachem.com\/tr\/wp-json\/wp\/v2\/product\/3178","targetHints":{"allow":["GET"]}}],"collection":[{"href":"https:\/\/wpachem.com\/tr\/wp-json\/wp\/v2\/product"}],"about":[{"href":"https:\/\/wpachem.com\/tr\/wp-json\/wp\/v2\/types\/product"}],"version-history":[{"count":0,"href":"https:\/\/wpachem.com\/tr\/wp-json\/wp\/v2\/product\/3178\/revisions"}],"wp:featuredmedia":[{"embeddable":true,"href":"https:\/\/wpachem.com\/tr\/wp-json\/wp\/v2\/media\/2116"}],"wp:attachment":[{"href":"https:\/\/wpachem.com\/tr\/wp-json\/wp\/v2\/media?parent=3178"}],"wp:term":[{"taxonomy":"product_brand","embeddable":true,"href":"https:\/\/wpachem.com\/tr\/wp-json\/wp\/v2\/product_brand?post=3178"},{"taxonomy":"product_cat","embeddable":true,"href":"https:\/\/wpachem.com\/tr\/wp-json\/wp\/v2\/product_cat?post=3178"},{"taxonomy":"product_tag","embeddable":true,"href":"https:\/\/wpachem.com\/tr\/wp-json\/wp\/v2\/product_tag?post=3178"}],"curies":[{"name":"wp","href":"https:\/\/api.w.org\/{rel}","templated":true}]}}