{"id":3181,"date":"2022-11-16T09:21:37","date_gmt":"2022-11-16T09:21:37","guid":{"rendered":"http:\/\/site2.easyceotech.com\/?post_type=product&#038;p=3181"},"modified":"2024-03-12T08:01:57","modified_gmt":"2024-03-12T08:01:57","slug":"glutathione-gsh","status":"publish","type":"product","link":"https:\/\/wpachem.com\/tr\/urun\/glutathione-gsh\/","title":{"rendered":"Glutatyon (GSH)"},"content":{"rendered":"<p><strong>girii\u015f<\/strong><\/p>\n<p>Glutatyon (GSH), glutamik sistein ve glisinin peptit ba\u011f\u0131 yoluyla yo\u011funla\u015fmas\u0131yla olu\u015fan bir tripeptit bile\u015fi\u011fidir. \u00c7ok \u00e7e\u015fitli kullan\u0131m alanlar\u0131na sahip bir t\u00fcr aktif k\u0131sa peptittir. Glutamik asit, sistein ve glisinden olu\u015fur ve memelilerin, bitkilerin ve mikroorganizmalar\u0131n h\u00fccrelerinde yayg\u0131n olarak da\u011f\u0131lm\u0131\u015ft\u0131r. \u0130nsan v\u00fccudundaki hemen hemen t\u00fcm antioksidan reaksiyonlarda yer al\u0131r ve &quot;antioksidanlar\u0131n annesi&quot; olarak bilinen s\u00fcper g\u00fc\u00e7l\u00fc antioksidan \u00f6zelliklere sahiptir. Glutatyon (Red\u00fckte Glutatyon (GSH)) ve Oksitlenmi\u015f Glutatyon (GSSG)&#039;nin karma bir kategorisi vard\u0131r ve bunlardan biri \u00fcretimde ve ya\u015famda yayg\u0131n olarak kullan\u0131l\u0131r: GSH.<\/p>\n<p><strong>Etkinlik \u00f6zellikleri<\/strong><\/p>\n<ul>\n<li>Glutatyon, glutamat sistein ve glisinin peptit ba\u011flar\u0131 arac\u0131l\u0131\u011f\u0131yla yo\u011funla\u015fmas\u0131yla olu\u015fan bir tripeptit bile\u015fi\u011fi olup, yayg\u0131n olarak kullan\u0131lan aktif k\u0131sa bir peptittir.<\/li>\n<li>Glutatyonun insan v\u00fccudunda redoks sisteminin aktivasyonu, s\u00fclfidril enzimlerinin aktivasyonu ve detoksifikasyon gibi \u00f6nemli fizyolojik aktiviteleri vard\u0131r.<\/li>\n<li>Son ara\u015ft\u0131rmalar glutatyonun ayr\u0131ca asetilkolin ve kolinesteraz dengesizli\u011fini d\u00fczeltebilece\u011fini, anti-alerjik rol oynayabilece\u011fini, cilt ya\u015flanmas\u0131n\u0131 ve pigmentasyonunu \u00f6nleyebilece\u011fini, melanin olu\u015fumunu azaltabilece\u011fini, cildin antioksidan kapasitesini art\u0131rabilece\u011fini ve cildi parlakla\u015ft\u0131rabilece\u011fini g\u00f6stermektedir.<\/li>\n<\/ul>\n<p>&nbsp;<\/p>\n<p><strong>\u00dcr\u00fcn Uygulamas\u0131:<\/strong><br \/>\n<span class=\"transSent\" data-group=\"1-0\">Glutatyon esas olarak kozmetik, ila\u00e7, sa\u011fl\u0131k \u00fcr\u00fcnleri ve fonksiyonel g\u0131dalarda kullan\u0131l\u0131r.<\/span><span class=\"transSent\" data-group=\"1-1\"> Kozmetik alan\u0131nda; ya\u015flanma kar\u015f\u0131t\u0131, g\u00fcne\u015ften koruma, g\u00fcne\u015f sonras\u0131 onar\u0131m, beyazlatma, iltihap giderici ve hassasiyet giderici \u00fcr\u00fcnler olarak kullan\u0131ma uygundur.<\/span><\/p>\n<p><strong>\u00d6nerilen Dozaj:\u00a0<\/strong> Kozmetiklerde: 0.5~3.0%<\/p>\n<p><strong>Paketleme \u00f6zellikleri : <\/strong>1KG\/ torba (PE Ziplock po\u015fetle kapl\u0131 al\u00fcminyum folyo torba), 25KG\/ varil<\/p>","protected":false},"excerpt":{"rendered":"<p>INCI Ad\u0131: Glutatyon<\/p>\n<p>Takma ad: GSH, GSSG<\/p>\n<p>Kimyasal ad\u0131: 5-L-glutamil-L-sisteinilglisin<\/p>\n<p>Molek\u00fcler form\u00fcl: C10H17N3O6S<\/p>\n<p>CAS Numaras\u0131: 70-18-8<\/p>\n<p>EINECS&#039;ler: 200-725-4<\/p>\n<p>G\u00f6r\u00fcn\u00fcm: Beyaz ila kirli beyaz kristal toz<\/p>\n<p>Safl\u0131k: \u226598%<\/p>","protected":false},"featured_media":1998,"template":"","meta":{"_acf_changed":false,"_gspb_post_css":""},"product_brand":[],"product_cat":[60],"product_tag":[],"class_list":{"0":"post-3181","1":"product","2":"type-product","3":"status-publish","4":"has-post-thumbnail","6":"product_cat-cosmetic-ingredients","8":"first","9":"instock","10":"shipping-taxable","11":"product-type-simple"},"acf":[],"_links":{"self":[{"href":"https:\/\/wpachem.com\/tr\/wp-json\/wp\/v2\/product\/3181","targetHints":{"allow":["GET"]}}],"collection":[{"href":"https:\/\/wpachem.com\/tr\/wp-json\/wp\/v2\/product"}],"about":[{"href":"https:\/\/wpachem.com\/tr\/wp-json\/wp\/v2\/types\/product"}],"version-history":[{"count":0,"href":"https:\/\/wpachem.com\/tr\/wp-json\/wp\/v2\/product\/3181\/revisions"}],"wp:featuredmedia":[{"embeddable":true,"href":"https:\/\/wpachem.com\/tr\/wp-json\/wp\/v2\/media\/1998"}],"wp:attachment":[{"href":"https:\/\/wpachem.com\/tr\/wp-json\/wp\/v2\/media?parent=3181"}],"wp:term":[{"taxonomy":"product_brand","embeddable":true,"href":"https:\/\/wpachem.com\/tr\/wp-json\/wp\/v2\/product_brand?post=3181"},{"taxonomy":"product_cat","embeddable":true,"href":"https:\/\/wpachem.com\/tr\/wp-json\/wp\/v2\/product_cat?post=3181"},{"taxonomy":"product_tag","embeddable":true,"href":"https:\/\/wpachem.com\/tr\/wp-json\/wp\/v2\/product_tag?post=3181"}],"curies":[{"name":"wp","href":"https:\/\/api.w.org\/{rel}","templated":true}]}}