{"id":3184,"date":"2022-11-16T09:21:19","date_gmt":"2022-11-16T09:21:19","guid":{"rendered":"http:\/\/site2.easyceotech.com\/?post_type=product&#038;p=3184"},"modified":"2024-03-12T08:02:00","modified_gmt":"2024-03-12T08:02:00","slug":"ferulic-acid","status":"publish","type":"product","link":"https:\/\/wpachem.com\/tr\/urun\/ferulic-acid\/","title":{"rendered":"Ferulik asit"},"content":{"rendered":"<p><strong>girii\u015f<\/strong><\/p>\n<p>Ferulik asit, kimyasal olarak 4-hidroksi-metoksi sinamik asit olarak bilinen sinamik asidin (sinnamik asit) bir t\u00fcrevidir. Ferulik asit, bitki aleminde yayg\u0131n olarak bulunan bir t\u00fcr fenolik asittir. Serbest radikalleri temizleme, anti-tromboz, antibakteriyel ve anti-inflamatuar, t\u00fcm\u00f6r\u00fc engelleme, hipertansiyonu, kalp hastal\u0131\u011f\u0131n\u0131 \u00f6nleme, sperm hareketlili\u011fini art\u0131rma vb. gibi bir\u00e7ok sa\u011fl\u0131k i\u015flevine sahiptir. Ferulik asit, hidrojen peroksit, s\u00fcperoksit serbest radikali, hidroksil serbest radikali ve nitrozo peroksil \u00fczerinde g\u00fc\u00e7l\u00fc bir temizleme etkisine sahip olan iyi bir antioksidan aktiviteye sahiptir. Fizyolojik i\u015flevleri d\u00fczenleyebilir, serbest baz enzimlerinin \u00fcretimini engelleyebilir ve serbest radikal temizleme enzimlerinin aktivitesini art\u0131rabilir. Ayr\u0131ca etkinli\u011fini art\u0131rmak i\u00e7in di\u011fer antioksidanlarla birlikte \u00e7al\u0131\u015f\u0131r. Ferulik asidin antioksidan aktivitesi UV maruziyetiyle artm\u0131\u015ft\u0131r, bu da cildin g\u00fcne\u015f hasar\u0131ndan korunmas\u0131na yard\u0131mc\u0131 olabilece\u011fini d\u00fc\u015f\u00fcnd\u00fcrmektedir.<\/p>\n<p>&nbsp;<\/p>\n<p><strong>Etkinlik \u00f6zellikleri<\/strong><br \/>\nBeyazlatma, fotoya\u015flanma kar\u015f\u0131t\u0131, oksidasyon kar\u015f\u0131t\u0131, UV kar\u015f\u0131t\u0131, antibakteriyel, iltihap kar\u015f\u0131t\u0131, t\u00fcm\u00f6r kar\u015f\u0131t\u0131<\/p>\n<p><strong>Antioksidan kapasitesi.<\/strong><br \/>\n\u00c7ok say\u0131da \u00e7al\u0131\u015fma g\u00f6stermi\u015ftir ki: ferulik asit iyi bir antioksidan aktiviteye sahiptir. Hidrojen peroksit, s\u00fcperoksit radikali, hidroksil radikali ve peroksinitrit \u00fczerinde g\u00fc\u00e7l\u00fc bir temizleyici etkiye sahiptir ve serbest radikaller \u00fcreten enzimleri inhibe edebilir ve temizleyebilir, serbest radikallerin h\u00fccre zarlar\u0131 ve DNA \u00fczerindeki oksidatif hasar\u0131n\u0131 ortadan kald\u0131rabilir ve organizmay\u0131 serbest radikallerin hasar\u0131ndan koruyabilir.<\/p>\n<p><strong>\u00dcr\u00fcn Uygulamas\u0131<\/strong><br \/>\nBeyazlat\u0131c\u0131 \u00fcr\u00fcnler, ya\u015flanma kar\u015f\u0131t\u0131 \u00fcr\u00fcnler, g\u00fcne\u015f koruyucu \u00fcr\u00fcnler, esans, maske, losyon vb.<\/p>\n<p><strong>\u00d6nerilen dozaj\uff1a<\/strong>0,5 ila 1,0%<\/p>\n<p><strong>Paketleme\uff1a<\/strong>1KG\/ torba (PE fermuarl\u0131 po\u015fetle kapl\u0131 al\u00fcminyum folyo torba), 25KG\/ varil<\/p>","protected":false},"excerpt":{"rendered":"<p>INCI Ad\u0131: Ferulik asit<\/p>\n<p>Molek\u00fcler Form\u00fcl: C10H10O4<\/p>\n<p>CAS Numaras\u0131: 1135-24-6<\/p>\n<p>EINECS&#039;ler: 214-490-0<\/p>\n<p>G\u00f6r\u00fcn\u00fcm: Beyaz ila kirli beyaz toz<\/p>\n<p>Safl\u0131k: \u226599%<\/p>","protected":false},"featured_media":2154,"template":"","meta":{"_acf_changed":false,"_gspb_post_css":""},"product_brand":[],"product_cat":[60],"product_tag":[],"class_list":{"0":"post-3184","1":"product","2":"type-product","3":"status-publish","4":"has-post-thumbnail","6":"product_cat-cosmetic-ingredients","8":"first","9":"instock","10":"shipping-taxable","11":"product-type-simple"},"acf":[],"_links":{"self":[{"href":"https:\/\/wpachem.com\/tr\/wp-json\/wp\/v2\/product\/3184","targetHints":{"allow":["GET"]}}],"collection":[{"href":"https:\/\/wpachem.com\/tr\/wp-json\/wp\/v2\/product"}],"about":[{"href":"https:\/\/wpachem.com\/tr\/wp-json\/wp\/v2\/types\/product"}],"version-history":[{"count":0,"href":"https:\/\/wpachem.com\/tr\/wp-json\/wp\/v2\/product\/3184\/revisions"}],"wp:featuredmedia":[{"embeddable":true,"href":"https:\/\/wpachem.com\/tr\/wp-json\/wp\/v2\/media\/2154"}],"wp:attachment":[{"href":"https:\/\/wpachem.com\/tr\/wp-json\/wp\/v2\/media?parent=3184"}],"wp:term":[{"taxonomy":"product_brand","embeddable":true,"href":"https:\/\/wpachem.com\/tr\/wp-json\/wp\/v2\/product_brand?post=3184"},{"taxonomy":"product_cat","embeddable":true,"href":"https:\/\/wpachem.com\/tr\/wp-json\/wp\/v2\/product_cat?post=3184"},{"taxonomy":"product_tag","embeddable":true,"href":"https:\/\/wpachem.com\/tr\/wp-json\/wp\/v2\/product_tag?post=3184"}],"curies":[{"name":"wp","href":"https:\/\/api.w.org\/{rel}","templated":true}]}}