{"id":3187,"date":"2022-11-16T09:20:40","date_gmt":"2022-11-16T09:20:40","guid":{"rendered":"http:\/\/site2.easyceotech.com\/?post_type=product&#038;p=3187"},"modified":"2024-03-12T08:02:07","modified_gmt":"2024-03-12T08:02:07","slug":"pterostilbene","status":"publish","type":"product","link":"https:\/\/wpachem.com\/tr\/urun\/pterostilbene\/","title":{"rendered":"Pterostilben"},"content":{"rendered":"<p><strong>girii\u015f<\/strong><\/p>\n<p>Astragalus purpureus bile\u015feni, bu y\u00fczy\u0131lda ke\u015ffedilen en iyi do\u011fal bitkisel ya\u015flanma kar\u015f\u0131t\u0131 maddelerden biridir. Astragalus purpureus, zengin t\u0131bbi de\u011fere sahip beyaz veya k\u0131r\u0131k beyaz bir toz kristaldir ve kan kurutulmu\u015f \u00fcr\u00fcnlerdeki antifungal aktif bile\u015fenlere aittir. Bir trans-stilben bile\u015fi\u011fi olarak Astragalus purpureus, antioksidan, antit\u00fcm\u00f6r, hipolipidemik ve antibakteriyel gibi \u00e7e\u015fitli biyolojik aktivitelere sahip resveratrol\u00fcn metillenmi\u015f bir t\u00fcrevidir.<\/p>\n<p>Resveratrol ile benzer bir mekanizmaya sahipken, resveratrolden daha iyi etkiye, daha iyi emilime ve daha y\u00fcksek ve daha kararl\u0131 biyoyararlan\u0131ma sahip dimetillenmi\u015f bir t\u00fcrevdir. Resveratrol\u00fcnkine benzer bir molek\u00fcler yap\u0131ya sahiptir, tek fark\u0131 hidroksil grubunun iki metoksi grubu olan metoksi ile de\u011fi\u015ftirilmesidir ve resveratrol ile kar\u015f\u0131la\u015ft\u0131r\u0131ld\u0131\u011f\u0131nda daha kararl\u0131d\u0131r, bu da onu daha etkili bir antioksidan bile\u015fen yapar. G\u00fcl a\u011fac\u0131, resveratrol\u00fcn sahip olmad\u0131\u011f\u0131 iNOS ve COX-2 gen ifadesini a\u015fa\u011f\u0131 d\u00fczenleyerek ba\u011f dokusunun sa\u011fl\u0131\u011f\u0131n\u0131 destekleyebilir.<\/p>\n<p>Benzersiz yap\u0131s\u0131 nedeniyle resveratrolden daha g\u00fc\u00e7l\u00fc antifungal aktiviteye sahiptir (resveratrolden 5 kat daha fazla antifungal aktivite).<\/p>\n<p><strong>Etkinlik \u00f6zellikleri.<\/strong><\/p>\n<p>\u00dcst d\u00fczey, beyazlat\u0131c\u0131, ya\u015flanma kar\u015f\u0131t\u0131<\/p>\n<p>G\u00fcl A\u011fac\u0131 Astragalus insan v\u00fccudu \u00fczerinde olumlu sa\u011fl\u0131k etkilerine sahip olup t\u0131p, g\u0131da ve kozmetik gibi \u00e7e\u015fitli alanlarda yayg\u0131n olarak kullan\u0131lmaktad\u0131r.<br \/>\n\u0130nsan hastal\u0131klar\u0131n\u0131n tedavisinde Astragalus purpureus&#039;un iltihap giderici, spazm giderici ve \u00fclser giderici etkileri vard\u0131r, cilt savunmas\u0131n\u0131 art\u0131r\u0131r, cilt gerginli\u011fini azalt\u0131r ve kanser tedavisinde \u00f6nemli t\u0131bbi etkinli\u011fi vard\u0131r.<br \/>\nT\u0131bbi g\u00fczellikte Astragalus, melanin bask\u0131lay\u0131c\u0131, iltihap giderici, g\u00fcne\u015f hasar\u0131, cilt t\u00fcm\u00f6rleri vb. ama\u00e7larla haricen kullan\u0131labilir. \u00d6zellikle antioksidan alan\u0131nda etkili bir do\u011fal antioksidan olarak yurti\u00e7inde ve yurtd\u0131\u015f\u0131nda yayg\u0131n olarak \u00f6v\u00fclm\u00fc\u015ft\u00fcr.<br \/>\nG\u00fcnl\u00fck sa\u011fl\u0131k bak\u0131m\u0131nda Astragalus i\u00e7ten al\u0131nabilir, kalbi sakinle\u015ftirici, zihni yat\u0131\u015ft\u0131r\u0131c\u0131, kan detoksunu aktive edici etkiye sahiptir.<\/p>","protected":false},"excerpt":{"rendered":"<p>INCI Ad\u0131: PTEROCARPUS MARSUPIUM Kabuk \u00d6z\u00fc veya PTEROCARPUS SANTALINUS A\u011eA\u00c7 \u00d6Z\u00dc<\/p>\n<p>Molek\u00fcler a\u011f\u0131rl\u0131k: 256.3<\/p>\n<p>Molek\u00fcler form\u00fcl: C16H16O3<\/p>\n<p>CAS Numaras\u0131: 537-42-8<\/p>\n<p>EINECS Numaras\u0131: 611-041-4<\/p>\n<p>G\u00f6r\u00fcn\u00fcm: Beyaz kristal toz<\/p>\n<p>Safl\u0131k: \u226599%<\/p>","protected":false},"featured_media":1974,"template":"","meta":{"_acf_changed":false,"_gspb_post_css":""},"product_brand":[],"product_cat":[60],"product_tag":[],"class_list":{"0":"post-3187","1":"product","2":"type-product","3":"status-publish","4":"has-post-thumbnail","6":"product_cat-cosmetic-ingredients","8":"first","9":"instock","10":"shipping-taxable","11":"product-type-simple"},"acf":[],"_links":{"self":[{"href":"https:\/\/wpachem.com\/tr\/wp-json\/wp\/v2\/product\/3187","targetHints":{"allow":["GET"]}}],"collection":[{"href":"https:\/\/wpachem.com\/tr\/wp-json\/wp\/v2\/product"}],"about":[{"href":"https:\/\/wpachem.com\/tr\/wp-json\/wp\/v2\/types\/product"}],"version-history":[{"count":0,"href":"https:\/\/wpachem.com\/tr\/wp-json\/wp\/v2\/product\/3187\/revisions"}],"wp:featuredmedia":[{"embeddable":true,"href":"https:\/\/wpachem.com\/tr\/wp-json\/wp\/v2\/media\/1974"}],"wp:attachment":[{"href":"https:\/\/wpachem.com\/tr\/wp-json\/wp\/v2\/media?parent=3187"}],"wp:term":[{"taxonomy":"product_brand","embeddable":true,"href":"https:\/\/wpachem.com\/tr\/wp-json\/wp\/v2\/product_brand?post=3187"},{"taxonomy":"product_cat","embeddable":true,"href":"https:\/\/wpachem.com\/tr\/wp-json\/wp\/v2\/product_cat?post=3187"},{"taxonomy":"product_tag","embeddable":true,"href":"https:\/\/wpachem.com\/tr\/wp-json\/wp\/v2\/product_tag?post=3187"}],"curies":[{"name":"wp","href":"https:\/\/api.w.org\/{rel}","templated":true}]}}