{"id":3190,"date":"2022-11-16T09:20:59","date_gmt":"2022-11-16T09:20:59","guid":{"rendered":"http:\/\/site2.easyceotech.com\/?post_type=product&#038;p=3190"},"modified":"2024-03-12T08:02:05","modified_gmt":"2024-03-12T08:02:05","slug":"glycerol-glucoside","status":"publish","type":"product","link":"https:\/\/wpachem.com\/tr\/urun\/glycerol-glucoside\/","title":{"rendered":"Gliserol Glukozit"},"content":{"rendered":"<p><strong>girii\u015f<\/strong><\/p>\n<p>Gliserol glukozit, gliserol molek\u00fclleri ve glikoz molek\u00fcllerinin glikozidik ba\u011flarla ba\u011flanmas\u0131yla olu\u015fan bir glikozit s\u0131n\u0131f\u0131d\u0131r ve cilt nemlendirme, dermal h\u00fccrelerde kolajen sentezini te\u015fvik etme ve ya\u015flanan h\u00fccrelerin metabolik h\u0131z\u0131n\u0131 art\u0131rma i\u015flevlerine sahiptir. Son on y\u0131lda kozmetik end\u00fcstrisinde m\u00fckemmelli\u011fi vurgulanm\u0131\u015f ve uygulanan \u00fcr\u00fcn say\u0131s\u0131 ve d\u0131\u015f pazarlarda t\u00fcketimi h\u0131zla artmaktad\u0131r.<\/p>\n<p><strong>Etkinlik \u00f6zellikleri<\/strong><\/p>\n<ul>\n<li>G\u00fc\u00e7l\u00fc ve uzun s\u00fcreli nemlendirme ve su tutma i\u015flevi<\/li>\n<li>Su kanal\u0131 protein ekspresyonunu art\u0131r\u0131n, h\u00fccre zar\u0131n\u0131 koruyun ve su kayb\u0131n\u0131 \u00f6nleyin<\/li>\n<li>H\u00fccre canl\u0131l\u0131\u011f\u0131n\u0131 harekete ge\u00e7irin ve cilt h\u00fccresi metabolizmas\u0131n\u0131 h\u0131zland\u0131r\u0131n<\/li>\n<li>Cilt h\u00fccrelerinin antioksidan \u00f6zelliklerini art\u0131r\u0131r<\/li>\n<li>Tip I kollajen \u00f6nc\u00fcllerinin sentezini destekler<\/li>\n<li>Cilt k\u0131zar\u0131kl\u0131\u011f\u0131n\u0131 azalt\u0131r ve d\u00f6k\u00fcnt\u00fclerle sava\u015f\u0131r<\/li>\n<li>Yara iyile\u015fmesini ve doku onar\u0131m\u0131n\u0131 h\u0131zland\u0131r\u0131n<\/li>\n<\/ul>\n<p><strong>\u00dcr\u00fcn Uygulamas\u0131<\/strong><br \/>\nHer t\u00fcrl\u00fc y\u00fcz maskesi, cilt bak\u0131m\u0131, temizlik, sa\u00e7, makyaj ve di\u011fer \u00fcr\u00fcnler i\u00e7in uygundur.<\/p>\n<p><strong>Tavsiye edilen ilave miktar<\/strong><\/p>\n<ul>\n<li>Genel \u00fcr\u00fcnler: 0.05 ~ 2.0%<\/li>\n<li>Oksidasyon \u00fcr\u00fcnleri: 1.0%<\/li>\n<li>Sa\u00e7lar\u0131 g\u00fc\u00e7lendiren sa\u00e7 bak\u0131m \u00fcr\u00fcnleri: 0,5 ila 1,0%<\/li>\n<\/ul>\n<p><strong>Paketleme: <\/strong>1KG\/ torba (PE fermuarl\u0131 po\u015fetle kapl\u0131 al\u00fcminyum folyo torba), 25KG\/ varil<\/p>","protected":false},"excerpt":{"rendered":"<p>INCI Ad\u0131: Gliseril Glukozit<\/p>\n<p>Molek\u00fcler form\u00fcl: C9H18O8<\/p>\n<p>CAS Numaras\u0131: 22160-26-5<\/p>\n<p>G\u00f6r\u00fcn\u00fcm: Beyaz ila kirli beyaz toz<\/p>\n<p>Safl\u0131k: \u226599%<\/p>","protected":false},"featured_media":2180,"template":"","meta":{"_acf_changed":false,"_gspb_post_css":""},"product_brand":[],"product_cat":[60],"product_tag":[],"class_list":{"0":"post-3190","1":"product","2":"type-product","3":"status-publish","4":"has-post-thumbnail","6":"product_cat-cosmetic-ingredients","8":"first","9":"instock","10":"shipping-taxable","11":"product-type-simple"},"acf":[],"_links":{"self":[{"href":"https:\/\/wpachem.com\/tr\/wp-json\/wp\/v2\/product\/3190","targetHints":{"allow":["GET"]}}],"collection":[{"href":"https:\/\/wpachem.com\/tr\/wp-json\/wp\/v2\/product"}],"about":[{"href":"https:\/\/wpachem.com\/tr\/wp-json\/wp\/v2\/types\/product"}],"version-history":[{"count":0,"href":"https:\/\/wpachem.com\/tr\/wp-json\/wp\/v2\/product\/3190\/revisions"}],"wp:featuredmedia":[{"embeddable":true,"href":"https:\/\/wpachem.com\/tr\/wp-json\/wp\/v2\/media\/2180"}],"wp:attachment":[{"href":"https:\/\/wpachem.com\/tr\/wp-json\/wp\/v2\/media?parent=3190"}],"wp:term":[{"taxonomy":"product_brand","embeddable":true,"href":"https:\/\/wpachem.com\/tr\/wp-json\/wp\/v2\/product_brand?post=3190"},{"taxonomy":"product_cat","embeddable":true,"href":"https:\/\/wpachem.com\/tr\/wp-json\/wp\/v2\/product_cat?post=3190"},{"taxonomy":"product_tag","embeddable":true,"href":"https:\/\/wpachem.com\/tr\/wp-json\/wp\/v2\/product_tag?post=3190"}],"curies":[{"name":"wp","href":"https:\/\/api.w.org\/{rel}","templated":true}]}}