{"id":3193,"date":"2022-11-16T09:20:18","date_gmt":"2022-11-16T09:20:18","guid":{"rendered":"http:\/\/site2.easyceotech.com\/?post_type=product&#038;p=3193"},"modified":"2024-03-12T08:02:13","modified_gmt":"2024-03-12T08:02:13","slug":"hydroxypinacolone-retinoate-hpr","status":"publish","type":"product","link":"https:\/\/wpachem.com\/tr\/urun\/hydroxypinacolone-retinoate-hpr\/","title":{"rendered":"Hidroksipinakolon Retinoat (HPR)"},"content":{"rendered":"<p><strong>girii\u015f<\/strong><\/p>\n<p>Hidroksipinakol Retinoid (HPR), di\u011fer retinoid \u00fcr\u00fcnlerine k\u0131yasla metabolik d\u00f6n\u00fc\u015f\u00fcm olmadan (retinoidler genellikle ciltte iki d\u00f6n\u00fc\u015f\u00fcm a\u015famas\u0131 gerektirir) do\u011frudan agonistler arac\u0131l\u0131\u011f\u0131yla \u00e7al\u0131\u015ft\u0131\u011f\u0131n\u0131 g\u00f6steren devrim niteli\u011finde yeni bir retinoiddir, daha az tahri\u015f edicidir, ancak olduk\u00e7a g\u00fc\u00e7l\u00fcd\u00fcr, daha kararl\u0131d\u0131r ve oksidatif ba\u015far\u0131s\u0131zl\u0131\u011fa daha az duyarl\u0131d\u0131r. G\u00fcvenli, etkili bir ya\u015flanma kar\u015f\u0131t\u0131d\u0131r (ince \u00e7izgileri ve k\u0131r\u0131\u015f\u0131kl\u0131klar\u0131 azaltmada, pigmentasyonu azaltmada etkilidir) ve akne kar\u015f\u0131t\u0131d\u0131r.<\/p>\n<p><strong>Etkinlik \u00f6zellikleri<\/strong><\/p>\n<ul>\n<li>\u0130nce \u00e7izgileri ve k\u0131r\u0131\u015f\u0131kl\u0131klar\u0131 iyile\u015ftirir<\/li>\n<li>Anti-oksidasyon<\/li>\n<li>Epidermal pigmentasyonu hafifletir ve cilt p\u00fcr\u00fczl\u00fcl\u00fc\u011f\u00fcn\u00fc azalt\u0131r<\/li>\n<li>Ya\u015fl\u0131l\u0131k lekelerini ve cilt soyulmas\u0131n\u0131 azalt\u0131r<\/li>\n<li>Sivilceleri tedavi eder<\/li>\n<li>Sebum \u00fcretimini engellemek i\u00e7in ya\u011f\u0131 kontrol edin<\/li>\n<li>Kolajen \u00fcretimini destekler<\/li>\n<li>Retinole k\u0131yasla daha y\u00fcksek stabilite ve daha d\u00fc\u015f\u00fck uyar\u0131m<\/li>\n<\/ul>\n<p><strong>\u00dcr\u00fcn Uygulamas\u0131:<\/strong><br \/>\nY\u00fcz maskesi, esans, gece kremi ve di\u011fer cilt bak\u0131m \u00fcr\u00fcnleri i\u00e7in uygundur, \u00f6zellikle ya\u015flanma kar\u015f\u0131t\u0131, k\u0131r\u0131\u015f\u0131kl\u0131k giderici \u00fcr\u00fcnler i\u00e7in \u00f6nerilir.<\/p>\n<p><strong>\u00d6nerilen dozaj:<\/strong> 0.001~0.3%<\/p>\n<p><strong>Ambalajlama :<\/strong> PE Ziplock po\u015fetle kapl\u0131 al\u00fcminyum folyo po\u015fet<\/p>","protected":false},"excerpt":{"rendered":"<p>INCI Ad\u0131: Hidroksipinakolon Retinoat<\/p>\n<p>Molek\u00fcler form\u00fcl: C26H38O3<\/p>\n<p>CAS Numaras\u0131: 893412-73-2<\/p>\n<p>G\u00f6r\u00fcn\u00fcm: Sar\u0131 toz (S\u0131v\u0131 standart: a\u00e7\u0131k sar\u0131 ila sar\u0131 s\u0131v\u0131)<\/p>\n<p>Safl\u0131k: \u226598% (S\u0131v\u0131 standard\u0131: \u226510% (DMI&#039;de \u00e7\u00f6z\u00fclm\u00fc\u015f))<\/p>","protected":false},"featured_media":2096,"template":"","meta":{"_acf_changed":false,"_gspb_post_css":""},"product_brand":[],"product_cat":[60],"product_tag":[],"class_list":{"0":"post-3193","1":"product","2":"type-product","3":"status-publish","4":"has-post-thumbnail","6":"product_cat-cosmetic-ingredients","8":"first","9":"instock","10":"shipping-taxable","11":"product-type-simple"},"acf":[],"_links":{"self":[{"href":"https:\/\/wpachem.com\/tr\/wp-json\/wp\/v2\/product\/3193","targetHints":{"allow":["GET"]}}],"collection":[{"href":"https:\/\/wpachem.com\/tr\/wp-json\/wp\/v2\/product"}],"about":[{"href":"https:\/\/wpachem.com\/tr\/wp-json\/wp\/v2\/types\/product"}],"version-history":[{"count":0,"href":"https:\/\/wpachem.com\/tr\/wp-json\/wp\/v2\/product\/3193\/revisions"}],"wp:featuredmedia":[{"embeddable":true,"href":"https:\/\/wpachem.com\/tr\/wp-json\/wp\/v2\/media\/2096"}],"wp:attachment":[{"href":"https:\/\/wpachem.com\/tr\/wp-json\/wp\/v2\/media?parent=3193"}],"wp:term":[{"taxonomy":"product_brand","embeddable":true,"href":"https:\/\/wpachem.com\/tr\/wp-json\/wp\/v2\/product_brand?post=3193"},{"taxonomy":"product_cat","embeddable":true,"href":"https:\/\/wpachem.com\/tr\/wp-json\/wp\/v2\/product_cat?post=3193"},{"taxonomy":"product_tag","embeddable":true,"href":"https:\/\/wpachem.com\/tr\/wp-json\/wp\/v2\/product_tag?post=3193"}],"curies":[{"name":"wp","href":"https:\/\/api.w.org\/{rel}","templated":true}]}}