{"id":3196,"date":"2022-11-16T09:19:57","date_gmt":"2022-11-16T09:19:57","guid":{"rendered":"http:\/\/site2.easyceotech.com\/?post_type=product&#038;p=3196"},"modified":"2024-03-12T08:02:54","modified_gmt":"2024-03-12T08:02:54","slug":"dimethylmethoxy-chromanol","status":"publish","type":"product","link":"https:\/\/wpachem.com\/tr\/urun\/dimethylmethoxy-chromanol\/","title":{"rendered":"Dimetilmetoksi kromanol"},"content":{"rendered":"<p><strong>girii\u015f<\/strong><\/p>\n<p>Profesyonel\u201d serbest radikal temizleme, RNS ve RCS \u00e7ift temizleme etkisi ve tekli oksijen aktivitesinin etkili temizlenmesi, insan h\u00fccresi lipid peroksidasyonunu azalt\u0131r, fotooksidasyona direnir, DNA&#039;y\u0131 korur, h\u00fccre canl\u0131l\u0131\u011f\u0131n\u0131 iyile\u015ftirir, oksidatif stresi azalt\u0131r, \u00f6zellikle ya\u015flanma kar\u015f\u0131t\u0131, erken ya\u015flanma kar\u015f\u0131t\u0131 \u00fcr\u00fcnler i\u00e7in uygundur.<\/p>\n<p><strong>Etkinlik \u00f6zellikleri<\/strong><\/p>\n<ul>\n<li>RNS ve RCS&#039;nin ikili temizleme etkisi<\/li>\n<li>Singlet oksijen aktivitesinin etkili bir \u015fekilde temizlenmesi<\/li>\n<li>Peroksinitrit anyonu taraf\u0131ndan ind\u00fcklenen ya\u011f peroksidasyonunu etkili bir \u015fekilde engeller<\/li>\n<li>Peroksinitrit anyonu ve azot oksit i\u00e7eren jenerasyondan kaynaklanan cilt hasar\u0131n\u0131 \u00f6nler<\/li>\n<li>Oksijen radikallerinin \u00fcretimini engelleyerek UVA fotohasar\u0131na kar\u015f\u0131 koruma sa\u011flar<\/li>\n<li>D\u00fc\u015f\u00fck konsantrasyonlarda ya\u011flar\u0131n peroksidasyonunu engeller<\/li>\n<li>Esansiyel ya\u011flardaki ya\u011flar\u0131n peroksidasyonunu \u00f6nler<\/li>\n<li>\u0130nsan fibroblastlar\u0131n\u0131 oksidatif strese kar\u015f\u0131 korur<\/li>\n<\/ul>\n<p><strong>\u00dcr\u00fcn Uygulamas\u0131<\/strong><br \/>\nY\u00fcz maskesi, esans, gece kremi, dudak kremi, u\u00e7ucu ya\u011f ve di\u011fer cilt bak\u0131m \u00fcr\u00fcnleri i\u00e7in uygundur, \u00f6zellikle ya\u015flanma kar\u015f\u0131t\u0131, erken ya\u015flanmay\u0131 \u00f6nleyici ve di\u011fer \u00fcr\u00fcnler i\u00e7in \u00f6nerilir.<\/p>\n<p>&nbsp;<\/p>\n<p><strong>Paketleme :<\/strong> 1KG\/ torba (PE Ziplock po\u015fetle kapl\u0131 al\u00fcminyum folyo torba), 25KG\/ varil<\/p>","protected":false},"excerpt":{"rendered":"<p>Kimyasal ad\u0131: 7-metoksi-2,2-dimetil-6-kromanol<\/p>\n<p>INCI Ad\u0131: Dimetilmetoksikromanol<\/p>\n<p>Molek\u00fcler form\u00fcl: C12H16O3<\/p>\n<p>CAS Numaras\u0131: 83923-51-7<\/p>\n<p>G\u00f6r\u00fcn\u00fcm: Beyaz ila kirli beyaz toz<\/p>\n<p>Safl\u0131k: \u226599%<\/p>","protected":false},"featured_media":2138,"template":"","meta":{"_acf_changed":false,"_gspb_post_css":""},"product_brand":[],"product_cat":[60],"product_tag":[],"class_list":{"0":"post-3196","1":"product","2":"type-product","3":"status-publish","4":"has-post-thumbnail","6":"product_cat-cosmetic-ingredients","8":"first","9":"instock","10":"shipping-taxable","11":"product-type-simple"},"acf":[],"_links":{"self":[{"href":"https:\/\/wpachem.com\/tr\/wp-json\/wp\/v2\/product\/3196","targetHints":{"allow":["GET"]}}],"collection":[{"href":"https:\/\/wpachem.com\/tr\/wp-json\/wp\/v2\/product"}],"about":[{"href":"https:\/\/wpachem.com\/tr\/wp-json\/wp\/v2\/types\/product"}],"version-history":[{"count":0,"href":"https:\/\/wpachem.com\/tr\/wp-json\/wp\/v2\/product\/3196\/revisions"}],"wp:featuredmedia":[{"embeddable":true,"href":"https:\/\/wpachem.com\/tr\/wp-json\/wp\/v2\/media\/2138"}],"wp:attachment":[{"href":"https:\/\/wpachem.com\/tr\/wp-json\/wp\/v2\/media?parent=3196"}],"wp:term":[{"taxonomy":"product_brand","embeddable":true,"href":"https:\/\/wpachem.com\/tr\/wp-json\/wp\/v2\/product_brand?post=3196"},{"taxonomy":"product_cat","embeddable":true,"href":"https:\/\/wpachem.com\/tr\/wp-json\/wp\/v2\/product_cat?post=3196"},{"taxonomy":"product_tag","embeddable":true,"href":"https:\/\/wpachem.com\/tr\/wp-json\/wp\/v2\/product_tag?post=3196"}],"curies":[{"name":"wp","href":"https:\/\/api.w.org\/{rel}","templated":true}]}}