{"id":3199,"date":"2022-11-16T09:19:40","date_gmt":"2022-11-16T09:19:40","guid":{"rendered":"http:\/\/site2.easyceotech.com\/?post_type=product&#038;p=3199"},"modified":"2024-03-12T08:02:57","modified_gmt":"2024-03-12T08:02:57","slug":"piroctone-olamine-po-oct","status":"publish","type":"product","link":"https:\/\/wpachem.com\/tr\/urun\/piroctone-olamine-po-oct\/","title":{"rendered":"Piroctone Olamine (PO; OCT)"},"content":{"rendered":"<p><strong>girii\u015f<\/strong><\/p>\n<p>Piroctone ethanolamine tuzu, \u015fu ana kadar sa\u00e7ta b\u0131rak\u0131lan \u00fcr\u00fcnlerde kullan\u0131labilen tek kepek \u00f6nleyici ve ka\u015f\u0131nt\u0131 \u00f6nleyici maddedir. Piroctone ethanolamine tuzu, mantar ve k\u00fcfler \u00fczerinde geni\u015f spektrumlu bir \u00f6ld\u00fcr\u00fcc\u00fc etkiye sahiptir ve ayak ve ellerde g\u00f6r\u00fclen sa\u00e7k\u0131ran \u00fczerinde iyi bir terap\u00f6tik etkiye sahiptir. Kozmetiklerde koruyucu ve sabunlarda mantar ilac\u0131 olarak kullan\u0131labilir ve koyula\u015ft\u0131r\u0131c\u0131 \u00f6zelliklere sahiptir. Bu nedenle, Piroctone ethanolamine tuzu, \u015fampuan, banyo, kozmetik ve deterjanlarda yayg\u0131n olarak kullan\u0131lan \u00e7ok i\u015flevli bir kepek \u00f6nleyici ve ka\u015f\u0131nt\u0131 \u00f6nleyici antiseptiktir.<\/p>\n<p><strong>Etkinlik \u00f6zellikleri.<\/strong><\/p>\n<ul>\n<li>Geni\u015f spektrumlu antibakteriyel ve nipagin esteri i\u00e7ermeyen, formaldehit salmayan g\u00f6vde<\/li>\n<li>Malassezia&#039;n\u0131n etkili inhibisyonu, kepek \u00f6nleyici ve ka\u015f\u0131nt\u0131 \u00f6nleyici, kafa derisi iltihab\u0131n\u0131 yat\u0131\u015ft\u0131r\u0131r<\/li>\n<li>G\u00fcvenli, hafif, d\u00fc\u015f\u00fck tahri\u015f, sa\u00e7 d\u00f6k\u00fclmesine veya sa\u00e7 k\u0131r\u0131lmas\u0131na neden olmaz<\/li>\n<li>ZPT\u2019nin kullan\u0131m\u0131 s\u0131n\u0131rl\u0131 oldu\u011fundan, OCT son derece uygun bir alternatif \u00fcr\u00fcn iken, form\u00fclasyonda esnek kullan\u0131lmas\u0131, \u015feffaf form\u00fclasyonlara uygun olmas\u0131, s\u00fcspansiyon stabilizat\u00f6r\u00fc i\u00e7ermemesi; ayr\u0131ca s\u00fclfat form\u00fclasyonunda k\u0131vamla\u015ft\u0131r\u0131c\u0131 madde rol\u00fc oynayabilmektedir.<\/li>\n<li>Cilt y\u00fczeyindeki sebum salg\u0131s\u0131n\u0131 azaltabilir, ya\u011fl\u0131 sa\u00e7 derisi ve ciltler i\u00e7in uygundur, erkek form\u00fclleri, akne kar\u015f\u0131t\u0131 etkide iken, akneli cilt rahatlamas\u0131<\/li>\n<\/ul>\n<p>&nbsp;<\/p>\n<p><strong>\u00dcr\u00fcn Uygulamas\u0131:<\/strong><br \/>\nKepek giderici \u015fampuan, durulanmayan sa\u00e7 kremi, koku giderici bakteriyostatik sprey, evcil hayvan y\u0131kama ve di\u011fer \u00fcr\u00fcnler i\u00e7in uygundur<\/p>\n<p><strong>Paketleme : <\/strong>1KG\/ torba (PE fermuarl\u0131 po\u015fetle kapl\u0131 al\u00fcminyum folyo torba), 25KG\/ varil<\/p>","protected":false},"excerpt":{"rendered":"<p>Kimyasal ad\u0131: 1-Hidroksi-4-metil-6-(2,4,4-trimetilpentil)-2(IH)-piridon<\/p>\n<p>INCI Ad\u0131: Piroctone ethanolamine tuzu<\/p>\n<p>Molek\u00fcler form\u00fcl: C16H30N2O3<\/p>\n<p>CAS Numaras\u0131: 68890-66-4<\/p>\n<p>G\u00f6r\u00fcn\u00fcm: Beyaz veya kirli beyaz toz<\/p>\n<p>Safl\u0131k: \u226599%<\/p>","protected":false},"featured_media":2181,"template":"","meta":{"_acf_changed":false,"_gspb_post_css":""},"product_brand":[],"product_cat":[60],"product_tag":[],"class_list":{"0":"post-3199","1":"product","2":"type-product","3":"status-publish","4":"has-post-thumbnail","6":"product_cat-cosmetic-ingredients","8":"first","9":"instock","10":"shipping-taxable","11":"product-type-simple"},"acf":[],"_links":{"self":[{"href":"https:\/\/wpachem.com\/tr\/wp-json\/wp\/v2\/product\/3199","targetHints":{"allow":["GET"]}}],"collection":[{"href":"https:\/\/wpachem.com\/tr\/wp-json\/wp\/v2\/product"}],"about":[{"href":"https:\/\/wpachem.com\/tr\/wp-json\/wp\/v2\/types\/product"}],"version-history":[{"count":0,"href":"https:\/\/wpachem.com\/tr\/wp-json\/wp\/v2\/product\/3199\/revisions"}],"wp:featuredmedia":[{"embeddable":true,"href":"https:\/\/wpachem.com\/tr\/wp-json\/wp\/v2\/media\/2181"}],"wp:attachment":[{"href":"https:\/\/wpachem.com\/tr\/wp-json\/wp\/v2\/media?parent=3199"}],"wp:term":[{"taxonomy":"product_brand","embeddable":true,"href":"https:\/\/wpachem.com\/tr\/wp-json\/wp\/v2\/product_brand?post=3199"},{"taxonomy":"product_cat","embeddable":true,"href":"https:\/\/wpachem.com\/tr\/wp-json\/wp\/v2\/product_cat?post=3199"},{"taxonomy":"product_tag","embeddable":true,"href":"https:\/\/wpachem.com\/tr\/wp-json\/wp\/v2\/product_tag?post=3199"}],"curies":[{"name":"wp","href":"https:\/\/api.w.org\/{rel}","templated":true}]}}