{"id":3202,"date":"2022-11-16T09:19:22","date_gmt":"2022-11-16T09:19:22","guid":{"rendered":"http:\/\/site2.easyceotech.com\/?post_type=product&#038;p=3202"},"modified":"2024-03-12T08:03:02","modified_gmt":"2024-03-12T08:03:02","slug":"pyridoxine-tripalmitate","status":"publish","type":"product","link":"https:\/\/wpachem.com\/tr\/urun\/pyridoxine-tripalmitate\/","title":{"rendered":"Piridoksin tripalmitat"},"content":{"rendered":"<p><strong>girii\u015f<\/strong><\/p>\n<p>Piridoksin tripalmitat, B6 vitamininin aktivitesini ve kar\u015f\u0131l\u0131k gelen etkilerini bozulmadan koruyan bir B6 t\u00fcrevidir. \u00d6rne\u011fin, sebum canl\u0131l\u0131\u011f\u0131n\u0131 d\u00fczenler, ciltteki protein ve amino asit metabolizmas\u0131n\u0131 normalle\u015ftirir, cilt p\u00fcr\u00fczl\u00fcl\u00fc\u011f\u00fcn\u00fc, akneyi ve g\u00fcne\u015f yan\u0131\u011f\u0131n\u0131 \u00f6nler, cilt mukoza zar\u0131 metabolizmas\u0131n\u0131 art\u0131rabilir ve dermatit, egzama ve akneye kar\u015f\u0131 etkilidir. VB5 gibi, VB6 da ciltte ya\u015flanma kar\u015f\u0131t\u0131 etkiye sahip olan epidermisteki hyaluronik asit i\u00e7eri\u011fini art\u0131rabilir.<\/p>\n<p><strong>Karakteristik avantajlar<\/strong><br \/>\nPiridoksin Tripalmitat ve B6 Vitamini<br \/>\nPiridoksin tri-palmitat, VB6&#039;n\u0131n temel yap\u0131s\u0131 \u00fczerine \u00fc\u00e7 palmitat\u0131n birle\u015fiminden olu\u015fan, orijinal suda \u00e7\u00f6z\u00fcnebilir \u00f6zelliklerini ester ve ya\u011fda \u00e7\u00f6z\u00fcnebilir \u00f6zelliklere d\u00f6n\u00fc\u015ft\u00fcren, geli\u015fmi\u015f emilim ve stabilite sa\u011flayan bir bile\u015fiktir.<br \/>\nPiridoksin tri-palmitat \u2013 daha iyi stabilite, pro-ester ve pro-cilt, daha iyi emilim.<\/p>\n<p><strong>Etkinlik \u00f6zellikleri<\/strong><\/p>\n<ul>\n<li>Onar\u0131m: Cilt p\u00fcr\u00fczl\u00fcl\u00fc\u011f\u00fcn\u00fc, akneyi, g\u00fcne\u015f yan\u0131\u011f\u0131n\u0131 \u00f6nler<\/li>\n<li>D\u00fczenleme: Ba\u015f derisinin protein ve aminoasit metabolizmas\u0131n\u0131 normalle\u015ftirir<\/li>\n<li>Ya\u011f kontrol\u00fc: Ya\u011f bezlerinin canl\u0131l\u0131\u011f\u0131n\u0131 d\u00fczenler ve cilt ve sa\u00e7 ya\u011f kontrol \u00fcr\u00fcn\u00fc olarak kullan\u0131labilir.<\/li>\n<li>Sa\u00e7 bak\u0131m\u0131: Sa\u00e7 k\u00f6klerini ve sa\u00e7 sa\u011fl\u0131\u011f\u0131n\u0131 koruyun ve sa\u00e7 d\u00f6k\u00fclmesini tedavi edin<\/li>\n<\/ul>\n<p><strong>Etki mekanizmas\u0131<\/strong><\/p>\n<p>Sa\u00e7 derisi bak\u0131m\u0131nda, ya\u011f\u0131 etkili bir \u015fekilde kontrol etmek ve kepek \u00fcretimini azaltmak i\u00e7in kullan\u0131l\u0131r. B6 vitamininin belirgin i\u015flevlerinden biri sa\u00e7 \u00fczerindeki etkisidir. B6 vitamini eksik oldu\u011funda, en belirgin cilt sorunu sa\u00e7 d\u00f6k\u00fclmesine neden olma e\u011filiminde olan seboreik dermatittir.<br \/>\nAyr\u0131ca B6 vitamini, k\u00fck\u00fcrt i\u00e7eren aminoasitler arac\u0131l\u0131\u011f\u0131yla sa\u00e7 ana h\u00fccreleri taraf\u0131ndan sa\u00e7 \u00fcretiminde belirleyici rol oynar. B6 vitamini eksikli\u011finde yeni sa\u00e7 ana h\u00fccrelerinin sa\u00e7 b\u00fcy\u00fcme yetene\u011fi engellenir ve b\u00fcy\u00fcme d\u00f6nemindeki sa\u00e7lar\u0131n \u00f6mr\u00fc k\u0131sal\u0131r ve seboreik dermatit nedeniyle d\u00f6k\u00fcl\u00fcr.<\/p>","protected":false},"excerpt":{"rendered":"<p>INCI Ad\u0131: Piridoksin tripalmitat<\/p>\n<p>Molek\u00fcler form\u00fcl: C56H101NO6<\/p>\n<p>CAS Numaras\u0131: 4372-46-7<\/p>\n<p>EINECS Numaras\u0131: 224-470-3<\/p>\n<p>G\u00f6r\u00fcn\u00fcm: Beyaz kristal toz<\/p>\n<p>Safl\u0131k: \u226599%<\/p>","protected":false},"featured_media":2150,"template":"","meta":{"_acf_changed":false,"_gspb_post_css":""},"product_brand":[],"product_cat":[60],"product_tag":[],"class_list":{"0":"post-3202","1":"product","2":"type-product","3":"status-publish","4":"has-post-thumbnail","6":"product_cat-cosmetic-ingredients","8":"first","9":"instock","10":"shipping-taxable","11":"product-type-simple"},"acf":[],"_links":{"self":[{"href":"https:\/\/wpachem.com\/tr\/wp-json\/wp\/v2\/product\/3202","targetHints":{"allow":["GET"]}}],"collection":[{"href":"https:\/\/wpachem.com\/tr\/wp-json\/wp\/v2\/product"}],"about":[{"href":"https:\/\/wpachem.com\/tr\/wp-json\/wp\/v2\/types\/product"}],"version-history":[{"count":0,"href":"https:\/\/wpachem.com\/tr\/wp-json\/wp\/v2\/product\/3202\/revisions"}],"wp:featuredmedia":[{"embeddable":true,"href":"https:\/\/wpachem.com\/tr\/wp-json\/wp\/v2\/media\/2150"}],"wp:attachment":[{"href":"https:\/\/wpachem.com\/tr\/wp-json\/wp\/v2\/media?parent=3202"}],"wp:term":[{"taxonomy":"product_brand","embeddable":true,"href":"https:\/\/wpachem.com\/tr\/wp-json\/wp\/v2\/product_brand?post=3202"},{"taxonomy":"product_cat","embeddable":true,"href":"https:\/\/wpachem.com\/tr\/wp-json\/wp\/v2\/product_cat?post=3202"},{"taxonomy":"product_tag","embeddable":true,"href":"https:\/\/wpachem.com\/tr\/wp-json\/wp\/v2\/product_tag?post=3202"}],"curies":[{"name":"wp","href":"https:\/\/api.w.org\/{rel}","templated":true}]}}