{"id":3205,"date":"2022-11-16T09:18:20","date_gmt":"2022-11-16T09:18:20","guid":{"rendered":"http:\/\/site2.easyceotech.com\/?post_type=product&#038;p=3205"},"modified":"2024-03-12T08:03:11","modified_gmt":"2024-03-12T08:03:11","slug":"avobenzone","status":"publish","type":"product","link":"https:\/\/wpachem.com\/tr\/urun\/avobenzone\/","title":{"rendered":"Avobenzon"},"content":{"rendered":"<p><strong>Ba\u015fvuru bilgileri:<\/strong> Avobenzone ya\u011fda \u00e7\u00f6z\u00fcnen, etkili bir UVA emicidir. Depolama s\u0131ras\u0131nda yeniden kristalle\u015fmeyi \u00f6nlemek i\u00e7in form\u00fclasyonda yeterli \u00e7\u00f6z\u00fcn\u00fcrl\u00fck sa\u011flanmal\u0131d\u0131r. Kullan\u0131m\u0131n\u0131 ve y\u00fcksek performans\u0131n\u0131 en \u00fcst d\u00fczeye \u00e7\u0131karmak i\u00e7in Avobenzone uygun \u015fekilde foto-stabilize edilmelidir. Stabilizasyonlar i\u00e7in m\u00fckemmel bir malzeme Oktokrilen&#039;dir. Di\u011fer ek se\u00e7enekler 3-(4-Metilbenziliden) Kafur veya BP-3 olabilir; EDTA gibi bir \u015felatlama maddesi kullan\u0131n.<\/p>\n<p><strong>Bilinen uyumsuzluklar:<\/strong> \u00c7ok de\u011ferlikli metal katyonlar\u0131, komplekslerin daha d\u00fc\u015f\u00fck \u00e7\u00f6z\u00fcn\u00fcrl\u00fc\u011f\u00fc (\u00f6rne\u011fin Al ve Mg) nedeniyle renk bozulmas\u0131 (\u00f6rne\u011fin Fe) veya kristaller olu\u015fturabilece\u011finden ka\u00e7\u0131n\u0131lmal\u0131d\u0131r. Al kapl\u0131 Titanyum Dioksitler kristallere yol a\u00e7abilir. Avobenzon ve \u00c7inko Oksit kombinasyonu, \u00e7\u00f6kelebilecek bir kompleks olu\u015fturmak i\u00e7in etkile\u015fime girebilir.<\/p>\n<p>Avobenzon, esas olarak koruyucu madde olarak kullan\u0131lan Formaldehit vericileriyle uyumsuzdur.<\/p>\n<p><strong>\u00c7\u00f6z\u00fcn\u00fcrl\u00fck:<\/strong> ya\u011fda \u00e7\u00f6z\u00fcn\u00fcr<\/p>\n<p><strong>A\u015famada ekle:<\/strong> ya\u011f faz\u0131<\/p>\n<p><strong>Kullan\u0131m:<\/strong> UVA Filtre \u00dcr\u00fcn Uygulamas\u0131: g\u00fcne\u015f koruyucu \u00fcr\u00fcnler<\/p>\n<p><strong>Depolama Ko\u015fulu:<\/strong> oda s\u0131cakl\u0131\u011f\u0131nda, \u0131\u015f\u0131ktan uzak<\/p>\n<p><strong>Paket:<\/strong> 25kg karton kutu<\/p>","protected":false},"excerpt":{"rendered":"<div class=\"pro_ph\">\n<p><strong>INCI Ad\u0131\uff1a<\/strong>Avobenzon<\/p>\n<\/div>\n<div class=\"pro_ph\"><strong>Molek\u00fcler form\u00fcl<\/strong>\uff1aC20H22O3<\/div>\n<div class=\"pro_ph\"><strong>CAS Numaras\u0131:<\/strong>70356-09-1<\/div>\n<div><strong>D\u0131\u015f g\u00f6r\u00fcn\u00fc\u015f:<\/strong> Beyaz veya a\u00e7\u0131k sar\u0131 toz<\/div>\n<div>\n<p><strong>Emilim dalga boyu:<\/strong> UVA<\/p>\n<p><strong>Maksimum emilim:<\/strong> 357nm<\/p>\n<\/div>","protected":false},"featured_media":2176,"template":"","meta":{"_acf_changed":false,"_gspb_post_css":""},"product_brand":[],"product_cat":[60],"product_tag":[],"class_list":{"0":"post-3205","1":"product","2":"type-product","3":"status-publish","4":"has-post-thumbnail","6":"product_cat-cosmetic-ingredients","8":"first","9":"instock","10":"shipping-taxable","11":"product-type-simple"},"acf":[],"_links":{"self":[{"href":"https:\/\/wpachem.com\/tr\/wp-json\/wp\/v2\/product\/3205","targetHints":{"allow":["GET"]}}],"collection":[{"href":"https:\/\/wpachem.com\/tr\/wp-json\/wp\/v2\/product"}],"about":[{"href":"https:\/\/wpachem.com\/tr\/wp-json\/wp\/v2\/types\/product"}],"version-history":[{"count":0,"href":"https:\/\/wpachem.com\/tr\/wp-json\/wp\/v2\/product\/3205\/revisions"}],"wp:featuredmedia":[{"embeddable":true,"href":"https:\/\/wpachem.com\/tr\/wp-json\/wp\/v2\/media\/2176"}],"wp:attachment":[{"href":"https:\/\/wpachem.com\/tr\/wp-json\/wp\/v2\/media?parent=3205"}],"wp:term":[{"taxonomy":"product_brand","embeddable":true,"href":"https:\/\/wpachem.com\/tr\/wp-json\/wp\/v2\/product_brand?post=3205"},{"taxonomy":"product_cat","embeddable":true,"href":"https:\/\/wpachem.com\/tr\/wp-json\/wp\/v2\/product_cat?post=3205"},{"taxonomy":"product_tag","embeddable":true,"href":"https:\/\/wpachem.com\/tr\/wp-json\/wp\/v2\/product_tag?post=3205"}],"curies":[{"name":"wp","href":"https:\/\/api.w.org\/{rel}","templated":true}]}}