{"id":3208,"date":"2022-11-16T09:18:40","date_gmt":"2022-11-16T09:18:40","guid":{"rendered":"http:\/\/site2.easyceotech.com\/?post_type=product&#038;p=3208"},"modified":"2024-03-12T08:03:08","modified_gmt":"2024-03-12T08:03:08","slug":"octocrylene","status":"publish","type":"product","link":"https:\/\/wpachem.com\/tr\/urun\/octocrylene\/","title":{"rendered":"Oktokrilen"},"content":{"rendered":"<p><strong>Tan\u0131m:<\/strong><\/p>\n<p>Octocrylene, g\u00fcne\u015f kremi form\u00fcllerinin ya\u011f faz\u0131yla kolayca b\u00fct\u00fcnle\u015fen etkili bir UVB emicidir. Di\u011fer kat\u0131, kristal UV emiciler i\u00e7in m\u00fckemmel bir \u00e7\u00f6z\u00fcc\u00fcd\u00fcr. Y\u00fcksek emilim oran\u0131, toksik olmama, teratojen olmama ve iyi stabilite \u00f6zelli\u011fiyle UVB ve az miktarda UVA \u0131\u015f\u0131\u011f\u0131n\u0131 emebilir. ABD FDA taraf\u0131ndan S\u0131n\u0131f I aktif g\u00fcne\u015f kremi bile\u015feni olarak onaylanm\u0131\u015ft\u0131r ve Amerika Birle\u015fik Devletleri ve Avrupa \u00fclkelerinde yayg\u0131n olarak kullan\u0131lmaktad\u0131r.<\/p>\n<p>&nbsp;<\/p>\n<p><strong>\u00c7\u00f6z\u00fcn\u00fcrl\u00fck:<\/strong> ya\u011fda \u00e7\u00f6z\u00fcn\u00fcr<\/p>\n<p><strong>A\u015famada ekle:<\/strong> ya\u011f faz\u0131<\/p>\n<p><strong>Kullan\u0131m:<\/strong> UVB Filtre \u00dcr\u00fcn Uygulamas\u0131: g\u00fcne\u015f koruyucu \u00fcr\u00fcnler<\/p>\n<p><strong>Depolama Ko\u015fulu:<\/strong> oda s\u0131cakl\u0131\u011f\u0131nda, \u0131\u015f\u0131ktan uzak<\/p>\n<p><strong>Paket:<\/strong> 200kg varil<\/p>","protected":false},"excerpt":{"rendered":"<div class=\"pro_ph\">\n<p><strong>INCI Ad\u0131\uff1a<\/strong>OKTOKR\u0130LEN<\/p>\n<\/div>\n<div class=\"pro_ph\"><strong>Molek\u00fcler form\u00fcl\uff1a<\/strong>C24H27NO2<\/div>\n<div class=\"pro_ph\"><strong>CAS Numaras\u0131:<\/strong>6197-30-4<\/div>\n<div>\n<p><strong>Deneme:<\/strong> 99%<\/p>\n<p><strong>D\u0131\u015f g\u00f6r\u00fcn\u00fc\u015f:<\/strong> berrak, sar\u0131, k\u0131vaml\u0131 s\u0131v\u0131<\/p>\n<p><strong>Emilim dalga boyu:<\/strong> UVB<\/p>\n<p><strong>Maksimum emilim:<\/strong> 303nm<\/p>\n<\/div>","protected":false},"featured_media":2111,"template":"","meta":{"_acf_changed":false,"_gspb_post_css":""},"product_brand":[],"product_cat":[60],"product_tag":[],"class_list":{"0":"post-3208","1":"product","2":"type-product","3":"status-publish","4":"has-post-thumbnail","6":"product_cat-cosmetic-ingredients","8":"first","9":"instock","10":"shipping-taxable","11":"product-type-simple"},"acf":[],"_links":{"self":[{"href":"https:\/\/wpachem.com\/tr\/wp-json\/wp\/v2\/product\/3208","targetHints":{"allow":["GET"]}}],"collection":[{"href":"https:\/\/wpachem.com\/tr\/wp-json\/wp\/v2\/product"}],"about":[{"href":"https:\/\/wpachem.com\/tr\/wp-json\/wp\/v2\/types\/product"}],"version-history":[{"count":0,"href":"https:\/\/wpachem.com\/tr\/wp-json\/wp\/v2\/product\/3208\/revisions"}],"wp:featuredmedia":[{"embeddable":true,"href":"https:\/\/wpachem.com\/tr\/wp-json\/wp\/v2\/media\/2111"}],"wp:attachment":[{"href":"https:\/\/wpachem.com\/tr\/wp-json\/wp\/v2\/media?parent=3208"}],"wp:term":[{"taxonomy":"product_brand","embeddable":true,"href":"https:\/\/wpachem.com\/tr\/wp-json\/wp\/v2\/product_brand?post=3208"},{"taxonomy":"product_cat","embeddable":true,"href":"https:\/\/wpachem.com\/tr\/wp-json\/wp\/v2\/product_cat?post=3208"},{"taxonomy":"product_tag","embeddable":true,"href":"https:\/\/wpachem.com\/tr\/wp-json\/wp\/v2\/product_tag?post=3208"}],"curies":[{"name":"wp","href":"https:\/\/api.w.org\/{rel}","templated":true}]}}