{"id":3211,"date":"2022-11-16T09:18:58","date_gmt":"2022-11-16T09:18:58","guid":{"rendered":"http:\/\/site2.easyceotech.com\/?post_type=product&#038;p=3211"},"modified":"2024-03-12T08:04:04","modified_gmt":"2024-03-12T08:04:04","slug":"homosalate","status":"publish","type":"product","link":"https:\/\/wpachem.com\/tr\/urun\/homosalate\/","title":{"rendered":"Homosalate"},"content":{"rendered":"<p><strong>Tan\u0131m:<\/strong><\/p>\n<p>Homosalate, 295~315nm emilim dalga boyuna sahip etkili bir UVB emicidir ve cildi UVB radyasyon hasar\u0131ndan koruyabilir ve g\u00fcne\u015fe maruz kalman\u0131n uzun vadeli zararl\u0131 etkilerini azaltabilir. Ya\u011fda \u00e7\u00f6z\u00fcnen, renksiz bir s\u0131v\u0131d\u0131r ve bir g\u00fcne\u015f kremi form\u00fcl\u00fcn\u00fcn ya\u011f faz\u0131na kolayca dahil edilebilir.<\/p>\n<p><strong>\u00c7\u00f6z\u00fcn\u00fcrl\u00fck:<\/strong> ya\u011fda \u00e7\u00f6z\u00fcn\u00fcr<\/p>\n<p><strong>A\u015famada ekle:<\/strong> ya\u011f faz\u0131<\/p>\n<p><strong>Kullan\u0131m:<\/strong> UVB Filtresi<\/p>\n<p><strong>\u00dcr\u00fcn Uygulamas\u0131:<\/strong> g\u00fcne\u015f kremi \u00fcr\u00fcnleri<\/p>\n<p><strong>Depolama Ko\u015fulu:<\/strong> oda s\u0131cakl\u0131\u011f\u0131nda, \u0131\u015f\u0131ktan uzak<\/p>\n<p><strong>Paket:<\/strong> 200kg varil<\/p>","protected":false},"excerpt":{"rendered":"<div class=\"pro_ph\">\n<p><strong>INCI Ad\u0131\uff1a<\/strong>Homosalate<\/p>\n<\/div>\n<div class=\"pro_ph\"><strong>Molek\u00fcler form\u00fcl\uff1a<\/strong>C16H22O3<\/div>\n<div class=\"pro_ph\"><strong>CAS Numaras\u0131:<\/strong>118-56-9<\/div>\n<div>\n<p><strong>Deneme\uff1a<\/strong>99%<\/p>\n<p><strong>D\u0131\u015f g\u00f6r\u00fcn\u00fc\u015f:<\/strong>renksiz ila hafif sar\u0131 s\u0131v\u0131<\/p>\n<p><strong>Emilim dalga boyu\uff1a<\/strong>UVB<\/p>\n<p><strong>Maksimum emilim\uff1a<\/strong>306nm<\/p>\n<\/div>","protected":false},"featured_media":2212,"template":"","meta":{"_acf_changed":false,"_gspb_post_css":""},"product_brand":[],"product_cat":[60],"product_tag":[],"class_list":{"0":"post-3211","1":"product","2":"type-product","3":"status-publish","4":"has-post-thumbnail","6":"product_cat-cosmetic-ingredients","8":"first","9":"instock","10":"shipping-taxable","11":"product-type-simple"},"acf":[],"_links":{"self":[{"href":"https:\/\/wpachem.com\/tr\/wp-json\/wp\/v2\/product\/3211","targetHints":{"allow":["GET"]}}],"collection":[{"href":"https:\/\/wpachem.com\/tr\/wp-json\/wp\/v2\/product"}],"about":[{"href":"https:\/\/wpachem.com\/tr\/wp-json\/wp\/v2\/types\/product"}],"version-history":[{"count":0,"href":"https:\/\/wpachem.com\/tr\/wp-json\/wp\/v2\/product\/3211\/revisions"}],"wp:featuredmedia":[{"embeddable":true,"href":"https:\/\/wpachem.com\/tr\/wp-json\/wp\/v2\/media\/2212"}],"wp:attachment":[{"href":"https:\/\/wpachem.com\/tr\/wp-json\/wp\/v2\/media?parent=3211"}],"wp:term":[{"taxonomy":"product_brand","embeddable":true,"href":"https:\/\/wpachem.com\/tr\/wp-json\/wp\/v2\/product_brand?post=3211"},{"taxonomy":"product_cat","embeddable":true,"href":"https:\/\/wpachem.com\/tr\/wp-json\/wp\/v2\/product_cat?post=3211"},{"taxonomy":"product_tag","embeddable":true,"href":"https:\/\/wpachem.com\/tr\/wp-json\/wp\/v2\/product_tag?post=3211"}],"curies":[{"name":"wp","href":"https:\/\/api.w.org\/{rel}","templated":true}]}}