{"id":3217,"date":"2022-11-16T09:17:35","date_gmt":"2022-11-16T09:17:35","guid":{"rendered":"http:\/\/site2.easyceotech.com\/?post_type=product&#038;p=3217"},"modified":"2024-03-12T08:03:22","modified_gmt":"2024-03-12T08:03:22","slug":"ethylhexyl-methoxycinnamate","status":"publish","type":"product","link":"https:\/\/wpachem.com\/tr\/urun\/ethylhexyl-methoxycinnamate\/","title":{"rendered":"Etilheksil Metoksisinamat"},"content":{"rendered":"<p><strong>Tan\u0131m:<\/strong><\/p>\n<p>Ethylhexyl Methoxycinnamate 280~310 nm&#039;de m\u00fckemmel UV emilimi ger\u00e7ekle\u015ftirir. Y\u00fcksek emilim oran\u0131, iyi g\u00fcvenlik, minimum toksisite ve ya\u011f i\u00e7in iyi \u00e7\u00f6z\u00fcn\u00fcrl\u00fck ile g\u00fcne\u015f kremi form\u00fcllerinde yayg\u0131n olarak kullan\u0131l\u0131r. Etkili emilimi cildimizin g\u00fcne\u015f yan\u0131\u011f\u0131ndan korunmas\u0131n\u0131 sa\u011flar. Ayr\u0131ca fotosensitize edici dermatit tedavisinde kullan\u0131l\u0131r.<\/p>\n<p>&nbsp;<\/p>\n<p><strong>\u00c7\u00f6z\u00fcn\u00fcrl\u00fck:<\/strong> ya\u011fda \u00e7\u00f6z\u00fcn\u00fcr Ekleme a\u015famas\u0131: ya\u011f faz\u0131<\/p>\n<p>&nbsp;<\/p>\n<p><strong>Kullan\u0131m:<\/strong> UVB Filtresi<\/p>\n<p><strong>\u00dcr\u00fcn Uygulamas\u0131:<\/strong> g\u00fcne\u015f kremi \u00fcr\u00fcnleri<\/p>\n<p><strong>Depolama Ko\u015fulu:<\/strong> oda s\u0131cakl\u0131\u011f\u0131nda, \u0131\u015f\u0131ktan uzak<\/p>\n<p><strong>Paket:<\/strong> 200kg varil<\/p>","protected":false},"excerpt":{"rendered":"<p><strong>INCI Ad\u0131\uff1a<\/strong>Etilheksil Metoksisinamat<\/p>\n<p><strong>Molek\u00fcler Form\u00fcl\uff1a<\/strong>C18H26O3<\/p>\n<p><strong>CAS NO. \/EC NO.\uff1a<\/strong>5466-77-3<\/p>\n<p><strong>Deneme\uff1a<\/strong>99%<\/p>\n<p><strong>D\u0131\u015f g\u00f6r\u00fcn\u00fc\u015f:<\/strong>renksiz ila hafif sar\u0131 s\u0131v\u0131<\/p>\n<p><strong>Emilim dalga boyu\uff1a<\/strong>UVB<\/p>\n<p><strong>Maksimum emilim\uff1a<\/strong>311nm<\/p>","protected":false},"featured_media":2208,"template":"","meta":{"_acf_changed":false,"_gspb_post_css":""},"product_brand":[],"product_cat":[60],"product_tag":[],"class_list":{"0":"post-3217","1":"product","2":"type-product","3":"status-publish","4":"has-post-thumbnail","6":"product_cat-cosmetic-ingredients","8":"first","9":"instock","10":"shipping-taxable","11":"product-type-simple"},"acf":[],"_links":{"self":[{"href":"https:\/\/wpachem.com\/tr\/wp-json\/wp\/v2\/product\/3217","targetHints":{"allow":["GET"]}}],"collection":[{"href":"https:\/\/wpachem.com\/tr\/wp-json\/wp\/v2\/product"}],"about":[{"href":"https:\/\/wpachem.com\/tr\/wp-json\/wp\/v2\/types\/product"}],"version-history":[{"count":0,"href":"https:\/\/wpachem.com\/tr\/wp-json\/wp\/v2\/product\/3217\/revisions"}],"wp:featuredmedia":[{"embeddable":true,"href":"https:\/\/wpachem.com\/tr\/wp-json\/wp\/v2\/media\/2208"}],"wp:attachment":[{"href":"https:\/\/wpachem.com\/tr\/wp-json\/wp\/v2\/media?parent=3217"}],"wp:term":[{"taxonomy":"product_brand","embeddable":true,"href":"https:\/\/wpachem.com\/tr\/wp-json\/wp\/v2\/product_brand?post=3217"},{"taxonomy":"product_cat","embeddable":true,"href":"https:\/\/wpachem.com\/tr\/wp-json\/wp\/v2\/product_cat?post=3217"},{"taxonomy":"product_tag","embeddable":true,"href":"https:\/\/wpachem.com\/tr\/wp-json\/wp\/v2\/product_tag?post=3217"}],"curies":[{"name":"wp","href":"https:\/\/api.w.org\/{rel}","templated":true}]}}