{"id":3220,"date":"2022-11-16T09:16:59","date_gmt":"2022-11-16T09:16:59","guid":{"rendered":"http:\/\/site2.easyceotech.com\/?post_type=product&#038;p=3220"},"modified":"2024-03-12T08:03:25","modified_gmt":"2024-03-12T08:03:25","slug":"diethylamino-hydroxybenzoyl-hexyl-benzoate-%ef%bc%88dhhb%ef%bc%89","status":"publish","type":"product","link":"https:\/\/wpachem.com\/tr\/urun\/diethylamino-hydroxybenzoyl-hexyl-benzoate-%ef%bc%88dhhb%ef%bc%89\/","title":{"rendered":"Dietilamino Hidroksibenzoil Heksil Benzoat (DHHB)"},"content":{"rendered":"<p>Tan\u0131m:<\/p>\n<p>Dietilamino Hidroksibenzoil Heksil Benzoat (DHHB), t\u00fcm UVA dalga boyuna kar\u015f\u0131 koruma sa\u011flayan fotostabil bir UVA emicidir.<\/p>\n<p>&nbsp;<\/p>\n<p>D\u00fc\u015f\u00fck konsantrasyonlarda y\u00fcksek SPF elde etmek i\u00e7in kullan\u0131labilir, ya\u011fda ve alkolde \u00e7\u00f6z\u00fcn\u00fcr. Ayr\u0131ca titanyum dioksit veya \u00e7inko oksit gibi inorganik UV filtreleriyle m\u00fckemmel uyumluluk g\u00f6sterir. Fotostabilitesi g\u00fcn boyunca g\u00fcvenilir ve etkili g\u00fcne\u015f korumas\u0131 sa\u011flar<\/p>\n<p>&nbsp;<\/p>","protected":false},"excerpt":{"rendered":"<p><strong>\u0130NC\u0130 Ad\u0131:<\/strong> Dietilamino Hidroksibenzoil Heksil Benzoat (DHHB)<\/p>\n<p><strong>CAS NO. \/EC NO.:<\/strong> 302776-68-7<\/p>\n<p><strong>Molek\u00fcler Form\u00fcl:<\/strong> C24H31NO4<\/p>\n<p><strong>Emilim dalga boyu:<\/strong> UVA<\/p>\n<p><strong>Maksimum emilim:<\/strong> 354nm<\/p>\n<p><strong>D\u0131\u015f g\u00f6r\u00fcn\u00fc\u015f:<\/strong> Beyaz toz<\/p>","protected":false},"featured_media":2145,"template":"","meta":{"_acf_changed":false,"_gspb_post_css":""},"product_brand":[],"product_cat":[60],"product_tag":[],"class_list":{"0":"post-3220","1":"product","2":"type-product","3":"status-publish","4":"has-post-thumbnail","6":"product_cat-cosmetic-ingredients","8":"first","9":"instock","10":"shipping-taxable","11":"product-type-simple"},"acf":[],"_links":{"self":[{"href":"https:\/\/wpachem.com\/tr\/wp-json\/wp\/v2\/product\/3220","targetHints":{"allow":["GET"]}}],"collection":[{"href":"https:\/\/wpachem.com\/tr\/wp-json\/wp\/v2\/product"}],"about":[{"href":"https:\/\/wpachem.com\/tr\/wp-json\/wp\/v2\/types\/product"}],"version-history":[{"count":0,"href":"https:\/\/wpachem.com\/tr\/wp-json\/wp\/v2\/product\/3220\/revisions"}],"wp:featuredmedia":[{"embeddable":true,"href":"https:\/\/wpachem.com\/tr\/wp-json\/wp\/v2\/media\/2145"}],"wp:attachment":[{"href":"https:\/\/wpachem.com\/tr\/wp-json\/wp\/v2\/media?parent=3220"}],"wp:term":[{"taxonomy":"product_brand","embeddable":true,"href":"https:\/\/wpachem.com\/tr\/wp-json\/wp\/v2\/product_brand?post=3220"},{"taxonomy":"product_cat","embeddable":true,"href":"https:\/\/wpachem.com\/tr\/wp-json\/wp\/v2\/product_cat?post=3220"},{"taxonomy":"product_tag","embeddable":true,"href":"https:\/\/wpachem.com\/tr\/wp-json\/wp\/v2\/product_tag?post=3220"}],"curies":[{"name":"wp","href":"https:\/\/api.w.org\/{rel}","templated":true}]}}