{"id":3223,"date":"2022-11-16T09:16:09","date_gmt":"2022-11-16T09:16:09","guid":{"rendered":"http:\/\/site2.easyceotech.com\/?post_type=product&#038;p=3223"},"modified":"2024-03-12T08:05:03","modified_gmt":"2024-03-12T08:05:03","slug":"13-dihydroxyacetone-dha-2","status":"publish","type":"product","link":"https:\/\/wpachem.com\/tr\/urun\/13-dihydroxyacetone-dha-2\/","title":{"rendered":"1,3-Dihidroksiaseton (DHA)"},"content":{"rendered":"<p><strong>Girii\u015f:<\/strong><\/p>\n<p>Kimyasal ismi 1,3-dihidroksiaseton (DHA) olan 1,3-dihidroksiaseton (DHA), cildi nemlendiren, bronzla\u015ft\u0131ran ve sa\u00e7 boyayan pop\u00fcler bir kozmetik bile\u015fenidir.<\/p>\n<p><strong>Ba\u015fvuru:<\/strong><\/p>\n<p>Dihidroksiaseton esas olarak kozmetiklerin form\u00fcl hammaddesi olarak kullan\u0131l\u0131r, \u00f6zellikle \u00f6zel etkili bir g\u00fcne\u015f kremi olarak, cilt neminin a\u015f\u0131r\u0131 buharla\u015fmas\u0131n\u0131 \u00f6nleyebilir, nemlendirici, g\u00fcne\u015f kremi ve ultraviyole radyasyon rol\u00fc oynayabilir. Ek olarak, DHA&#039;daki keton fonksiyonel grubu, cilt keratininin amino asit ve amino gruplar\u0131yla reaksiyona girerek kahverengi bir polimer olu\u015fturabilir, bu da insanlar\u0131n cildinde yapay bir kahverengi renk \u00fcretir, bu nedenle g\u00fcne\u015f bronzla\u015ft\u0131r\u0131c\u0131 bir madde olarak da kullan\u0131labilir, bu da uzun s\u00fcre g\u00fcne\u015fe maruz kalman\u0131n sonucuyla ayn\u0131 g\u00f6r\u00fcnen kahverengi veya bronz bir cilt ile sonu\u00e7lan\u0131r ve \u00e7ok g\u00fczel g\u00f6r\u00fcnmesini sa\u011flar.<\/p>\n<p>&nbsp;<\/p>\n<p><strong>\u015eartname:<\/strong><\/p>\n<table>\n<tbody>\n<tr>\n<td width=\"288\"><strong>Testler<\/strong><\/td>\n<td width=\"372\"><strong>Test Standard<\/strong><\/td>\n<\/tr>\n<tr>\n<td width=\"288\">D\u0131\u015f g\u00f6r\u00fcn\u00fc\u015f<\/td>\n<td width=\"372\">Beyaz ila kirli beyaz toz<\/td>\n<\/tr>\n<tr>\n<td width=\"288\">su<\/td>\n<td width=\"372\">\u22640.4%<\/td>\n<\/tr>\n<tr>\n<td width=\"288\">Ate\u015flemede kal\u0131nt\u0131<\/td>\n<td width=\"372\">\u22640.4%<\/td>\n<\/tr>\n<tr>\n<td width=\"288\">PH<\/td>\n<td width=\"372\">4.0-6.0<\/td>\n<\/tr>\n<tr>\n<td width=\"288\">Deneme<\/td>\n<td width=\"372\">\u226598.0%<\/td>\n<\/tr>\n<tr>\n<td width=\"288\">A\u011f\u0131r metaller\uff08Pb\uff09<\/td>\n<td width=\"372\">\u226410ppm<\/td>\n<\/tr>\n<tr>\n<td width=\"288\">Demir(Fe)<\/td>\n<td width=\"372\">\u226425ppm<\/td>\n<\/tr>\n<tr>\n<td width=\"288\">Arsenik(AS2O3)<\/td>\n<td width=\"372\">\u22643ppm<\/td>\n<\/tr>\n<\/tbody>\n<\/table>\n<p>&nbsp;<\/p>\n<p><strong>Paket:<\/strong> 1kg numune torbas\u0131\/ 25kg bidon<\/p>","protected":false},"excerpt":{"rendered":"<p>\u00dcr\u00fcn ad\u0131: 1,3-Dihidroksiaseton (DHA)<\/p>\n<p>CAS Numaras\u0131:96-26-4<\/p>\n<p>MF: C3H6O3<\/p>\n<p>EINECS Numaras\u0131: 202-494-5<\/p>\n<p>G\u00f6r\u00fcn\u00fcm: Beyaz toz<\/p>","protected":false},"featured_media":1974,"template":"","meta":{"_acf_changed":false,"_gspb_post_css":""},"product_brand":[],"product_cat":[60],"product_tag":[],"class_list":{"0":"post-3223","1":"product","2":"type-product","3":"status-publish","4":"has-post-thumbnail","6":"product_cat-cosmetic-ingredients","8":"first","9":"instock","10":"shipping-taxable","11":"product-type-simple"},"acf":[],"_links":{"self":[{"href":"https:\/\/wpachem.com\/tr\/wp-json\/wp\/v2\/product\/3223","targetHints":{"allow":["GET"]}}],"collection":[{"href":"https:\/\/wpachem.com\/tr\/wp-json\/wp\/v2\/product"}],"about":[{"href":"https:\/\/wpachem.com\/tr\/wp-json\/wp\/v2\/types\/product"}],"version-history":[{"count":0,"href":"https:\/\/wpachem.com\/tr\/wp-json\/wp\/v2\/product\/3223\/revisions"}],"wp:featuredmedia":[{"embeddable":true,"href":"https:\/\/wpachem.com\/tr\/wp-json\/wp\/v2\/media\/1974"}],"wp:attachment":[{"href":"https:\/\/wpachem.com\/tr\/wp-json\/wp\/v2\/media?parent=3223"}],"wp:term":[{"taxonomy":"product_brand","embeddable":true,"href":"https:\/\/wpachem.com\/tr\/wp-json\/wp\/v2\/product_brand?post=3223"},{"taxonomy":"product_cat","embeddable":true,"href":"https:\/\/wpachem.com\/tr\/wp-json\/wp\/v2\/product_cat?post=3223"},{"taxonomy":"product_tag","embeddable":true,"href":"https:\/\/wpachem.com\/tr\/wp-json\/wp\/v2\/product_tag?post=3223"}],"curies":[{"name":"wp","href":"https:\/\/api.w.org\/{rel}","templated":true}]}}