{"id":3275,"date":"2022-11-17T02:35:35","date_gmt":"2022-11-17T02:35:35","guid":{"rendered":"http:\/\/site2.easyceotech.com\/?post_type=product&#038;p=3275"},"modified":"2024-03-12T08:00:12","modified_gmt":"2024-03-12T08:00:12","slug":"sodium-hyaluronate","status":"publish","type":"product","link":"https:\/\/wpachem.com\/tr\/urun\/sodium-hyaluronate\/","title":{"rendered":"Sodyum Hiyaluronat"},"content":{"rendered":"<p>Sodyum hyaluronat ayn\u0131 y\u00fcksek higroskopikli\u011fe sahiptir, d\u00fc\u015f\u00fck veya y\u00fcksek nem ko\u015fullar\u0131nda cilt nemini kendi kendine d\u00fczenler ve korur, &quot;Gen\u00e7lik p\u0131nar\u0131n\u0131n anahtar\u0131&quot; (ya\u015flanmadan gen\u00e7li\u011fe a\u00e7\u0131lan kap\u0131) kayna\u011f\u0131 olarak bilinir). Bu nedenle, farkl\u0131 cilt tipleri, iklimler ve ortamlar i\u00e7in uygun \u00fcr\u00fcnler yapmak i\u00e7in ideal bir do\u011fal nemlendirici fakt\u00f6r olarak kozmetiklerde yayg\u0131n olarak kullan\u0131l\u0131r. Makromolek\u00fcler sodyum hyaluronat cilt y\u00fczeyinde nefes alabilen bir film olu\u015fturabilir, cildin nemi hapsetmesine yard\u0131mc\u0131 olabilir ve yabanc\u0131 bakteri, toz ve ultraviyole \u0131\u015f\u0131nlar\u0131n\u0131n istilas\u0131n\u0131 engelleyebilir ve cildi hasardan koruyabilir. K\u00fc\u00e7\u00fck molek\u00fcl sodyum hyaluronat dermise h\u0131zla n\u00fcfuz edebilir, k\u0131lcal damarlar\u0131 hafif\u00e7e geni\u015fletebilir, kan dola\u015f\u0131m\u0131n\u0131 te\u015fvik edebilir, metabolizmay\u0131 iyile\u015ftirebilir ve cilt h\u00fccrelerinin besin emilimini te\u015fvik edebilir. K\u0131r\u0131\u015f\u0131kl\u0131klar\u0131 giderme, cilt elastikiyetini art\u0131rma ve cilt ya\u015flanmas\u0131n\u0131 geciktirme i\u015flevlerine sahiptir.<\/p>\n<p>&nbsp;<\/p>\n<p><strong>Farkl\u0131 molek\u00fcl a\u011f\u0131rl\u0131\u011f\u0131 segmentlerinin etkileri<\/strong><\/p>\n<ul>\n<li><strong>Polimer sodyum hiyaluronat\u00a0<\/strong>\u00a0\uff1e1,6 milyon Da<br \/>\nCilt y\u00fczeyinde uzun s\u00fcreli nemlendirici ve PM2.5 kar\u015f\u0131t\u0131 yo\u011fun bir biyolojik nemlendirici film olu\u015fur.<\/li>\n<li><strong>D\u00fc\u015f\u00fck molek\u00fcl a\u011f\u0131rl\u0131kl\u0131 sodyum hiyaluronat<\/strong>\u00a0 10.000~200.000 Da<br \/>\nHasarl\u0131 ve erken olgunla\u015fan cildi onar\u0131r; stratum corneum&#039;u sular ve yumu\u015fat\u0131r, kal\u0131c\u0131 nemlendirme sa\u011flar, yumu\u015fak bir cilt sa\u011flar;<br \/>\nCilt elastikiyetini artt\u0131r\u0131r ve cilt ya\u015flanmas\u0131n\u0131 geciktirir;<br \/>\nEpidermal h\u00fccrelerin \u00e7o\u011falmas\u0131n\u0131 ve farkl\u0131la\u015fmas\u0131n\u0131 te\u015fvik eder, serbest oksijen radikallerini temizler.<\/li>\n<li><strong>Ultra d\u00fc\u015f\u00fck molek\u00fcl a\u011f\u0131rl\u0131kl\u0131 hyaluronik asit\u00a0<\/strong>\u00a0\uff1c10000Da<br \/>\nTransdermal emilim, derinlemesine nemlendirme. Ya\u015flanma kar\u015f\u0131t\u0131, g\u00fcne\u015f sonras\u0131 onar\u0131m.<\/li>\n<\/ul>\n<p>&nbsp;<\/p>\n<p><strong>\u00dcr\u00fcn Avantajlar\u0131:<\/strong><\/p>\n<ul>\n<li>Uzun s\u00fcreli nemlendirme<br \/>\nKozmetik s\u0131n\u0131f\u0131 sodyum hyaluronat g\u00fc\u00e7l\u00fc ge\u00e7irgenli\u011fe sahiptir, epidermal h\u00fccreler taraf\u0131ndan h\u0131zla nemlendirilir, suyu derinlemesine hapseder, suyu yeniler ve cildin nem i\u00e7eri\u011fini art\u0131r\u0131r.<\/li>\n<li>Yumu\u015fak cilt<br \/>\nKozmetik s\u0131n\u0131f\u0131 sodyum hiyaluronat, cilt y\u00fczeyine uyguland\u0131ktan sonra nefes alabilen bir film tabakas\u0131 olu\u015fturur, bu da cilt y\u00fczeyinin p\u00fcr\u00fczl\u00fcl\u00fc\u011f\u00fcn\u00fc azaltabilir, cildin iyi bir yumu\u015fak hissine sahip olmas\u0131n\u0131 sa\u011flayabilir ve cildin i\u00e7indeki nemin buharla\u015fmas\u0131n\u0131 \u00f6nleyebilir, b\u00f6ylece cildin parlakl\u0131\u011f\u0131n\u0131 ve hassasiyetini uzun s\u00fcre koruyabilir.<\/li>\n<\/ul>\n<p>&nbsp;<\/p>\n<p><strong>\u00dcr\u00fcn uygulamas\u0131<\/strong><\/p>\n<ul>\n<li>Cilt bak\u0131m \u00fcr\u00fcnleri: kremler, losyonlar, losyonlar, esanslar, jeller, maskeler vb.<\/li>\n<li>Temizlik \u00fcr\u00fcnleri: y\u00fcz temizleyici, du\u015f jeli vb.<\/li>\n<li>Sa\u00e7 \u00fcr\u00fcnleri: \u015fampuan, sa\u00e7 kremi, sa\u00e7 onar\u0131c\u0131, sa\u00e7 spreyi, vb.<\/li>\n<\/ul>\n<p>&nbsp;<\/p>","protected":false},"excerpt":{"rendered":"<p><strong>\u00dcr\u00fcn Ad\u0131:<\/strong> Sodyum Hiyaluronat<\/p>\n<p><strong>CAS Numaras\u0131:<\/strong> 9067-32-7<\/p>\n<p><strong>EINECS Numaras\u0131:<\/strong>232-678-0<\/p>\n<p><strong>D\u0131\u015f g\u00f6r\u00fcn\u00fc\u015f:<\/strong> Beyaz veya kirli beyaz toz<\/p>\n<p>&nbsp;<\/p>","protected":false},"featured_media":2183,"template":"","meta":{"_acf_changed":false,"_gspb_post_css":""},"product_brand":[],"product_cat":[60],"product_tag":[],"class_list":{"0":"post-3275","1":"product","2":"type-product","3":"status-publish","4":"has-post-thumbnail","6":"product_cat-cosmetic-ingredients","8":"first","9":"instock","10":"shipping-taxable","11":"product-type-simple"},"acf":[],"_links":{"self":[{"href":"https:\/\/wpachem.com\/tr\/wp-json\/wp\/v2\/product\/3275","targetHints":{"allow":["GET"]}}],"collection":[{"href":"https:\/\/wpachem.com\/tr\/wp-json\/wp\/v2\/product"}],"about":[{"href":"https:\/\/wpachem.com\/tr\/wp-json\/wp\/v2\/types\/product"}],"version-history":[{"count":0,"href":"https:\/\/wpachem.com\/tr\/wp-json\/wp\/v2\/product\/3275\/revisions"}],"wp:featuredmedia":[{"embeddable":true,"href":"https:\/\/wpachem.com\/tr\/wp-json\/wp\/v2\/media\/2183"}],"wp:attachment":[{"href":"https:\/\/wpachem.com\/tr\/wp-json\/wp\/v2\/media?parent=3275"}],"wp:term":[{"taxonomy":"product_brand","embeddable":true,"href":"https:\/\/wpachem.com\/tr\/wp-json\/wp\/v2\/product_brand?post=3275"},{"taxonomy":"product_cat","embeddable":true,"href":"https:\/\/wpachem.com\/tr\/wp-json\/wp\/v2\/product_cat?post=3275"},{"taxonomy":"product_tag","embeddable":true,"href":"https:\/\/wpachem.com\/tr\/wp-json\/wp\/v2\/product_tag?post=3275"}],"curies":[{"name":"wp","href":"https:\/\/api.w.org\/{rel}","templated":true}]}}