{"id":3280,"date":"2022-12-08T08:40:56","date_gmt":"2022-12-08T08:40:56","guid":{"rendered":"http:\/\/site2.easyceotech.com\/?post_type=product&#038;p=3280"},"modified":"2024-03-12T08:00:07","modified_gmt":"2024-03-12T08:00:07","slug":"glabridin","status":"publish","type":"product","link":"https:\/\/wpachem.com\/tr\/urun\/glabridin\/","title":{"rendered":"Glabridin"},"content":{"rendered":"<p>\u00dcr\u00fcn \u00f6zelli\u011fi:<\/p>\n<p>Glisiriza glabra meyan k\u00f6k\u00fcnde bulunan, propilen glikol, b\u00fctandiol ve di\u011fer organik \u00e7\u00f6z\u00fcc\u00fclerde \u00e7\u00f6z\u00fcnen, g\u00fc\u00e7l\u00fc tirozinaz olu\u015fumu ve aktivitesini inhibe eden, en iyi do\u011fal beyazlat\u0131c\u0131lardan biri olarak bilinen \u00f6zel bir izoflavon bile\u015fenidir.<\/p>\n<p>&nbsp;<\/p>\n<p>Dozaj ve kapsam: beyazlatma, g\u00fcne\u015f kremi, \u00e7il kar\u015f\u0131t\u0131, ultraviyole radyasyon hasar\u0131n\u0131n onar\u0131m\u0131, iltihap giderici, antioksidan, ya\u015flanma kar\u015f\u0131t\u0131.<\/p>\n<p>&nbsp;<\/p>\n<p>\u00d6nerilen dozaj: 0.05-5.0%, \u00fcreticiler \u00fcretim ihtiya\u00e7lar\u0131na g\u00f6re uygun ayarlamay\u0131 yapabilirler.<\/p>","protected":false},"excerpt":{"rendered":"<p>INCI Ad\u0131: Glycyrrhiza Glabra (Meyan K\u00f6k\u00fc) K\u00f6k\u00fc Ekstrakt\u0131 (Glabridin)<\/p>\n<p>CAS Numaras\u0131: 59870-68-7<\/p>\n<p>G\u00f6r\u00fcn\u00fcm: Kahverengi veya beyaz toz<\/p>\n<p>&nbsp;<\/p>","protected":false},"featured_media":2104,"template":"","meta":{"_acf_changed":false,"_gspb_post_css":""},"product_brand":[],"product_cat":[60],"product_tag":[],"class_list":{"0":"post-3280","1":"product","2":"type-product","3":"status-publish","4":"has-post-thumbnail","6":"product_cat-cosmetic-ingredients","8":"first","9":"instock","10":"shipping-taxable","11":"product-type-simple"},"acf":[],"_links":{"self":[{"href":"https:\/\/wpachem.com\/tr\/wp-json\/wp\/v2\/product\/3280","targetHints":{"allow":["GET"]}}],"collection":[{"href":"https:\/\/wpachem.com\/tr\/wp-json\/wp\/v2\/product"}],"about":[{"href":"https:\/\/wpachem.com\/tr\/wp-json\/wp\/v2\/types\/product"}],"version-history":[{"count":0,"href":"https:\/\/wpachem.com\/tr\/wp-json\/wp\/v2\/product\/3280\/revisions"}],"wp:featuredmedia":[{"embeddable":true,"href":"https:\/\/wpachem.com\/tr\/wp-json\/wp\/v2\/media\/2104"}],"wp:attachment":[{"href":"https:\/\/wpachem.com\/tr\/wp-json\/wp\/v2\/media?parent=3280"}],"wp:term":[{"taxonomy":"product_brand","embeddable":true,"href":"https:\/\/wpachem.com\/tr\/wp-json\/wp\/v2\/product_brand?post=3280"},{"taxonomy":"product_cat","embeddable":true,"href":"https:\/\/wpachem.com\/tr\/wp-json\/wp\/v2\/product_cat?post=3280"},{"taxonomy":"product_tag","embeddable":true,"href":"https:\/\/wpachem.com\/tr\/wp-json\/wp\/v2\/product_tag?post=3280"}],"curies":[{"name":"wp","href":"https:\/\/api.w.org\/{rel}","templated":true}]}}