{"id":3283,"date":"2022-12-08T09:10:20","date_gmt":"2022-12-08T09:10:20","guid":{"rendered":"http:\/\/site2.easyceotech.com\/?post_type=product&#038;p=3283"},"modified":"2024-03-12T08:00:01","modified_gmt":"2024-03-12T08:00:01","slug":"nicotinamide","status":"publish","type":"product","link":"https:\/\/wpachem.com\/tr\/urun\/nicotinamide\/","title":{"rendered":"Nikotinamid"},"content":{"rendered":"<p>Nikotinamid, nikotinamid, B3 vitamini veya PP vitamini olarak da bilinen, B grubu vitaminlerine ait, zay\u0131f higroskopikli\u011fe sahip suda \u00e7\u00f6z\u00fcnen bir vitamindir. Kararl\u0131, kuru havada asit, alkali ve y\u00fcksek s\u0131cakl\u0131\u011fa dayanabilir, \u0131\u015f\u0131k ve \u0131s\u0131 kararl\u0131l\u0131\u011f\u0131 vard\u0131r.<\/p>\n<p>1. Nemlendirir, ya\u011f\u0131 kontrol eder ve siyah noktalar\u0131 azalt\u0131r<br \/>\nNikotinamid, perkutan su kayb\u0131n\u0131, ya\u011f kontrol\u00fcn\u00fc, siyah noktalar\u0131n ve akne etkilerini etkili bir \u015fekilde azaltabilir.<\/p>\n<p>2. \u0130yi k\u0131r\u0131\u015f\u0131kl\u0131k direnci<br \/>\nNikotinamidin k\u0131r\u0131\u015f\u0131kl\u0131k kar\u015f\u0131t\u0131 \u00f6zelli\u011fi, ATP&#039;yi aktive etme, keratin h\u00fccre canl\u0131l\u0131\u011f\u0131 sa\u011flama, kolajen sentezini art\u0131rma ve iyi sinerjik yetene\u011fe sahip olma yetene\u011finde yatmaktad\u0131r. Di\u011fer k\u0131r\u0131\u015f\u0131kl\u0131k kar\u015f\u0131t\u0131 bile\u015fenlerle birlikte kullan\u0131labilir.<\/p>\n<p>3. \u0130yi yard\u0131mc\u0131 g\u00fcne\u015f kremi etkisi<br \/>\nNikotinamid, ultraviyole \u0131\u015f\u0131n\u0131m\u0131na maruz kalan ciltte fotoimmunosupresyonun olu\u015fumunu etkili bir \u015fekilde azaltabilir.<\/p>\n<p>4. \u0130yi nezaket<br \/>\nC vitamini, resorsinol t\u00fcrevleri ve di\u011fer bile\u015fenlerle kar\u015f\u0131la\u015ft\u0131r\u0131ld\u0131\u011f\u0131nda nikotinamid soft k\u00f6t\u00fc de\u011fildir.<\/p>\n<p>&nbsp;<\/p>\n<p><strong>Uygulama:\u00a0<\/strong><\/p>\n<p>Cilt bak\u0131m \u00fcr\u00fcnlerinde p\u00fcr\u00fczl\u00fc cildi \u00f6nlemek, sa\u011fl\u0131kl\u0131 cilt h\u00fccrelerini korumak ve cilt beyazlamas\u0131n\u0131 desteklemek i\u00e7in kullan\u0131l\u0131r. Sa\u00e7 bak\u0131m\u0131nda kullan\u0131ld\u0131\u011f\u0131nda kafa derisi kan dola\u015f\u0131m\u0131n\u0131, sa\u011fl\u0131kl\u0131 sa\u00e7 k\u00f6klerini destekleyebilir, sa\u00e7 b\u00fcy\u00fcmesini destekleyebilir, kellik olu\u015fumunu \u00f6nleyebilir.<\/p>","protected":false},"excerpt":{"rendered":"<p>INCI Ad\u0131: Nikotinamid<\/p>\n<p>CAS Numaras\u0131: 98-92-0<\/p>\n<p>G\u00f6r\u00fcn\u00fcm: Beyaz kristal toz<\/p>","protected":false},"featured_media":2147,"template":"","meta":{"_acf_changed":false,"_gspb_post_css":""},"product_brand":[],"product_cat":[60],"product_tag":[],"class_list":{"0":"post-3283","1":"product","2":"type-product","3":"status-publish","4":"has-post-thumbnail","6":"product_cat-cosmetic-ingredients","8":"first","9":"instock","10":"shipping-taxable","11":"product-type-simple"},"acf":[],"_links":{"self":[{"href":"https:\/\/wpachem.com\/tr\/wp-json\/wp\/v2\/product\/3283","targetHints":{"allow":["GET"]}}],"collection":[{"href":"https:\/\/wpachem.com\/tr\/wp-json\/wp\/v2\/product"}],"about":[{"href":"https:\/\/wpachem.com\/tr\/wp-json\/wp\/v2\/types\/product"}],"version-history":[{"count":0,"href":"https:\/\/wpachem.com\/tr\/wp-json\/wp\/v2\/product\/3283\/revisions"}],"wp:featuredmedia":[{"embeddable":true,"href":"https:\/\/wpachem.com\/tr\/wp-json\/wp\/v2\/media\/2147"}],"wp:attachment":[{"href":"https:\/\/wpachem.com\/tr\/wp-json\/wp\/v2\/media?parent=3283"}],"wp:term":[{"taxonomy":"product_brand","embeddable":true,"href":"https:\/\/wpachem.com\/tr\/wp-json\/wp\/v2\/product_brand?post=3283"},{"taxonomy":"product_cat","embeddable":true,"href":"https:\/\/wpachem.com\/tr\/wp-json\/wp\/v2\/product_cat?post=3283"},{"taxonomy":"product_tag","embeddable":true,"href":"https:\/\/wpachem.com\/tr\/wp-json\/wp\/v2\/product_tag?post=3283"}],"curies":[{"name":"wp","href":"https:\/\/api.w.org\/{rel}","templated":true}]}}