{"id":3286,"date":"2022-12-08T09:22:07","date_gmt":"2022-12-08T09:22:07","guid":{"rendered":"http:\/\/site2.easyceotech.com\/?post_type=product&#038;p=3286"},"modified":"2024-03-12T07:59:58","modified_gmt":"2024-03-12T07:59:58","slug":"ceramides","status":"publish","type":"product","link":"https:\/\/wpachem.com\/tr\/urun\/ceramides\/","title":{"rendered":"Seramidler"},"content":{"rendered":"<p>Seramidler, iskeleti seramidler olan bir fosfolipit s\u0131n\u0131f\u0131d\u0131r ve su molek\u00fcllerini birle\u015ftirme ve k\u00fctik\u00fclde bir a\u011f yap\u0131s\u0131 olu\u015fturarak cilt nemini koruma konusunda g\u00fc\u00e7l\u00fc bir yetene\u011fe sahiptir. Bu nedenle, seramidler ciltte nemi tutar. Seramid, son y\u0131llarda geli\u015ftirilen en son nesil nemlendiricidir. Suda \u00e7\u00f6z\u00fcnen bir lipit maddesidir. Cilt k\u00fctik\u00fcl\u00fcn\u00fcn madde yap\u0131s\u0131na benzer ve cilde h\u0131zla n\u00fcfuz edebilir.<\/p>\n<p><strong>\u00d6zellikleri:<\/strong><\/p>\n<p>1. Nemlendirici etki: Seramid, cilt k\u00fctik\u00fcl\u00fcndeki lipidin ana bile\u015fenidir ve cilt bariyerinin onar\u0131lmas\u0131na, cildin yumu\u015fak ve parlak olmas\u0131na yard\u0131mc\u0131 olabilir.<br \/>\n2. Bariyer etkisi: Ciltte yeterli seramid bulunmas\u0131 d\u0131\u015f uyaranlara kar\u015f\u0131 diren\u00e7 sa\u011flayabilir.<br \/>\n3, anti-alerjik etki: Seramid, k\u00fctik\u00fcl\u00fc kal\u0131nla\u015ft\u0131rmaya, cilt tolerans\u0131n\u0131 iyile\u015ftirmeye, d\u0131\u015far\u0131dan gelen zararl\u0131 etkilere kar\u015f\u0131 korumaya, hassasiyeti \u00f6nlemeye ve k\u0131rm\u0131z\u0131 kan h\u00fccrelerinin i\u015flevini onarmaya yard\u0131mc\u0131 olabilir.<br \/>\n4. Ayr\u0131ca seramidin \u00e7ok iyi bir ya\u015flanma kar\u015f\u0131t\u0131, beyazlat\u0131c\u0131 ve antioksidan etkisi vard\u0131r.<\/p>","protected":false},"excerpt":{"rendered":"<p><strong>\u0130NC\u0130 Ad\u0131:<\/strong> Seramidler<\/p>\n<p><strong>CAS Numaras\u0131:<\/strong> 100403-19-8<\/p>\n<p><strong>D\u0131\u015f g\u00f6r\u00fcn\u00fc\u015f:<\/strong> Berrak S\u0131v\u0131<\/p>","protected":false},"featured_media":2081,"template":"","meta":{"_acf_changed":false,"_gspb_post_css":""},"product_brand":[],"product_cat":[60],"product_tag":[],"class_list":{"0":"post-3286","1":"product","2":"type-product","3":"status-publish","4":"has-post-thumbnail","6":"product_cat-cosmetic-ingredients","8":"first","9":"instock","10":"shipping-taxable","11":"product-type-simple"},"acf":[],"_links":{"self":[{"href":"https:\/\/wpachem.com\/tr\/wp-json\/wp\/v2\/product\/3286","targetHints":{"allow":["GET"]}}],"collection":[{"href":"https:\/\/wpachem.com\/tr\/wp-json\/wp\/v2\/product"}],"about":[{"href":"https:\/\/wpachem.com\/tr\/wp-json\/wp\/v2\/types\/product"}],"version-history":[{"count":0,"href":"https:\/\/wpachem.com\/tr\/wp-json\/wp\/v2\/product\/3286\/revisions"}],"wp:featuredmedia":[{"embeddable":true,"href":"https:\/\/wpachem.com\/tr\/wp-json\/wp\/v2\/media\/2081"}],"wp:attachment":[{"href":"https:\/\/wpachem.com\/tr\/wp-json\/wp\/v2\/media?parent=3286"}],"wp:term":[{"taxonomy":"product_brand","embeddable":true,"href":"https:\/\/wpachem.com\/tr\/wp-json\/wp\/v2\/product_brand?post=3286"},{"taxonomy":"product_cat","embeddable":true,"href":"https:\/\/wpachem.com\/tr\/wp-json\/wp\/v2\/product_cat?post=3286"},{"taxonomy":"product_tag","embeddable":true,"href":"https:\/\/wpachem.com\/tr\/wp-json\/wp\/v2\/product_tag?post=3286"}],"curies":[{"name":"wp","href":"https:\/\/api.w.org\/{rel}","templated":true}]}}