{"id":3289,"date":"2022-12-09T05:39:06","date_gmt":"2022-12-09T05:39:06","guid":{"rendered":"http:\/\/site2.easyceotech.com\/?post_type=product&#038;p=3289"},"modified":"2024-03-12T07:59:54","modified_gmt":"2024-03-12T07:59:54","slug":"ethylhexyl-methoxycinnamate-octinoxate","status":"publish","type":"product","link":"https:\/\/wpachem.com\/tr\/urun\/ethylhexyl-methoxycinnamate-octinoxate\/","title":{"rendered":"Etilheksil Metoksisinamat (Oktinoksat)"},"content":{"rendered":"<p><strong>Ba\u015fvuru bilgileri:<\/strong><\/p>\n<p>Ethylhexyl Methoxycinnamate (Octinoxate) g\u00fc\u00e7l\u00fc bir UVB emicidir. Ya\u011fda \u00e7\u00f6z\u00fcnen, renksiz, neredeyse kokusuz bir s\u0131v\u0131d\u0131r, -10\u2103 kadar d\u00fc\u015f\u00fck s\u0131cakl\u0131klarda bile s\u0131v\u0131 kal\u0131r ve bir g\u00fcne\u015f kremi form\u00fcl\u00fcn\u00fcn ya\u011f faz\u0131na kolayca dahil edilebilir. Ethylhexyl Methoxycinnamate (Octinoxate) di\u011fer UV filtreleriyle birlikte kullan\u0131ld\u0131\u011f\u0131nda SPF&#039;yi art\u0131r\u0131r.<\/p>\n<p>Suya dayan\u0131kl\u0131 g\u00fcne\u015f kremi \u00fcr\u00fcnlerinin form\u00fclasyonu i\u00e7in idealdir. Ethylhexyl Methoxycinnamate (Octinoxate), Ethylhexyl Methoxycinnamate (Octinoxate), Dietilhexyl Butamido Triazone, Dietilamino Hydroxybenzoyl Hexyl Benzoate ve Bis-Ethylhexyloxyphenol Methoxyphenyl Triazine gibi kristalin UV emiciler i\u00e7in m\u00fckemmel bir \u00e7\u00f6z\u00fcc\u00fcd\u00fcr. Ethylhexyl Methoxycinnamate (Octinoxate), d\u00fcnya \u00e7ap\u0131nda \u00e7e\u015fitli konsantrasyonlarda onaylanm\u0131\u015ft\u0131r.<\/p>\n<p>&nbsp;<\/p>\n<p><strong>Emilim dalga boyu:<\/strong> UVB<\/p>\n<p><strong>Maksimum emilim:<\/strong> 311nm<\/p>\n<p><strong>\u00c7\u00f6z\u00fcn\u00fcrl\u00fck:<\/strong> ya\u011fda \u00e7\u00f6z\u00fcn\u00fcr<\/p>\n<p><strong>A\u015famada ekle:<\/strong> ya\u011f faz\u0131<\/p>","protected":false},"excerpt":{"rendered":"<p><strong>\u0130NC\u0130 Ad\u0131:<\/strong> Etilheksil Metoksisinamat (Oktinoksat)<\/p>\n<p><strong>CAS HNo.:<\/strong> 5466-77-3<\/p>\n<p><strong>\u00c7.M:<\/strong> C18H26O3<\/p>\n<p><strong>D\u0131\u015f g\u00f6r\u00fcn\u00fc\u015f:<\/strong> Renksiz veya a\u00e7\u0131k sar\u0131 s\u0131v\u0131<\/p>","protected":false},"featured_media":2090,"template":"","meta":{"_acf_changed":false,"_gspb_post_css":""},"product_brand":[],"product_cat":[60],"product_tag":[],"class_list":{"0":"post-3289","1":"product","2":"type-product","3":"status-publish","4":"has-post-thumbnail","6":"product_cat-cosmetic-ingredients","8":"first","9":"instock","10":"shipping-taxable","11":"product-type-simple"},"acf":[],"_links":{"self":[{"href":"https:\/\/wpachem.com\/tr\/wp-json\/wp\/v2\/product\/3289","targetHints":{"allow":["GET"]}}],"collection":[{"href":"https:\/\/wpachem.com\/tr\/wp-json\/wp\/v2\/product"}],"about":[{"href":"https:\/\/wpachem.com\/tr\/wp-json\/wp\/v2\/types\/product"}],"version-history":[{"count":0,"href":"https:\/\/wpachem.com\/tr\/wp-json\/wp\/v2\/product\/3289\/revisions"}],"wp:featuredmedia":[{"embeddable":true,"href":"https:\/\/wpachem.com\/tr\/wp-json\/wp\/v2\/media\/2090"}],"wp:attachment":[{"href":"https:\/\/wpachem.com\/tr\/wp-json\/wp\/v2\/media?parent=3289"}],"wp:term":[{"taxonomy":"product_brand","embeddable":true,"href":"https:\/\/wpachem.com\/tr\/wp-json\/wp\/v2\/product_brand?post=3289"},{"taxonomy":"product_cat","embeddable":true,"href":"https:\/\/wpachem.com\/tr\/wp-json\/wp\/v2\/product_cat?post=3289"},{"taxonomy":"product_tag","embeddable":true,"href":"https:\/\/wpachem.com\/tr\/wp-json\/wp\/v2\/product_tag?post=3289"}],"curies":[{"name":"wp","href":"https:\/\/api.w.org\/{rel}","templated":true}]}}