{"id":3293,"date":"2022-12-09T06:13:36","date_gmt":"2022-12-09T06:13:36","guid":{"rendered":"http:\/\/site2.easyceotech.com\/?post_type=product&#038;p=3293"},"modified":"2024-03-12T07:59:51","modified_gmt":"2024-03-12T07:59:51","slug":"ascorbyl-palmitate","status":"publish","type":"product","link":"https:\/\/wpachem.com\/tr\/urun\/ascorbyl-palmitate\/","title":{"rendered":"Askorbil Palmitat"},"content":{"rendered":"<p><strong>\u00d6zellikleri:<\/strong><\/p>\n<p>Askorbil Palmitat, askorbik asit 6-palmitat ve palmitik asit askorbik asit esteri olarak da bilinir, beyaz veya sar\u0131ms\u0131 beyaz bir tozdur. Askorbil Palmitat en g\u00fc\u00e7l\u00fc antioksidanlardan biridir. Ya\u011f peroksit olu\u015fumunu \u00f6nleyebilir ve hayvansal ya\u011f, bitkisel ya\u011f, bal\u0131k, margarin, s\u00fct ve karotenoidin oksidasyon bozulmas\u0131n\u0131 geciktirebilir, bu da BHA ve BHT&#039;den daha iyidir. vE ve di\u011fer antioksidanlarla birlikte kullan\u0131ld\u0131\u011f\u0131nda, antioksidan etkisi daha \u00f6nemlidir. Esas olarak bir antioksidan olarak, g\u0131da, ila\u00e7 ve di\u011fer alanlarda yayg\u0131n olarak kullan\u0131l\u0131r.<\/p>","protected":false},"excerpt":{"rendered":"<p><strong>\u0130NC\u0130 Ad\u0131:<\/strong> Askorbil Palmitat<\/p>\n<p><strong>CAS Numaras\u0131:<\/strong> 137-66-6<\/p>\n<p><strong>\u00c7.M:<\/strong> C22H38O7<\/p>\n<p><strong>D\u0131\u015f g\u00f6r\u00fcn\u00fc\u015f:<\/strong> Beyaz veya a\u00e7\u0131k sar\u0131 toz<\/p>","protected":false},"featured_media":2173,"template":"","meta":{"_acf_changed":false,"_gspb_post_css":""},"product_brand":[],"product_cat":[60],"product_tag":[],"class_list":{"0":"post-3293","1":"product","2":"type-product","3":"status-publish","4":"has-post-thumbnail","6":"product_cat-cosmetic-ingredients","8":"first","9":"instock","10":"shipping-taxable","11":"product-type-simple"},"acf":[],"_links":{"self":[{"href":"https:\/\/wpachem.com\/tr\/wp-json\/wp\/v2\/product\/3293","targetHints":{"allow":["GET"]}}],"collection":[{"href":"https:\/\/wpachem.com\/tr\/wp-json\/wp\/v2\/product"}],"about":[{"href":"https:\/\/wpachem.com\/tr\/wp-json\/wp\/v2\/types\/product"}],"version-history":[{"count":0,"href":"https:\/\/wpachem.com\/tr\/wp-json\/wp\/v2\/product\/3293\/revisions"}],"wp:featuredmedia":[{"embeddable":true,"href":"https:\/\/wpachem.com\/tr\/wp-json\/wp\/v2\/media\/2173"}],"wp:attachment":[{"href":"https:\/\/wpachem.com\/tr\/wp-json\/wp\/v2\/media?parent=3293"}],"wp:term":[{"taxonomy":"product_brand","embeddable":true,"href":"https:\/\/wpachem.com\/tr\/wp-json\/wp\/v2\/product_brand?post=3293"},{"taxonomy":"product_cat","embeddable":true,"href":"https:\/\/wpachem.com\/tr\/wp-json\/wp\/v2\/product_cat?post=3293"},{"taxonomy":"product_tag","embeddable":true,"href":"https:\/\/wpachem.com\/tr\/wp-json\/wp\/v2\/product_tag?post=3293"}],"curies":[{"name":"wp","href":"https:\/\/api.w.org\/{rel}","templated":true}]}}