{"id":3297,"date":"2022-12-09T09:05:54","date_gmt":"2022-12-09T09:05:54","guid":{"rendered":"http:\/\/site2.easyceotech.com\/?post_type=product&#038;p=3297"},"modified":"2024-03-12T07:59:44","modified_gmt":"2024-03-12T07:59:44","slug":"ascorbyl-glucoside","status":"publish","type":"product","link":"https:\/\/wpachem.com\/tr\/urun\/ascorbyl-glucoside\/","title":{"rendered":"Askorbil Glukozit"},"content":{"rendered":"<p><strong>\u00d6zellikleri:<\/strong><\/p>\n<p>Askorbat glukozit, C vitamininin bir formudur. VC glukozit olarak da bilinir. Cilt taraf\u0131ndan emildikten sonra C vitaminine d\u00f6n\u00fc\u015ft\u00fcr\u00fclebilir. Melanin \u00fcretiminin oksidasyon zincirini dopaya indirger ve b\u00f6ylece melanin olu\u015fumunu engeller ve beyazlat\u0131c\u0131 etkiye sahiptir. Ayr\u0131ca kolajen sentezini d\u00fczenler. \u00c7ok \u00e7e\u015fitli PH ko\u015fullar\u0131nda stabildir. VC&#039;yi asit ajan\u0131, indirgeyici ajan, antioksidan, a\u011fart\u0131c\u0131 ve dengeleyici olarak de\u011fi\u015ftirebilir, kozmetik, g\u0131da ve ila\u00e7 ve di\u011fer alanlarda yayg\u0131n olarak kullan\u0131l\u0131r. En tan\u0131nm\u0131\u015f beyazlat\u0131c\u0131 katk\u0131 maddelerinden biri ve en stabil C vitamini t\u00fcrevi olarak, ayn\u0131 zamanda b\u00fcy\u00fck markalar i\u00e7in en yayg\u0131n kullan\u0131lan beyazlat\u0131c\u0131 bile\u015fendir. Askorbat glukozit sadece iyi bir beyazlatma etkisine sahip olmakla kalmaz, ayn\u0131 zamanda stabil kimyasal \u00f6zelliklere sahiptir ve cildi tahri\u015f etmez. Yurt i\u00e7inde ve yurt d\u0131\u015f\u0131nda kozmetiklerde yayg\u0131n olarak kullan\u0131l\u0131r<\/p>\n<p>&nbsp;<\/p>\n<p><strong>Uygulama:<\/strong> Cilt kremi, temizleyici, sa\u00e7 boyas\u0131, beyazlat\u0131c\u0131 krem<\/p>\n<p><strong>\u0130\u015flev:<\/strong> Beyazlatma, \u00e7il giderme, melanin engelleme, kollajen sentezini te\u015fvik etme, bronzla\u015fm\u0131\u015f cilt eritem onar\u0131m\u0131ndan sonra nemlendirme<\/p>","protected":false},"excerpt":{"rendered":"<p>INCI Ad\u0131: Askorbil Glukozit<\/p>\n<p>CAS Numaras\u0131: 129499-78-1<\/p>\n<p>G\u00f6r\u00fcn\u00fcm: Beyaz toz<\/p>","protected":false},"featured_media":2217,"template":"","meta":{"_acf_changed":false,"_gspb_post_css":""},"product_brand":[],"product_cat":[60],"product_tag":[],"class_list":{"0":"post-3297","1":"product","2":"type-product","3":"status-publish","4":"has-post-thumbnail","6":"product_cat-cosmetic-ingredients","8":"first","9":"instock","10":"shipping-taxable","11":"product-type-simple"},"acf":[],"_links":{"self":[{"href":"https:\/\/wpachem.com\/tr\/wp-json\/wp\/v2\/product\/3297","targetHints":{"allow":["GET"]}}],"collection":[{"href":"https:\/\/wpachem.com\/tr\/wp-json\/wp\/v2\/product"}],"about":[{"href":"https:\/\/wpachem.com\/tr\/wp-json\/wp\/v2\/types\/product"}],"version-history":[{"count":0,"href":"https:\/\/wpachem.com\/tr\/wp-json\/wp\/v2\/product\/3297\/revisions"}],"wp:featuredmedia":[{"embeddable":true,"href":"https:\/\/wpachem.com\/tr\/wp-json\/wp\/v2\/media\/2217"}],"wp:attachment":[{"href":"https:\/\/wpachem.com\/tr\/wp-json\/wp\/v2\/media?parent=3297"}],"wp:term":[{"taxonomy":"product_brand","embeddable":true,"href":"https:\/\/wpachem.com\/tr\/wp-json\/wp\/v2\/product_brand?post=3297"},{"taxonomy":"product_cat","embeddable":true,"href":"https:\/\/wpachem.com\/tr\/wp-json\/wp\/v2\/product_cat?post=3297"},{"taxonomy":"product_tag","embeddable":true,"href":"https:\/\/wpachem.com\/tr\/wp-json\/wp\/v2\/product_tag?post=3297"}],"curies":[{"name":"wp","href":"https:\/\/api.w.org\/{rel}","templated":true}]}}