{"id":3314,"date":"2022-12-16T02:40:21","date_gmt":"2022-12-16T02:40:21","guid":{"rendered":"http:\/\/site2.easyceotech.com\/?post_type=product&#038;p=3314"},"modified":"2024-03-12T07:59:40","modified_gmt":"2024-03-12T07:59:40","slug":"cinnamic-acid","status":"publish","type":"product","link":"https:\/\/wpachem.com\/tr\/urun\/cinnamic-acid\/","title":{"rendered":"tar\u00e7\u0131n asidi"},"content":{"rendered":"<p><strong>\u00d6zellikleri:<\/strong><\/p>\n<p>Sinnamik asit, C6H5CH=CHCOOH form\u00fcl\u00fcne sahip organik bir bile\u015fiktir. Suda az \u00e7\u00f6z\u00fcn\u00fcr ve bir\u00e7ok organik \u00e7\u00f6z\u00fcc\u00fcde serbest\u00e7e \u00e7\u00f6z\u00fcn\u00fcr olan beyaz kristal bir bile\u015fiktir. Doymam\u0131\u015f bir karboksilik asit olarak s\u0131n\u0131fland\u0131r\u0131l\u0131r ve bir\u00e7ok bitkide do\u011fal olarak bulunur. Hem cis hem de trans izomer olarak bulunur, ancak ikincisi daha yayg\u0131nd\u0131r.<\/p>\n<p>Sinnamik asit, lignolsto lignin ve ignosel\u00fcloz, flavonoidler, izoflavonoidler, kumarinler, auronlar, stilbenler, kate\u015fin ve fenilpropanoidler dahil olmak \u00fczere say\u0131s\u0131z do\u011fal \u00fcr\u00fcn\u00fcn biyosentezinde merkezi bir ara maddedir. Biyosentezi, fenilalanin amonyak-liyaz (PAL) enziminin fenilalanin \u00fczerindeki etkisiyle ger\u00e7ekle\u015ftirilir.<\/p>\n<p>Tar\u00e7\u0131n asidi, lignin, tanenler, flavonoidler, pigmentler, baharatlar\u0131n bir\u00e7ok tat bile\u015feni ve morfin ve kol\u015fisin gibi \u00e7e\u015fitli alkaloitler de dahil olmak \u00fczere \u00e7ok say\u0131da bitkisel maddenin sentezi i\u00e7in bir \u00f6nc\u00fcd\u00fcr.<\/p>\n<p><strong>Uygulama:<\/strong><\/p>\n<p>Metil sinamat, etil sinamat, benzil sinamat sentezinde kullan\u0131l\u0131r, baharat end\u00fcstrisinde ve ila\u00e7 end\u00fcstrisinde yayg\u0131n olarak kullan\u0131l\u0131r.<\/p>\n<p>Kiraz, kay\u0131s\u0131, bal ve tar\u00e7\u0131n aromas\u0131 haz\u0131rlamak i\u00e7in baharat olarak kullan\u0131l\u0131r; Ayr\u0131ca fotosensitif re\u00e7ine polisinnamik asit etilen serisinin hammaddesi olan sinnamat esterinin hammaddesi olarak da kullan\u0131labilir; Kozmetik, sabun, lokal anestezik, hemostatik ajanlar ve ila\u00e7lar (laktat kardiyodin ve klorfenaminobutirat vb.) i\u00e7in baharat olarak kullan\u0131labilen metil ester, etil ester ve benzil ester sentezi i\u00e7in hammaddeler;<\/p>\n<p>Bitki b\u00fcy\u00fcme d\u00fczenleyicileri ve fungisitler ve di\u011fer pestisit hammaddeleri olarak kullan\u0131l\u0131r;<\/p>\n<p>Meyve ve sebzelerde koruyucu maddeler;<\/p>\n<p>Kozmetiklerde g\u00fcne\u015f koruyucu olarak kullan\u0131lan ultraviyole madde ve \u0131\u015f\u0131\u011fa duyarl\u0131 re\u00e7inenin hammaddesi olarak kullan\u0131l\u0131r.<\/p>","protected":false},"excerpt":{"rendered":"<p>\u00dcr\u00fcn Ad\u0131: Tar\u00e7\u0131n asidi<\/p>\n<p>CAS Numaras\u0131: 621-82-9<\/p>\n<p>MF: C9H8O2<\/p>\n<p>G\u00f6r\u00fcn\u00fcm\uff1aBeyaz toz<\/p>","protected":false},"featured_media":2216,"template":"","meta":{"_acf_changed":false,"_gspb_post_css":""},"product_brand":[],"product_cat":[61],"product_tag":[],"class_list":{"0":"post-3314","1":"product","2":"type-product","3":"status-publish","4":"has-post-thumbnail","6":"product_cat-flavor-and-fragrance","8":"first","9":"instock","10":"shipping-taxable","11":"product-type-simple"},"acf":[],"_links":{"self":[{"href":"https:\/\/wpachem.com\/tr\/wp-json\/wp\/v2\/product\/3314","targetHints":{"allow":["GET"]}}],"collection":[{"href":"https:\/\/wpachem.com\/tr\/wp-json\/wp\/v2\/product"}],"about":[{"href":"https:\/\/wpachem.com\/tr\/wp-json\/wp\/v2\/types\/product"}],"version-history":[{"count":0,"href":"https:\/\/wpachem.com\/tr\/wp-json\/wp\/v2\/product\/3314\/revisions"}],"wp:featuredmedia":[{"embeddable":true,"href":"https:\/\/wpachem.com\/tr\/wp-json\/wp\/v2\/media\/2216"}],"wp:attachment":[{"href":"https:\/\/wpachem.com\/tr\/wp-json\/wp\/v2\/media?parent=3314"}],"wp:term":[{"taxonomy":"product_brand","embeddable":true,"href":"https:\/\/wpachem.com\/tr\/wp-json\/wp\/v2\/product_brand?post=3314"},{"taxonomy":"product_cat","embeddable":true,"href":"https:\/\/wpachem.com\/tr\/wp-json\/wp\/v2\/product_cat?post=3314"},{"taxonomy":"product_tag","embeddable":true,"href":"https:\/\/wpachem.com\/tr\/wp-json\/wp\/v2\/product_tag?post=3314"}],"curies":[{"name":"wp","href":"https:\/\/api.w.org\/{rel}","templated":true}]}}