{"id":3318,"date":"2022-12-16T02:58:08","date_gmt":"2022-12-16T02:58:08","guid":{"rendered":"http:\/\/site2.easyceotech.com\/?post_type=product&#038;p=3318"},"modified":"2024-03-12T06:58:22","modified_gmt":"2024-03-12T06:58:22","slug":"methyl-dihydrojasmonate","status":"publish","type":"product","link":"https:\/\/wpachem.com\/tr\/urun\/methyl-dihydrojasmonate\/","title":{"rendered":"Metil Dihidrojasmonat"},"content":{"rendered":"<p><strong>\u00d6zellikleri:<\/strong><\/p>\n<p>Metil Dihidrojasmonat, yasemin benzeri kokan bir aroma bile\u015fi\u011fidir. Rasemik kar\u0131\u015f\u0131mlarda koku \u00e7i\u00e7eksi ve narenciyedir, epimerize kar\u0131\u015f\u0131mlar ise milyarda 15 par\u00e7a koku tan\u0131ma e\u015fikleriyle yo\u011fun bir tereya\u011fl\u0131-\u00e7i\u00e7eksi koku sergiler.<\/p>\n<p>&nbsp;<\/p>\n<p><strong>Ba\u015fvuru:\u00a0<\/strong><\/p>\n<p>Yapay yasemin ya\u011f\u0131, yasemin ve ak\u015fam ye\u015fimi baz\u0131 haz\u0131rlamak i\u00e7in kullan\u0131labilir. Vadi zamba\u011f\u0131 \u00fczerinde az miktarda kullan\u0131ld\u0131\u011f\u0131nda koyula\u015ft\u0131r\u0131r ve hafif bir yuvarlakl\u0131k verir. Ayr\u0131ca \u00e7i\u00e7eksi olmayan Suxin orkidesi, Oryantal tip ve yeni tip ejderha kokusunda da kullan\u0131l\u0131r, iyi bir etki yarat\u0131r. Ah\u015fap t\u00fcts\u00fc ile uyumlu olarak kullan\u0131labilir<\/p>","protected":false},"excerpt":{"rendered":"<p>\u00dcr\u00fcn Ad\u0131: Metil Dihidrojasmonat<\/p>\n<p>CAS Numaras\u0131: 24851-98-7<\/p>\n<p>MF:C13H22O3<\/p>\n<p>G\u00f6r\u00fcn\u00fcm: Berrak ila soluk sar\u0131 ya\u011fl\u0131 s\u0131v\u0131<\/p>","protected":false},"featured_media":3323,"template":"","meta":{"_acf_changed":false,"_gspb_post_css":""},"product_brand":[],"product_cat":[61],"product_tag":[],"class_list":{"0":"post-3318","1":"product","2":"type-product","3":"status-publish","4":"has-post-thumbnail","6":"product_cat-flavor-and-fragrance","8":"first","9":"instock","10":"shipping-taxable","11":"product-type-simple"},"acf":[],"_links":{"self":[{"href":"https:\/\/wpachem.com\/tr\/wp-json\/wp\/v2\/product\/3318","targetHints":{"allow":["GET"]}}],"collection":[{"href":"https:\/\/wpachem.com\/tr\/wp-json\/wp\/v2\/product"}],"about":[{"href":"https:\/\/wpachem.com\/tr\/wp-json\/wp\/v2\/types\/product"}],"version-history":[{"count":0,"href":"https:\/\/wpachem.com\/tr\/wp-json\/wp\/v2\/product\/3318\/revisions"}],"wp:featuredmedia":[{"embeddable":true,"href":"https:\/\/wpachem.com\/tr\/wp-json\/wp\/v2\/media\/3323"}],"wp:attachment":[{"href":"https:\/\/wpachem.com\/tr\/wp-json\/wp\/v2\/media?parent=3318"}],"wp:term":[{"taxonomy":"product_brand","embeddable":true,"href":"https:\/\/wpachem.com\/tr\/wp-json\/wp\/v2\/product_brand?post=3318"},{"taxonomy":"product_cat","embeddable":true,"href":"https:\/\/wpachem.com\/tr\/wp-json\/wp\/v2\/product_cat?post=3318"},{"taxonomy":"product_tag","embeddable":true,"href":"https:\/\/wpachem.com\/tr\/wp-json\/wp\/v2\/product_tag?post=3318"}],"curies":[{"name":"wp","href":"https:\/\/api.w.org\/{rel}","templated":true}]}}