{"id":3324,"date":"2022-12-16T03:15:44","date_gmt":"2022-12-16T03:15:44","guid":{"rendered":"http:\/\/site2.easyceotech.com\/?post_type=product&#038;p=3324"},"modified":"2024-03-12T07:59:28","modified_gmt":"2024-03-12T07:59:28","slug":"cis-3-hexenol","status":"publish","type":"product","link":"https:\/\/wpachem.com\/tr\/urun\/cis-3-hexenol\/","title":{"rendered":"CIS-3-HEKSENOL"},"content":{"rendered":"<p><strong>\u00d6zellikleri:<\/strong><\/p>\n<p>CIS-3-HEXENOL (Yaprak alkol\u00fc) \u00e7i\u00e7ek aromas\u0131n\u0131n \u00f6nemli kokular\u0131ndan biridir, ye\u015fil aroma aromas\u0131, bir tat bile\u015fi\u011fi, renksiz s\u0131v\u0131, zarif ye\u015fil aromas\u0131 vard\u0131r. Suda az \u00e7\u00f6z\u00fcn\u00fcr, etanolde, propilen glikolde ve di\u011fer organik \u00e7\u00f6z\u00fcc\u00fclerde \u00e7\u00f6z\u00fcn\u00fcr, genellikle \u00e7ay, domates, osmanthus, yasemin, kokulu yapraklar, nane, menek\u015fe ve di\u011fer bir\u00e7ok bitkide alkol veya ester formunda bulunur.<\/p>\n<p>&nbsp;<\/p>\n<p><strong>Ba\u015fvuru:<\/strong><\/p>\n<p>Yaprak alkol\u00fc, muz, \u00e7ilek, narenciye, g\u00fcl \u00fcz\u00fcm\u00fc, elma vb. gibi do\u011fal taze lezzet aromalar\u0131n\u0131n haz\u0131rlanmas\u0131nda yayg\u0131n olarak kullan\u0131l\u0131r. Ayr\u0131ca asetik asit, valerik asit, laktik asit ve di\u011fer esterlerle birlikte g\u0131dalar\u0131n tad\u0131n\u0131 de\u011fi\u015ftirmek i\u00e7in kullan\u0131l\u0131r, \u00f6zellikle ferahlat\u0131c\u0131 i\u00e7eceklerin ve meyve sular\u0131n\u0131n tatl\u0131 tad\u0131n\u0131 bast\u0131rmak i\u00e7in kullan\u0131l\u0131r.<\/p>\n<p>Yaprak alkol\u00fc taze \u00e7imenin g\u00fc\u00e7l\u00fc aromas\u0131na sahiptir, de\u011ferli baharatlar\u0131n pop\u00fcler bir berrak lezzet t\u00fcr\u00fcd\u00fcr. Yaprak alkol\u00fc ve esterleri, lezzet \u00fcretiminde vazge\u00e7ilmez tatland\u0131r\u0131c\u0131 maddelerdir.<\/p>\n<p>Kozmetik end\u00fcstrisinde, yaprak alkol\u00fc, vadi zamba\u011f\u0131 tipi, karanfil tipi, me\u015fe yosunu tipi, nane tipi ve lavanta tipi u\u00e7ucu ya\u011flar vb. gibi do\u011fal kokulara benzer \u00e7e\u015fitli yapay u\u00e7ucu ya\u011flar haz\u0131rlamak i\u00e7in kullan\u0131l\u0131r, ayr\u0131ca \u00e7e\u015fitli \u00e7i\u00e7ek aromalar\u0131 haz\u0131rlamak i\u00e7in de kullan\u0131labilir, b\u00f6ylece ye\u015fil kokulu yapay u\u00e7ucu ya\u011flar ve kokular elde edilir. Yaprak alkol\u00fc ayr\u0131ca jasmonone ve metil jasmonat\u0131n sentezi i\u00e7in \u00f6nemli bir hammaddedir.<\/p>","protected":false},"excerpt":{"rendered":"<p>\u00dcr\u00fcn Ad\u0131: CIS-3-HEXENOL<\/p>\n<p>CAS Numaras\u0131: 928-96-1<\/p>\n<p>MF:C6H12O<\/p>\n<p>G\u00f6r\u00fcn\u00fcm: Klorsuz s\u0131v\u0131<\/p>","protected":false},"featured_media":2090,"template":"","meta":{"_acf_changed":false,"_gspb_post_css":""},"product_brand":[],"product_cat":[61],"product_tag":[],"class_list":{"0":"post-3324","1":"product","2":"type-product","3":"status-publish","4":"has-post-thumbnail","6":"product_cat-flavor-and-fragrance","8":"first","9":"instock","10":"shipping-taxable","11":"product-type-simple"},"acf":[],"_links":{"self":[{"href":"https:\/\/wpachem.com\/tr\/wp-json\/wp\/v2\/product\/3324","targetHints":{"allow":["GET"]}}],"collection":[{"href":"https:\/\/wpachem.com\/tr\/wp-json\/wp\/v2\/product"}],"about":[{"href":"https:\/\/wpachem.com\/tr\/wp-json\/wp\/v2\/types\/product"}],"version-history":[{"count":0,"href":"https:\/\/wpachem.com\/tr\/wp-json\/wp\/v2\/product\/3324\/revisions"}],"wp:featuredmedia":[{"embeddable":true,"href":"https:\/\/wpachem.com\/tr\/wp-json\/wp\/v2\/media\/2090"}],"wp:attachment":[{"href":"https:\/\/wpachem.com\/tr\/wp-json\/wp\/v2\/media?parent=3324"}],"wp:term":[{"taxonomy":"product_brand","embeddable":true,"href":"https:\/\/wpachem.com\/tr\/wp-json\/wp\/v2\/product_brand?post=3324"},{"taxonomy":"product_cat","embeddable":true,"href":"https:\/\/wpachem.com\/tr\/wp-json\/wp\/v2\/product_cat?post=3324"},{"taxonomy":"product_tag","embeddable":true,"href":"https:\/\/wpachem.com\/tr\/wp-json\/wp\/v2\/product_tag?post=3324"}],"curies":[{"name":"wp","href":"https:\/\/api.w.org\/{rel}","templated":true}]}}