{"id":3327,"date":"2022-12-16T05:26:06","date_gmt":"2022-12-16T05:26:06","guid":{"rendered":"http:\/\/site2.easyceotech.com\/?post_type=product&#038;p=3327"},"modified":"2024-03-12T07:58:43","modified_gmt":"2024-03-12T07:58:43","slug":"cis-3-hexenyl-salicylate","status":"publish","type":"product","link":"https:\/\/wpachem.com\/tr\/urun\/cis-3-hexenyl-salicylate\/","title":{"rendered":"CIS-3-HEKSEN\u0130L SAL\u0130S\u0130LAT"},"content":{"rendered":"<p>\u00d6zellikleri:<\/p>\n<p>CIS-3-HEXENYL SALICYLATE g\u00fc\u00e7l\u00fc bir taze kokuya sahiptir ve macun aromas\u0131 ve ya\u011f kokusu ile taze bitkisel aroman\u0131n da\u011f\u0131t\u0131m\u0131 i\u00e7in kullan\u0131labilir. G\u00fcnl\u00fck kimyasal aromada yayg\u0131n olarak kullan\u0131l\u0131r.<\/p>\n<p>&nbsp;<\/p>\n<table>\n<tbody>\n<tr>\n<td width=\"236\"><strong>\u00d6\u011fe<\/strong><\/td>\n<td width=\"236\"><strong>\u00d6zellikler<\/strong><\/td>\n<\/tr>\n<tr>\n<td width=\"236\">D\u0131\u015f g\u00f6r\u00fcn\u00fc\u015f<\/td>\n<td width=\"236\">Renksiz s\u0131v\u0131<\/td>\n<\/tr>\n<tr>\n<td width=\"236\">K\u0131r\u0131lma indeksi (20 \u00b0C)<\/td>\n<td width=\"236\">1.518 \u2013 1.525<\/td>\n<\/tr>\n<tr>\n<td width=\"236\">\u0130\u00e7erik (%)<\/td>\n<td width=\"236\">97 \u2013 100<\/td>\n<\/tr>\n<tr>\n<td width=\"236\">Asit de\u011feri (KOH mg\/g)<\/td>\n<td width=\"236\">0 \u2013 2<\/td>\n<\/tr>\n<tr>\n<td width=\"236\">Ba\u011f\u0131l yo\u011funluk (20\/20 \u00b0C)<\/td>\n<td width=\"236\">1.059 \u2013 1.067<\/td>\n<\/tr>\n<\/tbody>\n<\/table>\n<p>&nbsp;<\/p>\n<p>&nbsp;<\/p>","protected":false},"excerpt":{"rendered":"<p>\u00dcr\u00fcn Ad\u0131: CIS-3-HEKSEN\u0130L SAL\u0130S\u0130LAT<\/p>\n<p>CAS Numaras\u0131: 65405-77-8<\/p>\n<p>MF: C13H16O3, C13H16O3<\/p>\n<p>G\u00f6r\u00fcn\u00fcm: Renksiz veya sar\u0131ms\u0131 s\u0131v\u0131<\/p>\n<p>&nbsp;<\/p>","protected":false},"featured_media":2081,"template":"","meta":{"_acf_changed":false,"_gspb_post_css":""},"product_brand":[],"product_cat":[61],"product_tag":[],"class_list":{"0":"post-3327","1":"product","2":"type-product","3":"status-publish","4":"has-post-thumbnail","6":"product_cat-flavor-and-fragrance","8":"first","9":"instock","10":"shipping-taxable","11":"product-type-simple"},"acf":[],"_links":{"self":[{"href":"https:\/\/wpachem.com\/tr\/wp-json\/wp\/v2\/product\/3327","targetHints":{"allow":["GET"]}}],"collection":[{"href":"https:\/\/wpachem.com\/tr\/wp-json\/wp\/v2\/product"}],"about":[{"href":"https:\/\/wpachem.com\/tr\/wp-json\/wp\/v2\/types\/product"}],"version-history":[{"count":0,"href":"https:\/\/wpachem.com\/tr\/wp-json\/wp\/v2\/product\/3327\/revisions"}],"wp:featuredmedia":[{"embeddable":true,"href":"https:\/\/wpachem.com\/tr\/wp-json\/wp\/v2\/media\/2081"}],"wp:attachment":[{"href":"https:\/\/wpachem.com\/tr\/wp-json\/wp\/v2\/media?parent=3327"}],"wp:term":[{"taxonomy":"product_brand","embeddable":true,"href":"https:\/\/wpachem.com\/tr\/wp-json\/wp\/v2\/product_brand?post=3327"},{"taxonomy":"product_cat","embeddable":true,"href":"https:\/\/wpachem.com\/tr\/wp-json\/wp\/v2\/product_cat?post=3327"},{"taxonomy":"product_tag","embeddable":true,"href":"https:\/\/wpachem.com\/tr\/wp-json\/wp\/v2\/product_tag?post=3327"}],"curies":[{"name":"wp","href":"https:\/\/api.w.org\/{rel}","templated":true}]}}