{"id":3330,"date":"2022-12-16T05:41:27","date_gmt":"2022-12-16T05:41:27","guid":{"rendered":"http:\/\/site2.easyceotech.com\/?post_type=product&#038;p=3330"},"modified":"2024-03-12T07:58:40","modified_gmt":"2024-03-12T07:58:40","slug":"e-super","status":"publish","type":"product","link":"https:\/\/wpachem.com\/tr\/urun\/e-super\/","title":{"rendered":"E S\u00fcper"},"content":{"rendered":"<div>\n<div><strong data-spm-anchor-id=\"a2700.details.0.i7.59e131cbqcjYiy\">CAS:<\/strong>\u00a054464-57-2 B\u00f6cek ilac\u0131 Sipermetrin<br \/>\n<strong>Ortak \u0130sim<\/strong>: Iso E Super\u00ae (IFF), Amberonne (Agan), Anthamber (DRT), Orbitone\u00ae (Takasago).<br \/>\n<strong>Kimyasal Ad\u0131:<\/strong>\u00a01-(2,3,8,8-Tetrametil-1,2,3,4,5,6,7,8-oktahidronaftalen-2-il)etanon<\/div>\n<div data-spm-anchor-id=\"a2700.details.0.i6.59e131cbqcjYiy\">\n<p><strong>Molek\u00fcler form\u00fcl<\/strong>: C22H19Cl2NO3<\/p>\n<\/div>\n<div><strong>Tan\u0131m:<\/strong>1-(2,3,8,8-Tetrametil-1,2,3,4,5,6,7,8-oktahidronaftalen-2-il)etanon Berrak Sar\u0131 S\u0131v\u0131d\u0131r.<\/div>\n<\/div>\n<div>ISO E S\u00fcper aromas\u0131 do\u011fal ambere benzer, amber aromal\u0131, son derece kal\u0131c\u0131d\u0131r.<\/div>\n<div><\/div>\n<div><\/div>\n<div>\n<table>\n<tbody>\n<tr>\n<td width=\"236\">\u00d6\u011fe<\/td>\n<td width=\"236\">\u00d6zellikler<\/td>\n<\/tr>\n<tr>\n<td width=\"236\">Yo\u011funluk<\/td>\n<td width=\"236\">0.960~0.966<\/td>\n<\/tr>\n<tr>\n<td width=\"236\">Kaynama noktas\u0131<\/td>\n<td width=\"236\">312,2\u00b131,0 \u00b0C(Tahmin edilen)<\/p>\n<p>134~135\u2103(0,37kPa).<\/td>\n<\/tr>\n<tr>\n<td width=\"236\">\u0130\u00e7erik (%)<\/td>\n<td width=\"236\">Buzdolab\u0131<\/td>\n<\/tr>\n<tr>\n<td width=\"236\">Depolama s\u0131cakl\u0131\u011f\u0131.<\/td>\n<td width=\"236\">1.498~1.500<\/td>\n<\/tr>\n<\/tbody>\n<\/table>\n<\/div>\n<p>&nbsp;<\/p>","protected":false},"excerpt":{"rendered":"<p>\u00dcr\u00fcn Ad\u0131: E S\u00fcper<\/p>\n<p>CAS Numaras\u0131: 54464-57-2<\/p>\n<p>MF: C16H26O, C16H26O<\/p>\n<p>G\u00f6r\u00fcn\u00fcm: Berrak veya soluk sar\u0131 s\u0131v\u0131 ya\u011f<\/p>","protected":false},"featured_media":2113,"template":"","meta":{"_acf_changed":false,"_gspb_post_css":""},"product_brand":[],"product_cat":[61],"product_tag":[],"class_list":{"0":"post-3330","1":"product","2":"type-product","3":"status-publish","4":"has-post-thumbnail","6":"product_cat-flavor-and-fragrance","8":"first","9":"instock","10":"shipping-taxable","11":"product-type-simple"},"acf":[],"_links":{"self":[{"href":"https:\/\/wpachem.com\/tr\/wp-json\/wp\/v2\/product\/3330","targetHints":{"allow":["GET"]}}],"collection":[{"href":"https:\/\/wpachem.com\/tr\/wp-json\/wp\/v2\/product"}],"about":[{"href":"https:\/\/wpachem.com\/tr\/wp-json\/wp\/v2\/types\/product"}],"version-history":[{"count":0,"href":"https:\/\/wpachem.com\/tr\/wp-json\/wp\/v2\/product\/3330\/revisions"}],"wp:featuredmedia":[{"embeddable":true,"href":"https:\/\/wpachem.com\/tr\/wp-json\/wp\/v2\/media\/2113"}],"wp:attachment":[{"href":"https:\/\/wpachem.com\/tr\/wp-json\/wp\/v2\/media?parent=3330"}],"wp:term":[{"taxonomy":"product_brand","embeddable":true,"href":"https:\/\/wpachem.com\/tr\/wp-json\/wp\/v2\/product_brand?post=3330"},{"taxonomy":"product_cat","embeddable":true,"href":"https:\/\/wpachem.com\/tr\/wp-json\/wp\/v2\/product_cat?post=3330"},{"taxonomy":"product_tag","embeddable":true,"href":"https:\/\/wpachem.com\/tr\/wp-json\/wp\/v2\/product_tag?post=3330"}],"curies":[{"name":"wp","href":"https:\/\/api.w.org\/{rel}","templated":true}]}}