{"id":3333,"date":"2022-12-16T05:46:12","date_gmt":"2022-12-16T05:46:12","guid":{"rendered":"http:\/\/site2.easyceotech.com\/?post_type=product&#038;p=3333"},"modified":"2024-03-12T07:58:35","modified_gmt":"2024-03-12T07:58:35","slug":"cis-3-hexenyl-acetate","status":"publish","type":"product","link":"https:\/\/wpachem.com\/tr\/urun\/cis-3-hexenyl-acetate\/","title":{"rendered":"Cis-3-Heksenil Asetat"},"content":{"rendered":"<p><span data-spm-anchor-id=\"a2700.details.0.i6.40d1449flEVxXg\">Ba\u011f\u0131l yo\u011funluk: 0.849~0.853<\/span><\/p>\n<p>K\u0131r\u0131lma indeksi: 1.436~1.442<\/p>\n<p>Parlama Noktas\u0131:62\u2103<\/p>\n<p>Kaynama Noktas\u0131: 156-157 \u00b0C<\/p>\n<p>G\u00f6r\u00fcn\u00fcm:Klorsuz s\u0131v\u0131<\/p>\n<p>Safl\u0131k \u226598%<\/p>\n<p><strong>Ba\u015fvuru:\u00a0<\/strong>cis-3-Heksenil asetat, g\u00fc\u00e7l\u00fc, taze ye\u015fil \u00e7imen kokusuna sahip renksiz bir s\u0131v\u0131d\u0131r. Bu \u00fcr\u00fcn, tatland\u0131r\u0131c\u0131 olarak kullan\u0131l\u0131r<br \/>\nG\u0131da ve i\u00e7ecek uygulamalar\u0131nda, \u00f6zellikle meyve\/nane aromal\u0131 \u00e7e\u015fitlerde kullan\u0131l\u0131r.<\/p>","protected":false},"excerpt":{"rendered":"<p>\u00dcr\u00fcn Ad\u0131: Cis-3-Heksenil Asetat<\/p>\n<p>CAS Numaras\u0131: 3681-71-8<\/p>\n<p>MF: C8H14O2<\/p>\n<p>G\u00f6r\u00fcn\u00fcm: Renksiz ila sar\u0131ms\u0131 s\u0131v\u0131<\/p>","protected":false},"featured_media":2089,"template":"","meta":{"_acf_changed":false,"_gspb_post_css":""},"product_brand":[],"product_cat":[61],"product_tag":[],"class_list":{"0":"post-3333","1":"product","2":"type-product","3":"status-publish","4":"has-post-thumbnail","6":"product_cat-flavor-and-fragrance","8":"first","9":"instock","10":"shipping-taxable","11":"product-type-simple"},"acf":[],"_links":{"self":[{"href":"https:\/\/wpachem.com\/tr\/wp-json\/wp\/v2\/product\/3333","targetHints":{"allow":["GET"]}}],"collection":[{"href":"https:\/\/wpachem.com\/tr\/wp-json\/wp\/v2\/product"}],"about":[{"href":"https:\/\/wpachem.com\/tr\/wp-json\/wp\/v2\/types\/product"}],"version-history":[{"count":0,"href":"https:\/\/wpachem.com\/tr\/wp-json\/wp\/v2\/product\/3333\/revisions"}],"wp:featuredmedia":[{"embeddable":true,"href":"https:\/\/wpachem.com\/tr\/wp-json\/wp\/v2\/media\/2089"}],"wp:attachment":[{"href":"https:\/\/wpachem.com\/tr\/wp-json\/wp\/v2\/media?parent=3333"}],"wp:term":[{"taxonomy":"product_brand","embeddable":true,"href":"https:\/\/wpachem.com\/tr\/wp-json\/wp\/v2\/product_brand?post=3333"},{"taxonomy":"product_cat","embeddable":true,"href":"https:\/\/wpachem.com\/tr\/wp-json\/wp\/v2\/product_cat?post=3333"},{"taxonomy":"product_tag","embeddable":true,"href":"https:\/\/wpachem.com\/tr\/wp-json\/wp\/v2\/product_tag?post=3333"}],"curies":[{"name":"wp","href":"https:\/\/api.w.org\/{rel}","templated":true}]}}