{"id":3336,"date":"2022-12-16T05:53:08","date_gmt":"2022-12-16T05:53:08","guid":{"rendered":"http:\/\/site2.easyceotech.com\/?post_type=product&#038;p=3336"},"modified":"2024-03-12T07:58:31","modified_gmt":"2024-03-12T07:58:31","slug":"helional-floramelon","status":"publish","type":"product","link":"https:\/\/wpachem.com\/tr\/urun\/helional-floramelon\/","title":{"rendered":"Helyonal\/Floramelon"},"content":{"rendered":"<p>Helional\/Floramelon, biberaldehitinin bir homologu olarak kabul edilebilecek aromatik bir organik bile\u015fiktir. Fenilpropanal yap\u0131s\u0131na sahiptir ve suda \u00e7\u00f6z\u00fcnmez ancak alkolde \u00e7\u00f6z\u00fcn\u00fcr. \u00c7i\u00e7eksi bir aromas\u0131 vard\u0131r ve genellikle ticari parf\u00fcmlerde ve kokularda kullan\u0131l\u0131r. Biber propanal, bir t\u00fcr taze karpuz aromas\u0131 ve hafif vadi zamba\u011f\u0131 ve yasemin benzeri rezene aromas\u0131d\u0131r, yasemin, tav\u015fan kulak \u00e7i\u00e7e\u011fi ve di\u011fer \u00e7i\u00e7ek kokular\u0131n\u0131n, orman, deniz meltemi tipi yeni lezzetlerin, kal\u0131c\u0131 kokular\u0131n haz\u0131rlanmas\u0131nda yayg\u0131n olarak kullan\u0131l\u0131r<\/p>\n<p><strong>\u015eartname:<\/strong><\/p>\n<table>\n<tbody>\n<tr>\n<td width=\"236\"><strong>\u00d6\u011fe<\/strong><\/td>\n<td width=\"236\"><strong>\u00d6zellikler<\/strong><\/td>\n<\/tr>\n<tr>\n<td width=\"236\">D\u0131\u015f g\u00f6r\u00fcn\u00fc\u015f<\/td>\n<td width=\"236\">A\u00e7\u0131k sar\u0131 s\u0131v\u0131<\/td>\n<\/tr>\n<tr>\n<td width=\"236\">Safl\u0131k<\/td>\n<td width=\"236\">\u226599%<\/td>\n<\/tr>\n<tr>\n<td width=\"236\">Renk(APHA)<\/td>\n<td width=\"236\">\u226450<\/td>\n<\/tr>\n<tr>\n<td width=\"236\">su<\/td>\n<td width=\"236\">\u22640.5%<\/td>\n<\/tr>\n<tr>\n<td width=\"236\">Asitlik(mgKOH\/g)<\/td>\n<td width=\"236\">\u22640,2<\/td>\n<\/tr>\n<\/tbody>\n<\/table>\n<p>&nbsp;<\/p>\n<p><strong>Ba\u015fvuru:<\/strong> Helional\/Floramelon, kozmetik ve sabun aroma form\u00fcllerinde bulunan, hafif, \u00e7i\u00e7eksi, tav\u015fan benzeri bir aromaya sahip, d\u00fcnya \u00e7ap\u0131nda kullan\u0131lan bir kokudur.<\/p>","protected":false},"excerpt":{"rendered":"<p>\u00dcr\u00fcn Ad\u0131: Helional\/Floramelon<\/p>\n<p>CAS Numaras\u0131: 1205-17-0<\/p>\n<p>MF: C11H12O3<\/p>\n<p>G\u00f6r\u00fcn\u00fcm : A\u00e7\u0131k sar\u0131 s\u0131v\u0131<\/p>","protected":false},"featured_media":3321,"template":"","meta":{"_acf_changed":false,"_gspb_post_css":""},"product_brand":[],"product_cat":[61],"product_tag":[],"class_list":{"0":"post-3336","1":"product","2":"type-product","3":"status-publish","4":"has-post-thumbnail","6":"product_cat-flavor-and-fragrance","8":"first","9":"instock","10":"shipping-taxable","11":"product-type-simple"},"acf":[],"_links":{"self":[{"href":"https:\/\/wpachem.com\/tr\/wp-json\/wp\/v2\/product\/3336","targetHints":{"allow":["GET"]}}],"collection":[{"href":"https:\/\/wpachem.com\/tr\/wp-json\/wp\/v2\/product"}],"about":[{"href":"https:\/\/wpachem.com\/tr\/wp-json\/wp\/v2\/types\/product"}],"version-history":[{"count":0,"href":"https:\/\/wpachem.com\/tr\/wp-json\/wp\/v2\/product\/3336\/revisions"}],"wp:featuredmedia":[{"embeddable":true,"href":"https:\/\/wpachem.com\/tr\/wp-json\/wp\/v2\/media\/3321"}],"wp:attachment":[{"href":"https:\/\/wpachem.com\/tr\/wp-json\/wp\/v2\/media?parent=3336"}],"wp:term":[{"taxonomy":"product_brand","embeddable":true,"href":"https:\/\/wpachem.com\/tr\/wp-json\/wp\/v2\/product_brand?post=3336"},{"taxonomy":"product_cat","embeddable":true,"href":"https:\/\/wpachem.com\/tr\/wp-json\/wp\/v2\/product_cat?post=3336"},{"taxonomy":"product_tag","embeddable":true,"href":"https:\/\/wpachem.com\/tr\/wp-json\/wp\/v2\/product_tag?post=3336"}],"curies":[{"name":"wp","href":"https:\/\/api.w.org\/{rel}","templated":true}]}}