{"id":3339,"date":"2022-12-16T06:00:55","date_gmt":"2022-12-16T06:00:55","guid":{"rendered":"http:\/\/site2.easyceotech.com\/?post_type=product&#038;p=3339"},"modified":"2024-03-12T07:58:26","modified_gmt":"2024-03-12T07:58:26","slug":"glyceryl-tri2-ethylhexanoate-triethylhexanoin","status":"publish","type":"product","link":"https:\/\/wpachem.com\/tr\/urun\/glyceryl-tri2-ethylhexanoate-triethylhexanoin\/","title":{"rendered":"Gliseril tri(2-etilheksanoat) \/ Trietilheksanoin"},"content":{"rendered":"<div class=\"J_module\">\n<div class=\"detail-decorate-json-renderer-container\">\n<div class=\"magic-1\">\n<div class=\"magic-2\">\n<div class=\"magic-3\">\n<div class=\"magic-4\"><span class=\"magic-5\"><span data-spm-anchor-id=\"a2700.details.0.i8.5f2e7d4fld706u\">Gliseril tri(2-etilheksanoat) \/ Trietilheksanoin<\/span><\/span><\/div>\n<\/div>\n<\/div>\n<\/div>\n<\/div>\n<\/div>\n<div class=\"J_module\">\n<div class=\"detail-decorate-json-renderer-container\">\n<div class=\"magic-1\">\n<div class=\"magic-2\">\n<div class=\"magic-3\">\n<div class=\"magic-4\" data-spm-anchor-id=\"a2700.details.0.i7.5f2e7d4fld706u\">1\u3001<strong> \u00dcr\u00fcn tan\u0131t\u0131m\u0131 <\/strong><\/div>\n<ul>\n<li class=\"magic-4\" data-spm-anchor-id=\"a2700.details.0.i7.5f2e7d4fld706u\">\u00a01.1. \u00c7ince Ad\u0131: Gliserol tris (Etilheksanoik asit) ester<\/li>\n<li class=\"magic-4\" data-spm-anchor-id=\"a2700.details.0.i7.5f2e7d4fld706u\">\u00a01.2. \u0130nci Ad\u0131: trietilheksanoin<\/li>\n<li data-spm-anchor-id=\"a2700.details.0.i7.5f2e7d4fld706u\"><\/li>\n<\/ul>\n<div class=\"magic-4\" data-spm-anchor-id=\"a2700.details.0.i7.5f2e7d4fld706u\">\n<div>2\u3001 <strong>\u00dcr\u00fcn \u00f6zellikleri: <\/strong><\/div>\n<ul>\n<li>\u00a02.1. M\u00fckemmel d\u00fc\u015f\u00fck s\u0131cakl\u0131k performans\u0131, olduk\u00e7a dallanm\u0131\u015f gres, iyi stabilite, d\u00fc\u015f\u00fck donma noktas\u0131, \u00fcr\u00fcnlerin donma direncini etkili bir \u015fekilde art\u0131rabilir;<\/li>\n<li>2.2. Son derece hafif ve ferahlat\u0131c\u0131 nemlendirici ya\u011f, nemlendirici ve yap\u0131\u015fkan de\u011fildir, iyi oksidasyon kararl\u0131l\u0131\u011f\u0131na ve hidroliz kararl\u0131l\u0131\u011f\u0131na sahiptir ve \u00f6zellikle g\u00fcne\u015f kremleri ve ya\u011f hidroliz kararl\u0131l\u0131\u011f\u0131 i\u00e7in y\u00fcksek gereksinimleri olan di\u011fer \u00fcr\u00fcnler i\u00e7in uygundur;<\/li>\n<li>2.3. Tazeleyici ve nemlendirici, iyi hava ge\u00e7irgenli\u011fi, iyi yay\u0131lma \u00f6zelli\u011fi, aktif maddeler i\u00e7in m\u00fckemmel \u00e7\u00f6z\u00fcn\u00fcrl\u00fck ve da\u011f\u0131labilirlik, organik g\u00fcne\u015f kremi ve tonik, \u00fcr\u00fcn\u00fcn etkisini ve dokusunu iyile\u015ftirebilir;<\/li>\n<li>2.4. \u0130yi bir uyuma sahiptir ve u\u00e7ucu ya\u011flar\u0131n baz ya\u011f\u0131 olarak kullan\u0131labilir, di\u011fer ya\u011flarla iyi bir uyuma sahiptir;<\/li>\n<\/ul>\n<p>&nbsp;<\/p>\n<\/div>\n<\/div>\n<\/div>\n<\/div>\n<div><\/div>\n<div class=\"magic-1\">\n<div class=\"magic-2\">\n<div class=\"magic-3\">\n<div class=\"magic-4\" data-spm-anchor-id=\"a2700.details.0.i7.5f2e7d4fld706u\">\n<div><strong>3, Ana ama\u00e7: <\/strong><\/div>\n<ul>\n<li>3.1 cilt bak\u0131m\u0131, makyaj ruj, fond\u00f6ten, g\u00fcne\u015f kremi, losyon, sa\u00e7 bak\u0131m\u0131<\/li>\n<\/ul>\n<p>&nbsp;<\/p>\n<div><\/div>\n<div><strong>4\u3001 \u00d6nerilen dozaj \u00d6nerilen dozaj:<\/strong> 2-15%, \u00e7e\u015fitli kozmetiklerin ya\u011fl\u0131 hammaddeleri i\u00e7in uygundur.<\/div>\n<div><\/div>\n<div><\/div>\n<div><strong>5\u3001 Paket \u00f6zellikleri:<\/strong> Net a\u011f\u0131rl\u0131k: 190kg \/ varil<\/div>\n<\/div>\n<\/div>\n<\/div>\n<\/div>\n<\/div>\n<\/div>\n<p>&nbsp;<\/p>","protected":false},"excerpt":{"rendered":"<p>\u00dcr\u00fcn Ad\u0131: Trietilheksanoin<\/p>\n<p>CAS Numaras\u0131: 7360-38-5<\/p>\n<p>MF: C27H50O6<\/p>\n<p>G\u00f6r\u00fcn\u00fcm: Renksiz \u015feffaf s\u0131v\u0131<\/p>","protected":false},"featured_media":1891,"template":"","meta":{"_acf_changed":false,"_gspb_post_css":""},"product_brand":[],"product_cat":[63],"product_tag":[],"class_list":{"0":"post-3339","1":"product","2":"type-product","3":"status-publish","4":"has-post-thumbnail","6":"product_cat-industrial-chemicals","8":"first","9":"instock","10":"shipping-taxable","11":"product-type-simple"},"acf":[],"_links":{"self":[{"href":"https:\/\/wpachem.com\/tr\/wp-json\/wp\/v2\/product\/3339","targetHints":{"allow":["GET"]}}],"collection":[{"href":"https:\/\/wpachem.com\/tr\/wp-json\/wp\/v2\/product"}],"about":[{"href":"https:\/\/wpachem.com\/tr\/wp-json\/wp\/v2\/types\/product"}],"version-history":[{"count":0,"href":"https:\/\/wpachem.com\/tr\/wp-json\/wp\/v2\/product\/3339\/revisions"}],"wp:featuredmedia":[{"embeddable":true,"href":"https:\/\/wpachem.com\/tr\/wp-json\/wp\/v2\/media\/1891"}],"wp:attachment":[{"href":"https:\/\/wpachem.com\/tr\/wp-json\/wp\/v2\/media?parent=3339"}],"wp:term":[{"taxonomy":"product_brand","embeddable":true,"href":"https:\/\/wpachem.com\/tr\/wp-json\/wp\/v2\/product_brand?post=3339"},{"taxonomy":"product_cat","embeddable":true,"href":"https:\/\/wpachem.com\/tr\/wp-json\/wp\/v2\/product_cat?post=3339"},{"taxonomy":"product_tag","embeddable":true,"href":"https:\/\/wpachem.com\/tr\/wp-json\/wp\/v2\/product_tag?post=3339"}],"curies":[{"name":"wp","href":"https:\/\/api.w.org\/{rel}","templated":true}]}}