{"id":3342,"date":"2022-12-16T06:08:47","date_gmt":"2022-12-16T06:08:47","guid":{"rendered":"http:\/\/site2.easyceotech.com\/?post_type=product&#038;p=3342"},"modified":"2024-03-12T07:58:21","modified_gmt":"2024-03-12T07:58:21","slug":"cetyl-ethyl-hexanoate","status":"publish","type":"product","link":"https:\/\/wpachem.com\/tr\/urun\/cetyl-ethyl-hexanoate\/","title":{"rendered":"Setil etil heksanoat"},"content":{"rendered":"<p><span data-spm-anchor-id=\"a2700.details.0.i7.fbe7731awLoTJ2\"><strong>1\u3001 \u00dcr\u00fcn tan\u0131t\u0131m\u0131 <\/strong><\/span><\/p>\n<ul>\n<li><span data-spm-anchor-id=\"a2700.details.0.i7.fbe7731awLoTJ2\">1.1. Kimyasal ad\u0131: setil etil heksanoat <\/span><\/li>\n<li><span data-spm-anchor-id=\"a2700.details.0.i7.fbe7731awLoTJ2\">1.2. \u0130nci Ad\u0131: setil etilheksanoat <\/span><\/li>\n<li><span data-spm-anchor-id=\"a2700.details.0.i7.fbe7731awLoTJ2\">1.3. \u00dcr\u00fcn Ad\u0131: CEH\u00a0<\/span><\/li>\n<\/ul>\n<div><\/div>\n<div><\/div>\n<p><strong>2\u3001 \u00dcr\u00fcn \u00f6zellikleri:<\/strong><\/p>\n<ul>\n<li>2.1. Halk aras\u0131nda deniz ku\u015fu t\u00fcy\u00fc ya\u011f\u0131 olarak bilinen bu ya\u011f, do\u011fal skualene ucuz bir alternatiftir.<\/li>\n<li>2.2 dall\u0131 ya\u011f asidi esteri, orta polariteli nemlendirici ya\u011f, \u00e7e\u015fitli kozmetik bile\u015fenleriyle uyumludur.<\/li>\n<li>2.3. D\u00fc\u015f\u00fck y\u00fczey gerilimi, iyi yay\u0131lma \u00f6zelli\u011fi, cilt taraf\u0131ndan kolay emilir ve ya\u011fl\u0131l\u0131k hissi yaratmaz.<\/li>\n<li>2.4. G\u00fc\u00e7l\u00fc su direncine sahiptir ve alkol su sisteminde \u00e7\u00f6z\u00fcn\u00fcr, bu da onu \u015feffaf alkol su sistemi \u00fcr\u00fcnleri haz\u0131rlamak i\u00e7in uygun hale getirir. 2.5. M\u00fckemmel em\u00fclsifiye etme, da\u011f\u0131tma ve ya\u011flama yetene\u011fine sahiptir ve d\u00fc\u015f\u00fck s\u0131cakl\u0131kta bile d\u00fc\u015f\u00fck viskoziteyi koruyabilir. K\u0131\u015f kozmetikleri i\u00e7in uygundur.<\/li>\n<\/ul>\n<div><\/div>\n<div><strong>3, Ana ama\u00e7: <\/strong><\/div>\n<ul>\n<li>3.1. Sa\u00e7lara nemli ve p\u00fcr\u00fczs\u00fcz bir his, cilde ise \u00e7ok nemli ve ya\u011fl\u0131 olmayan bir his kazand\u0131rmak i\u00e7in \u00e7e\u015fitli ki\u015fisel bak\u0131m \u00fcr\u00fcnlerinde kullan\u0131l\u0131r.<\/li>\n<li>3.2. Cilt bak\u0131m \u00fcr\u00fcnlerinde, g\u00fcne\u015f kremlerinde ve renkli makyaj \u00fcr\u00fcnlerinde kullan\u0131l\u0131r. Rujda renk da\u011f\u0131t\u0131c\u0131 ve baz ya\u011f maddesi olarak veya ruj parlat\u0131c\u0131, sa\u00e7 ya\u011f\u0131 maddesi, krem losyon yumu\u015fat\u0131c\u0131 olarak kullan\u0131l\u0131r.<\/li>\n<li>3.3. \u0130yi yay\u0131lma \u00f6zelli\u011fine sahip olup, hidrofobik toz ve pigmentlerin dispersiyon ortam\u0131 olarak kullan\u0131l\u0131r.<\/li>\n<li>3.4 Di\u011fer bile\u015fenlerin ta\u015f\u0131y\u0131c\u0131s\u0131.<\/li>\n<\/ul>\n<div><\/div>\n<div><strong>4\u3001 \u00d6nerilen dozaj<\/strong><\/div>\n<ul>\n<li>4.1. Y\u0131kama sol\u00fcsyonu: 0.2-1%<\/li>\n<li>4.2 cilt bak\u0131m\u0131 1-5%<\/li>\n<li>4.3 sa\u00e7 bak\u0131m\u0131 1-5%<\/li>\n<li>4.4 makyaj temizleyici 1-20%<\/li>\n<\/ul>\n<div><\/div>\n<div><strong>5\u3001 Paketleme \u00f6zellikleri:<\/strong> Net a\u011f\u0131rl\u0131k: \u2460 175KG \/ tambur<\/div>\n<p>&nbsp;<\/p>","protected":false},"excerpt":{"rendered":"<p>\u00dcr\u00fcn Ad\u0131: Setil etil heksanoat<\/p>\n<p>CAS Numaras\u0131: 59130-69-7<\/p>\n<p>MF: c24h48o2<\/p>\n<p>G\u00f6r\u00fcn\u00fcm: Renksiz ila a\u00e7\u0131k sar\u0131 \u015feffaf ya\u011fl\u0131 s\u0131v\u0131<\/p>\n<p>&nbsp;<\/p>","protected":false},"featured_media":2083,"template":"","meta":{"_acf_changed":false,"_gspb_post_css":""},"product_brand":[],"product_cat":[63],"product_tag":[],"class_list":{"0":"post-3342","1":"product","2":"type-product","3":"status-publish","4":"has-post-thumbnail","6":"product_cat-industrial-chemicals","8":"first","9":"instock","10":"shipping-taxable","11":"product-type-simple"},"acf":[],"_links":{"self":[{"href":"https:\/\/wpachem.com\/tr\/wp-json\/wp\/v2\/product\/3342","targetHints":{"allow":["GET"]}}],"collection":[{"href":"https:\/\/wpachem.com\/tr\/wp-json\/wp\/v2\/product"}],"about":[{"href":"https:\/\/wpachem.com\/tr\/wp-json\/wp\/v2\/types\/product"}],"version-history":[{"count":0,"href":"https:\/\/wpachem.com\/tr\/wp-json\/wp\/v2\/product\/3342\/revisions"}],"wp:featuredmedia":[{"embeddable":true,"href":"https:\/\/wpachem.com\/tr\/wp-json\/wp\/v2\/media\/2083"}],"wp:attachment":[{"href":"https:\/\/wpachem.com\/tr\/wp-json\/wp\/v2\/media?parent=3342"}],"wp:term":[{"taxonomy":"product_brand","embeddable":true,"href":"https:\/\/wpachem.com\/tr\/wp-json\/wp\/v2\/product_brand?post=3342"},{"taxonomy":"product_cat","embeddable":true,"href":"https:\/\/wpachem.com\/tr\/wp-json\/wp\/v2\/product_cat?post=3342"},{"taxonomy":"product_tag","embeddable":true,"href":"https:\/\/wpachem.com\/tr\/wp-json\/wp\/v2\/product_tag?post=3342"}],"curies":[{"name":"wp","href":"https:\/\/api.w.org\/{rel}","templated":true}]}}