{"id":3346,"date":"2022-12-16T06:22:26","date_gmt":"2022-12-16T06:22:26","guid":{"rendered":"http:\/\/site2.easyceotech.com\/?post_type=product&#038;p=3346"},"modified":"2024-03-12T07:58:16","modified_gmt":"2024-03-12T07:58:16","slug":"caprylic-capric-triglyceride","status":"publish","type":"product","link":"https:\/\/wpachem.com\/tr\/urun\/caprylic-capric-triglyceride\/","title":{"rendered":"Kaprilik\/Kaprik Trigliserid"},"content":{"rendered":"<p>Kaprilik\/Kaprik Trigliserit, n-oktanol olarak da bilinir, organik bir bile\u015fiktir, renksiz, \u015feffaf ya\u011fl\u0131 s\u0131v\u0131, kuvvetli bir ya\u011f ve narenciye kokusuna sahiptir, suyla kar\u0131\u015fmaz, ancak etanol, eter, kloroformla kar\u0131\u015fabilir.<\/p>\n<p>\u00c7\u00f6z\u00fcc\u00fc, plastikle\u015ftirici, antifriz, ya\u011flay\u0131c\u0131, ekstraktan, da\u011f\u0131t\u0131c\u0131, stabilizat\u00f6r, koku ve di\u011fer \u00fcr\u00fcnler olarak kullan\u0131labilir, rafine ya\u011f, plastik, kaplama, bask\u0131 ve boyama, g\u0131da i\u015fleme, kozmetik ve di\u011fer alanlarda kullan\u0131labilir.<\/p>\n<p>G\u00fcl, yasemin, leylak, tatl\u0131 fasulye \u00e7i\u00e7e\u011fi, bal kokusu, neroli, narenciye, past\u0131rma k\u00f6k\u00fc, ejderha, \u00e7am i\u011fneleri ve di\u011fer t\u00fcrler i\u00e7in uygundur. G\u00fcl, ylang ylang, past\u0131rma k\u00f6k\u00fc, portakal ya\u011f\u0131, linalool ile uyumludur. Ayr\u0131ca yenilebilir \u015feftali, ananas, hindistan cevizi, \u00e7ikolata, \u00e7e\u015fitli narenciye ve meyve aromal\u0131 bazlarda iz olarak kullan\u0131labilir.<\/p>\n<p>Y\u00fczey aktif maddeler, \u00e7\u00f6z\u00fcc\u00fcler, k\u00f6p\u00fck \u00f6nleyici maddeler, end\u00fcstriyel yard\u0131mc\u0131 maddeler vb. olarak kullan\u0131l\u0131r<\/p>","protected":false},"excerpt":{"rendered":"<p>\u00dcr\u00fcn Ad\u0131: Kaprilik\/Kaprik Trigliserit<\/p>\n<p>CAS Numaras\u0131: 111-87-5<\/p>\n<p>MF: C8H18O<\/p>\n<p>G\u00f6r\u00fcn\u00fcm: Renksiz \u015feffaf ya\u011fl\u0131 s\u0131v\u0131<\/p>","protected":false},"featured_media":2089,"template":"","meta":{"_acf_changed":false,"_gspb_post_css":""},"product_brand":[],"product_cat":[63],"product_tag":[],"class_list":{"0":"post-3346","1":"product","2":"type-product","3":"status-publish","4":"has-post-thumbnail","6":"product_cat-industrial-chemicals","8":"first","9":"instock","10":"shipping-taxable","11":"product-type-simple"},"acf":[],"_links":{"self":[{"href":"https:\/\/wpachem.com\/tr\/wp-json\/wp\/v2\/product\/3346","targetHints":{"allow":["GET"]}}],"collection":[{"href":"https:\/\/wpachem.com\/tr\/wp-json\/wp\/v2\/product"}],"about":[{"href":"https:\/\/wpachem.com\/tr\/wp-json\/wp\/v2\/types\/product"}],"version-history":[{"count":0,"href":"https:\/\/wpachem.com\/tr\/wp-json\/wp\/v2\/product\/3346\/revisions"}],"wp:featuredmedia":[{"embeddable":true,"href":"https:\/\/wpachem.com\/tr\/wp-json\/wp\/v2\/media\/2089"}],"wp:attachment":[{"href":"https:\/\/wpachem.com\/tr\/wp-json\/wp\/v2\/media?parent=3346"}],"wp:term":[{"taxonomy":"product_brand","embeddable":true,"href":"https:\/\/wpachem.com\/tr\/wp-json\/wp\/v2\/product_brand?post=3346"},{"taxonomy":"product_cat","embeddable":true,"href":"https:\/\/wpachem.com\/tr\/wp-json\/wp\/v2\/product_cat?post=3346"},{"taxonomy":"product_tag","embeddable":true,"href":"https:\/\/wpachem.com\/tr\/wp-json\/wp\/v2\/product_tag?post=3346"}],"curies":[{"name":"wp","href":"https:\/\/api.w.org\/{rel}","templated":true}]}}