{"id":3349,"date":"2022-12-16T07:10:17","date_gmt":"2022-12-16T07:10:17","guid":{"rendered":"http:\/\/site2.easyceotech.com\/?post_type=product&#038;p=3349"},"modified":"2024-03-12T07:58:12","modified_gmt":"2024-03-12T07:58:12","slug":"tridecyl-trimellitate-tdtm","status":"publish","type":"product","link":"https:\/\/wpachem.com\/tr\/urun\/tridecyl-trimellitate-tdtm\/","title":{"rendered":"Tridesil Trimellitat (TDTM)"},"content":{"rendered":"<div class=\"J_module\">\n<div class=\"detail-decorate-json-renderer-container\">\n<div class=\"magic-1\">\n<div class=\"magic-2\">\n<div class=\"magic-3\">\n<div class=\"magic-4\"><span class=\"magic-5\"><span data-spm-anchor-id=\"a2700.details.0.i5.6de534b7H15DkW\">Kozmetik s\u0131n\u0131f\u0131 Tridecyl Trimellitate TDTM<\/span><\/span><\/div>\n<div><\/div>\n<\/div>\n<\/div>\n<\/div>\n<\/div>\n<\/div>\n<div class=\"J_module\">\n<div class=\"detail-decorate-json-renderer-container\">\n<div class=\"magic-1\">\n<div class=\"magic-2\">\n<div class=\"magic-3\">\n<div class=\"magic-4\"><b><\/b><strong>1\u3001 \u00dcr\u00fcn tan\u0131t\u0131m\u0131 <\/strong><\/div>\n<ul>\n<li class=\"magic-4\">1.1. Kimyasal ad\u0131: tridekanol trimellitik asit esteri<\/li>\n<li class=\"magic-4\">1.2. \u0130nci Ad\u0131: tridecyl trimellitate<\/li>\n<li class=\"magic-4\">1.3. \u00dcr\u00fcn Ad\u0131:TDTM<\/li>\n<\/ul>\n<div class=\"magic-4\">\n<div>\n<div><\/div>\n<div><\/div>\n<p><strong>2\u3001 \u00dcr\u00fcn \u00f6zellikleri: <\/strong><\/p>\n<\/div>\n<ul>\n<li>2.1. Cildi ya\u011fl\u0131l\u0131k ve iyi ge\u00e7irgenlik olmadan yumu\u015fak hale getirebilen m\u00fckemmel bir cilt yumu\u015fat\u0131c\u0131s\u0131d\u0131r. Gece kremi, g\u00f6z bak\u0131m \u00fcr\u00fcnleri, ruj, dudak parlat\u0131c\u0131s\u0131 ve di\u011fer y\u00fcksek nemli \u00fcr\u00fcnler olarak kullan\u0131labilir;<\/li>\n<li>2.2. Mikro yap\u0131\u015fkanl\u0131k: \u00dcr\u00fcne kadife gibi kal\u0131n ve yumu\u015fak bir dokunu\u015f, m\u00fckemmel renk da\u011f\u0131tma yetene\u011fi verir ve g\u00fc\u00e7l\u00fc dokuya sahip kremler ve losyonlar olarak kullan\u0131labilir, \u00f6zellikle iyi nem tutma \u00f6zelli\u011fine sahip baz\u0131 kuzey nemlendiricileri i\u00e7in uygundur, nemlendirme ve em\u00fclsifiye etme rol\u00fcn\u00fc oynayabilir;<\/li>\n<li>2.3. Ruj, g\u00f6z far\u0131 ve rujda m\u00fckemmel bir pigment \u00e7\u00f6z\u00fcc\u00fc olarak kullan\u0131labilir ve hint ya\u011f\u0131 veya lanolinin k\u0131smen veya tamamen yerini alabilir;<\/li>\n<li>2.4. Losyonun viskozitesini art\u0131rabilir, ancak geleneksel mumlarda oldu\u011fu gibi s\u00fcrt\u00fcnme hissini art\u0131rmaz;<\/li>\n<\/ul>\n<div><\/div>\n<div><strong>3\u3001 \u00dcr\u00fcn uygulamas\u0131: <\/strong><\/div>\n<ul>\n<li>3.1. Ruj, renklendirici, da\u011f\u0131t\u0131c\u0131 ve baz ya\u011flara uygulan\u0131r;<\/li>\n<li>3.2. Ruj parlat\u0131c\u0131, \u015fampuanlama, nemlendirme ve di\u011fer \u00fcr\u00fcnlere uygulanan nemlendirici;<\/li>\n<li>3.3. \u00c7e\u015fitli kremlere, losyonlara ve baz ya\u011flara uygulan\u0131r. \u0130yi hava ge\u00e7irgenli\u011fine ve s\u00fcnekli\u011fe sahiptir, hafif yap\u0131\u015fkan hissedilir ve cilde \u00e7ok p\u00fcr\u00fczs\u00fcz bir dokunu\u015f b\u0131rak\u0131r<\/li>\n<\/ul>\n<p>&nbsp;<\/p>\n<p><strong>4\u3001 \u00d6nerilen dozaj:\u00a0<\/strong> 3-20%<\/p>\n<p>&nbsp;<\/p>\n<div>\n<div><strong>5\u3001Paket<\/strong>:185kg varil ba\u015f\u0131na<\/div>\n<\/div>\n<\/div>\n<\/div>\n<\/div>\n<\/div>\n<\/div>\n<\/div>\n<p>&nbsp;<\/p>","protected":false},"excerpt":{"rendered":"<p>\u00dcr\u00fcn Ad\u0131: Tridecyl Trimellitate (TDTM)<\/p>\n<p>CAS Numaras\u0131: 94109-09-8<\/p>\n<p>MF:C48H84O6<\/p>\n<p>G\u00f6r\u00fcn\u00fcm: Renksiz \u015feffaf s\u0131v\u0131<\/p>","protected":false},"featured_media":2090,"template":"","meta":{"_acf_changed":false,"_gspb_post_css":""},"product_brand":[],"product_cat":[63],"product_tag":[],"class_list":{"0":"post-3349","1":"product","2":"type-product","3":"status-publish","4":"has-post-thumbnail","6":"product_cat-industrial-chemicals","8":"first","9":"instock","10":"shipping-taxable","11":"product-type-simple"},"acf":[],"_links":{"self":[{"href":"https:\/\/wpachem.com\/tr\/wp-json\/wp\/v2\/product\/3349","targetHints":{"allow":["GET"]}}],"collection":[{"href":"https:\/\/wpachem.com\/tr\/wp-json\/wp\/v2\/product"}],"about":[{"href":"https:\/\/wpachem.com\/tr\/wp-json\/wp\/v2\/types\/product"}],"version-history":[{"count":0,"href":"https:\/\/wpachem.com\/tr\/wp-json\/wp\/v2\/product\/3349\/revisions"}],"wp:featuredmedia":[{"embeddable":true,"href":"https:\/\/wpachem.com\/tr\/wp-json\/wp\/v2\/media\/2090"}],"wp:attachment":[{"href":"https:\/\/wpachem.com\/tr\/wp-json\/wp\/v2\/media?parent=3349"}],"wp:term":[{"taxonomy":"product_brand","embeddable":true,"href":"https:\/\/wpachem.com\/tr\/wp-json\/wp\/v2\/product_brand?post=3349"},{"taxonomy":"product_cat","embeddable":true,"href":"https:\/\/wpachem.com\/tr\/wp-json\/wp\/v2\/product_cat?post=3349"},{"taxonomy":"product_tag","embeddable":true,"href":"https:\/\/wpachem.com\/tr\/wp-json\/wp\/v2\/product_tag?post=3349"}],"curies":[{"name":"wp","href":"https:\/\/api.w.org\/{rel}","templated":true}]}}