{"id":3352,"date":"2022-12-16T08:05:09","date_gmt":"2022-12-16T08:05:09","guid":{"rendered":"http:\/\/site2.easyceotech.com\/?post_type=product&#038;p=3352"},"modified":"2024-03-12T07:58:08","modified_gmt":"2024-03-12T07:58:08","slug":"isononyl-isononanoate","status":"publish","type":"product","link":"https:\/\/wpachem.com\/tr\/urun\/isononyl-isononanoate\/","title":{"rendered":"\u0130zononil \u0130zononanoat"},"content":{"rendered":"<p>\u0130zononil izononanoat, bir form\u00fcl\u00fcn dokusunu ve hissini iyile\u015ftirmek i\u00e7in kozmetiklerde ve cilt bak\u0131m \u00fcr\u00fcnlerinde kullan\u0131lan sentetik bir bile\u015fendir. \u0130zononil izononanoat esas olarak yumu\u015fat\u0131c\u0131, doku g\u00fc\u00e7lendirici ve plastikle\u015ftirici olarak kullan\u0131l\u0131r.<\/p>\n<p>\u0130zononil izononanoat, izononil alkol ve izononanoik asidin esterle\u015ftirilmesiyle \u00fcretilebilir. \u0130zononil izononanoat, son derece d\u00fc\u015f\u00fck donma noktas\u0131, d\u00fc\u015f\u00fck viskozite ve esterler, u\u00e7ucu silikonlar, mineral ve bitkisel ya\u011flar gibi \u00e7e\u015fitli bile\u015fenlerde m\u00fckemmel \u00e7\u00f6z\u00fcn\u00fcrl\u00fck ve uyumluluk gibi benzersiz \u00f6zelliklere sahiptir. \u0130zononil izononanoat tipik olarak 2 ila 10% aral\u0131\u011f\u0131ndaki konsantrasyonlarda kullan\u0131l\u0131r.<\/p>\n<p>&nbsp;<\/p>\n<p><strong>\u0130\u015flev:<\/strong><\/p>\n<p>Kozmetik ve cilt bak\u0131m \u00fcr\u00fcnlerinde izononil izononanoat yumu\u015fat\u0131c\u0131, doku artt\u0131r\u0131c\u0131 ve plastikle\u015ftirici olarak g\u00f6rev yapar.<\/p>\n<p dir=\"ltr\"><strong>Yumu\u015fat\u0131c\u0131<\/strong><br \/>\nYumu\u015fat\u0131c\u0131 olarak izononil izononanoat genellikle kremlerde, losyonlarda ve y\u00fcz nemlendiricilerinde bulunur. Yumu\u015fat\u0131c\u0131lar cildi yumu\u015fatmak ve yat\u0131\u015ft\u0131rmak i\u00e7in \u00e7al\u0131\u015f\u0131rken ayn\u0131 zamanda t\u0131kay\u0131c\u0131 maddeler olarak da i\u015flev g\u00f6r\u00fcr. T\u0131kay\u0131c\u0131 bile\u015fenler cildin y\u00fczeyinde koruyucu bir film olu\u015fturur ve bu da cildin do\u011fal neminin buharla\u015fmas\u0131n\u0131 \u00f6nlemeye yard\u0131mc\u0131 olur. Zamanla bu, cildin en \u00fcst tabakas\u0131nda su birikmesine neden olarak cildin nemini art\u0131r\u0131r.<\/p>\n<p dir=\"ltr\">Ayn\u0131 yumu\u015fat\u0131c\u0131 \u00f6zellikler, isononyl isononanoate&#039;\u0131 sa\u00e7 bak\u0131m \u00fcr\u00fcnleri i\u00e7in ideal bir bile\u015fen haline getirir. Sa\u00e7 y\u00fczeyinde, biti\u015fik sa\u00e7 telleri aras\u0131nda daha fazla kayma sa\u011flayan p\u00fcr\u00fczs\u00fcz, e\u015fit bir film olu\u015fturur ve bu da sa\u00e7\u0131n dola\u015fmas\u0131n\u0131 kolayla\u015ft\u0131r\u0131r. Isononyl isononanoate, sa\u00e7\u0131n k\u00fctik\u00fcl y\u00fczeyini d\u00fczle\u015ftirerek ve yumu\u015fatarak dola\u015fmay\u0131 daha da azalt\u0131r ve bu da sa\u00e7a parlakl\u0131k ve \u0131\u015f\u0131lt\u0131 katabilir. Sa\u00e7\u0131 a\u011f\u0131rla\u015ft\u0131rmadan veya ya\u011fl\u0131 hissettirmeden yumu\u015fak ve ipeksi hissettirir.<\/p>\n<p dir=\"ltr\"><strong>Doku<\/strong><br \/>\nBir doku g\u00fc\u00e7lendirici olarak, isononyl isononanoate \u00fcst\u00fcn yay\u0131labilirlik ve kuru bir dokunu\u015f hissi sunar. Cilt bak\u0131m \u00fcr\u00fcnlerine belirgin bir kadifemsi his verir. Dahas\u0131, isononyl isononanoate, yap\u0131\u015fkanl\u0131\u011f\u0131 azaltt\u0131\u011f\u0131 ve aerosollerde t\u0131kanmay\u0131 \u00f6nledi\u011fi ter \u00f6nleyicilerdeki u\u00e7ucu silikonlar\u0131n yerine ge\u00e7er.<\/p>\n<p dir=\"ltr\"><strong>Plastikle\u015ftirici<\/strong><br \/>\nSon olarak, isononyl isononanoate bir plastikle\u015ftirici olarak i\u015flev g\u00f6r\u00fcr. Plastikle\u015ftiriciler, k\u0131r\u0131lganl\u0131\u011f\u0131 ve \u00e7atlamay\u0131 azaltarak sentetik bile\u015fenleri yumu\u015fatan malzemelerdir. Plastikle\u015ftiriciler, oje, parlat\u0131c\u0131 ve \u015fampuan gibi kozmetik \u00fcr\u00fcnler i\u00e7in faydal\u0131d\u0131r.<\/p>\n<p>&nbsp;<\/p>","protected":false},"excerpt":{"rendered":"<p>\u00dcr\u00fcn Ad\u0131: \u0130zononil \u0130zonanoat<\/p>\n<p>CAS Numaras\u0131: 59219-71-5<\/p>\n<p>MF: C18H36O2<\/p>","protected":false},"featured_media":2111,"template":"","meta":{"_acf_changed":false,"_gspb_post_css":""},"product_brand":[],"product_cat":[63],"product_tag":[],"class_list":{"0":"post-3352","1":"product","2":"type-product","3":"status-publish","4":"has-post-thumbnail","6":"product_cat-industrial-chemicals","8":"first","9":"instock","10":"shipping-taxable","11":"product-type-simple"},"acf":[],"_links":{"self":[{"href":"https:\/\/wpachem.com\/tr\/wp-json\/wp\/v2\/product\/3352","targetHints":{"allow":["GET"]}}],"collection":[{"href":"https:\/\/wpachem.com\/tr\/wp-json\/wp\/v2\/product"}],"about":[{"href":"https:\/\/wpachem.com\/tr\/wp-json\/wp\/v2\/types\/product"}],"version-history":[{"count":0,"href":"https:\/\/wpachem.com\/tr\/wp-json\/wp\/v2\/product\/3352\/revisions"}],"wp:featuredmedia":[{"embeddable":true,"href":"https:\/\/wpachem.com\/tr\/wp-json\/wp\/v2\/media\/2111"}],"wp:attachment":[{"href":"https:\/\/wpachem.com\/tr\/wp-json\/wp\/v2\/media?parent=3352"}],"wp:term":[{"taxonomy":"product_brand","embeddable":true,"href":"https:\/\/wpachem.com\/tr\/wp-json\/wp\/v2\/product_brand?post=3352"},{"taxonomy":"product_cat","embeddable":true,"href":"https:\/\/wpachem.com\/tr\/wp-json\/wp\/v2\/product_cat?post=3352"},{"taxonomy":"product_tag","embeddable":true,"href":"https:\/\/wpachem.com\/tr\/wp-json\/wp\/v2\/product_tag?post=3352"}],"curies":[{"name":"wp","href":"https:\/\/api.w.org\/{rel}","templated":true}]}}