{"id":3356,"date":"2022-12-16T08:09:52","date_gmt":"2022-12-16T08:09:52","guid":{"rendered":"http:\/\/site2.easyceotech.com\/?post_type=product&#038;p=3356"},"modified":"2024-03-12T07:58:05","modified_gmt":"2024-03-12T07:58:05","slug":"hexyl-laurate","status":"publish","type":"product","link":"https:\/\/wpachem.com\/tr\/urun\/hexyl-laurate\/","title":{"rendered":"Heksil Laurat"},"content":{"rendered":"<div class=\"J_module\">\n<div class=\"detail-decorate-json-renderer-container\">\n<div class=\"magic-1\">\n<div class=\"magic-2\">\n<div class=\"magic-3\">\n<div class=\"magic-4\"><\/div>\n<\/div>\n<\/div>\n<\/div>\n<\/div>\n<\/div>\n<div class=\"J_module\">\n<div class=\"detail-decorate-json-renderer-container\">\n<div class=\"magic-1\">\n<div class=\"magic-2\">\n<div class=\"magic-3\">\n<div class=\"magic-4\" data-spm-anchor-id=\"a2700.details.0.i6.7d1f72f0n8cVuq\"><b><\/b><strong>1\u3001 \u00dcr\u00fcn tan\u0131t\u0131m\u0131<\/strong><\/div>\n<ul>\n<li class=\"magic-4\" data-spm-anchor-id=\"a2700.details.0.i6.7d1f72f0n8cVuq\">1.1. Kimyasal ad\u0131: heksil laurat<\/li>\n<li class=\"magic-4\" data-spm-anchor-id=\"a2700.details.0.i6.7d1f72f0n8cVuq\">1.2. \u0130nci Ad\u0131: heksil laurat<\/li>\n<li class=\"magic-4\" data-spm-anchor-id=\"a2700.details.0.i6.7d1f72f0n8cVuq\">1.3. \u00dcr\u00fcn Ad\u0131: 1668<\/li>\n<\/ul>\n<div class=\"magic-4\" data-spm-anchor-id=\"a2700.details.0.i6.7d1f72f0n8cVuq\">\n<div>\n<div><\/div>\n<div><\/div>\n<p><strong>2\u3001 \u00dcr\u00fcn \u00f6zellikleri: <\/strong><\/p>\n<\/div>\n<ul>\n<li>2.1. Cilde kadifemsi bir his vererek m\u00fckemmel bir cilt temas\u0131 sa\u011flar.<\/li>\n<li>2.2. M\u00fckemmel tonik da\u011f\u0131tma kabiliyeti fond\u00f6ten makyaj \u00fcr\u00fcnlerine iyi bir pudra hissi verir.<\/li>\n<li>2.3. Benzer \u00fcr\u00fcnlerde bulunmayan maliyet avantajlar\u0131na sahiptir.<\/li>\n<li>2.4. \u0130yi em\u00fclsifiye edici stabiliteye sahiptir ve di\u011fer ya\u011flarla iyi uyumludur.<\/li>\n<li>2.5. Lipid aktif bile\u015fenlerini harekete ge\u00e7irebilir, ya\u011flay\u0131c\u0131 etkisi vard\u0131r ve \u00fcr\u00fcn\u00fcn etkisini ve dokusunu iyile\u015ftirebilir.<\/li>\n<\/ul>\n<div><\/div>\n<div>\n<div>\n<div><strong>3\u3001 Ana ama\u00e7 <\/strong><\/div>\n<ul>\n<li>3.1. Losyon, krem ve fond\u00f6ten makyaj\u0131 haz\u0131rlanabilir.<\/li>\n<li>3.2. G\u00fcne\u015f kremi olarak kullan\u0131labilir. Ferahlat\u0131c\u0131d\u0131r ve m\u00fckemmel yay\u0131lma, \u00e7\u00f6z\u00fcn\u00fcrl\u00fck ve stabiliteye sahiptir.<\/li>\n<\/ul>\n<div><\/div>\n<div><strong> 4\u3001 \u00d6nerilen dozaj Dozaj:<\/strong> 5-20%, \u00e7e\u015fitli kozmetiklerin ya\u011fl\u0131 hammaddeleri i\u00e7in uygundur.<\/div>\n<div><\/div>\n<div><strong>5\u3001 Paketleme \u00f6zellikleri Net a\u011f\u0131rl\u0131k:<\/strong> \u2460: 175KG \/ varil; \u2461 : 15kg \/ varil.<\/div>\n<\/div>\n<\/div>\n<\/div>\n<\/div>\n<\/div>\n<\/div>\n<\/div>\n<\/div>\n<p>&nbsp;<\/p>","protected":false},"excerpt":{"rendered":"<p>\u00dcr\u00fcn Ad\u0131: Heksil Laurate<br \/>\nCAS Numaras\u0131: 34316-64-8<br \/>\nMF: C18H36O2<br \/>\nG\u00f6r\u00fcn\u00fcm: Renksiz ila a\u00e7\u0131k sar\u0131 s\u0131v\u0131<\/p>","protected":false},"featured_media":2090,"template":"","meta":{"_acf_changed":false,"_gspb_post_css":""},"product_brand":[],"product_cat":[63],"product_tag":[],"class_list":{"0":"post-3356","1":"product","2":"type-product","3":"status-publish","4":"has-post-thumbnail","6":"product_cat-industrial-chemicals","8":"first","9":"instock","10":"shipping-taxable","11":"product-type-simple"},"acf":[],"_links":{"self":[{"href":"https:\/\/wpachem.com\/tr\/wp-json\/wp\/v2\/product\/3356","targetHints":{"allow":["GET"]}}],"collection":[{"href":"https:\/\/wpachem.com\/tr\/wp-json\/wp\/v2\/product"}],"about":[{"href":"https:\/\/wpachem.com\/tr\/wp-json\/wp\/v2\/types\/product"}],"version-history":[{"count":0,"href":"https:\/\/wpachem.com\/tr\/wp-json\/wp\/v2\/product\/3356\/revisions"}],"wp:featuredmedia":[{"embeddable":true,"href":"https:\/\/wpachem.com\/tr\/wp-json\/wp\/v2\/media\/2090"}],"wp:attachment":[{"href":"https:\/\/wpachem.com\/tr\/wp-json\/wp\/v2\/media?parent=3356"}],"wp:term":[{"taxonomy":"product_brand","embeddable":true,"href":"https:\/\/wpachem.com\/tr\/wp-json\/wp\/v2\/product_brand?post=3356"},{"taxonomy":"product_cat","embeddable":true,"href":"https:\/\/wpachem.com\/tr\/wp-json\/wp\/v2\/product_cat?post=3356"},{"taxonomy":"product_tag","embeddable":true,"href":"https:\/\/wpachem.com\/tr\/wp-json\/wp\/v2\/product_tag?post=3356"}],"curies":[{"name":"wp","href":"https:\/\/api.w.org\/{rel}","templated":true}]}}