{"id":3359,"date":"2022-12-16T08:15:19","date_gmt":"2022-12-16T08:15:19","guid":{"rendered":"http:\/\/site2.easyceotech.com\/?post_type=product&#038;p=3359"},"modified":"2024-03-12T07:57:13","modified_gmt":"2024-03-12T07:57:13","slug":"ethylhexyl-palmitate-2-ehp","status":"publish","type":"product","link":"https:\/\/wpachem.com\/tr\/urun\/ethylhexyl-palmitate-2-ehp\/","title":{"rendered":"Etilheksil Palmitat (2-EHP)"},"content":{"rendered":"<p><strong>1\u3001 \u00dcr\u00fcn tan\u0131t\u0131m\u0131<\/strong><\/p>\n<p><span data-spm-anchor-id=\"a2700.details.0.i8.47975a38f5yPTQ\"> 1.1. Kimyasal ad\u0131: etil hekzil palmitat <\/span><\/p>\n<p><span data-spm-anchor-id=\"a2700.details.0.i8.47975a38f5yPTQ\">1.2. Inci Ad\u0131: etilheksil palmitat <\/span><\/p>\n<p><span data-spm-anchor-id=\"a2700.details.0.i8.47975a38f5yPTQ\">1.3. \u00dcr\u00fcn Ad\u0131: 2ehp <\/span><\/p>\n<p>&nbsp;<\/p>\n<div><\/div>\n<div><strong>2\u3001 \u00d6zellikler:<\/strong><\/div>\n<div>2.1. \u0130yi hava ge\u00e7irgenli\u011fine ve iyi yay\u0131lma \u00f6zelli\u011fine sahip son derece hafif ve ferahlat\u0131c\u0131 nemlendirici ya\u011f, kuru ve nefes alabilen bir ya\u011fd\u0131r;<\/div>\n<div>2.2. \u0130yi kimyasal stabilite ve termal stabiliteye sahip m\u00fckemmel bir cilt yumu\u015fat\u0131c\u0131s\u0131d\u0131r;<\/div>\n<div>2.3. Aktif maddelere, organik g\u00fcne\u015f kremlerine ve toniklere kar\u015f\u0131 iyi bir da\u011f\u0131l\u0131ma sahiptir, \u00f6zellikle fond\u00f6ten, pudra, ruj ve g\u00fcne\u015f kremi gibi cilt bak\u0131m\u0131 ve renkli makyajlar i\u00e7in uygundur;<\/div>\n<div><\/div>\n<div><strong>3\u3001Uygulama<\/strong><\/div>\n<div>3.1. Bu \u00fcr\u00fcn ya\u011flama, termal stabilite ve yap\u0131\u015fmazl\u0131k \u00f6zelliklerine sahiptir. Orta ve y\u00fcksek kaliteli kozmetiklerin \u00f6nemli eklenen bile\u015fenlerinden biridir. Kuru ve nefes alabilirdir ve cilt \u00fczerinde m\u00fckemmel penetrasyon, nem ve yumu\u015fatma etkilerine sahiptir. Cilt bak\u0131m \u00fcr\u00fcnleri ve kozmetiklerde yayg\u0131n olarak kullan\u0131l\u0131r. M\u00fckemmel bir em\u00fclgat\u00f6r ve nemlendiricidir. Performans\u0131 stabildir ve oksitlenmesi kolay de\u011fildir; Hidrolize olmas\u0131 kolay de\u011fildir; Bayatlamas\u0131 kolay de\u011fildir; Son derece g\u00fcvenlidir, toksik de\u011fildir, cildi tahri\u015f etmez, cildi ya\u011fl\u0131 hissettirmeden yumu\u015fak, hassas ve p\u00fcr\u00fczs\u00fcz hale getirebilir ve iyi ge\u00e7irgenli\u011fe sahiptir. \u00c7e\u015fitli cilt bak\u0131m kremlerinde yayg\u0131n olarak kullan\u0131l\u0131r;<\/div>\n<div>3.2 kozmetikler: kozmetiklerde uzat\u0131c\u0131, toz kozmetikler ve kozmetiklerdeki pigmentlerin bir kombinasyonu olarak iyi bir \u00e7\u00f6z\u00fcc\u00fcd\u00fcr. Genellikle fond\u00f6ten kremi, g\u00fcne\u015f kremi, g\u00f6z far\u0131, ruj, g\u00f6z siyah\u0131 ve di\u011fer form\u00fcllerde kullan\u0131l\u0131r;<\/div>\n<div>3.3. Y\u0131kama \u00fcr\u00fcnleri: Du\u015f jeli, sa\u00e7 losyonu veya sa\u00e7 boyas\u0131nda yumu\u015fat\u0131c\u0131 olarak kullan\u0131labilir;<\/div>\n<div>3.4. Di\u011fer uygulanabilir kapsam: g\u00fczellik \u00fcr\u00fcnleri, t\u0131ra\u015f \u00fcr\u00fcnleri, ter \u00f6nleyici ve deodorant, g\u00fcne\u015f koruyucu \u00fcr\u00fcnler ve renkli makyaj \u00fcr\u00fcnleri;<\/div>\n<div><\/div>\n<div><strong>4\u3001 \u00d6nerilen dozaj:<\/strong>\u00a0 \u00dcr\u00fcn\u00fcn farkl\u0131 ihtiya\u00e7lar\u0131na g\u00f6re 1-20% dozaj\u0131 eklenebilir.<\/div>\n<div><\/div>\n<div><strong>5\u3001 Paketleme \u00f6zellikleri:<\/strong> Net a\u011f\u0131rl\u0131k: \u2460 175KG \/ varil; \u2461 180kg \/ varil; \u2462 850kg \/ varil;<\/div>\n<p>&nbsp;<\/p>","protected":false},"excerpt":{"rendered":"<p>\u00dcr\u00fcn Ad\u0131: Etilheksil Palmitat ( 2-EHP )<\/p>\n<p>CAS Numaras\u0131: 29806-73-3<\/p>\n<p>MF: C24H48O2<\/p>\n<p>G\u00f6r\u00fcn\u00fcm: Renksiz ila a\u00e7\u0131k sar\u0131 \u015feffaf ya\u011fl\u0131 s\u0131v\u0131<\/p>","protected":false},"featured_media":3321,"template":"","meta":{"_acf_changed":false,"_gspb_post_css":""},"product_brand":[],"product_cat":[63],"product_tag":[],"class_list":{"0":"post-3359","1":"product","2":"type-product","3":"status-publish","4":"has-post-thumbnail","6":"product_cat-industrial-chemicals","8":"first","9":"instock","10":"shipping-taxable","11":"product-type-simple"},"acf":[],"_links":{"self":[{"href":"https:\/\/wpachem.com\/tr\/wp-json\/wp\/v2\/product\/3359","targetHints":{"allow":["GET"]}}],"collection":[{"href":"https:\/\/wpachem.com\/tr\/wp-json\/wp\/v2\/product"}],"about":[{"href":"https:\/\/wpachem.com\/tr\/wp-json\/wp\/v2\/types\/product"}],"version-history":[{"count":0,"href":"https:\/\/wpachem.com\/tr\/wp-json\/wp\/v2\/product\/3359\/revisions"}],"wp:featuredmedia":[{"embeddable":true,"href":"https:\/\/wpachem.com\/tr\/wp-json\/wp\/v2\/media\/3321"}],"wp:attachment":[{"href":"https:\/\/wpachem.com\/tr\/wp-json\/wp\/v2\/media?parent=3359"}],"wp:term":[{"taxonomy":"product_brand","embeddable":true,"href":"https:\/\/wpachem.com\/tr\/wp-json\/wp\/v2\/product_brand?post=3359"},{"taxonomy":"product_cat","embeddable":true,"href":"https:\/\/wpachem.com\/tr\/wp-json\/wp\/v2\/product_cat?post=3359"},{"taxonomy":"product_tag","embeddable":true,"href":"https:\/\/wpachem.com\/tr\/wp-json\/wp\/v2\/product_tag?post=3359"}],"curies":[{"name":"wp","href":"https:\/\/api.w.org\/{rel}","templated":true}]}}