{"id":3362,"date":"2022-12-16T08:40:53","date_gmt":"2022-12-16T08:40:53","guid":{"rendered":"http:\/\/site2.easyceotech.com\/?post_type=product&#038;p=3362"},"modified":"2024-03-12T07:57:10","modified_gmt":"2024-03-12T07:57:10","slug":"trihydroxymethylpropyl-trioleate","status":"publish","type":"product","link":"https:\/\/wpachem.com\/tr\/urun\/trihydroxymethylpropyl-trioleate\/","title":{"rendered":"Trihidroksimetilpropil trioleat"},"content":{"rendered":"<p><strong>\u00dcr\u00fcn A\u00e7\u0131klamas\u0131:<\/strong><\/p>\n<p>Trihidroksimetilpropil trioleat m\u00fckemmel ya\u011flama \u00f6zelliklerine, y\u00fcksek viskozite indeksine, iyi alev direncine, iyi hidrolitik kararl\u0131l\u0131\u011fa, y\u00fcksek parlama noktas\u0131na, d\u00fc\u015f\u00fck u\u00e7uculu\u011fa ve d\u00fc\u015f\u00fck s\u0131cakl\u0131\u011fa sahiptir, 46. sentetik ester tipi anti yak\u0131t ya\u011f\u0131 ideal baz ya\u011f\u0131d\u0131r; Hidrolik ya\u011f, zincirli testere, ya\u011f ve su yat\u0131n\u0131n motor ya\u011f\u0131 ile \u00e7evre korumas\u0131 i\u00e7in tahsis etmek i\u00e7in kullan\u0131labilir; S\u0131v\u0131 \u00e7elik so\u011fuk haddeleme sisteminde ya\u011fl\u0131 madde olarak, \u00e7elik boru \u00e7ekme ya\u011f\u0131 ve metal i\u015fleme s\u0131v\u0131s\u0131nda yayg\u0131n olarak kullan\u0131lan di\u011fer; Ayr\u0131ca tekstil ve deri yard\u0131mc\u0131 maddelerinin ara maddeleri ve tekstil maddesi olarak da kullan\u0131labilir.<\/p>\n<p><strong>Performans endeksi:<\/strong><\/p>\n<p>&nbsp;<\/p>\n<table border=\"1\">\n<tbody>\n<tr>\n<td valign=\"center\" width=\"218\">\n<p align=\"center\"><strong>P<\/strong><strong>proje<\/strong><\/p>\n<\/td>\n<td valign=\"center\" width=\"250\">\n<p align=\"center\"><strong>BEN<\/strong><strong>dizin<\/strong><\/p>\n<\/td>\n<\/tr>\n<tr>\n<td valign=\"center\" width=\"218\">\n<p align=\"center\">D\u0131\u015f g\u00f6r\u00fcn\u00fc\u015f<\/p>\n<\/td>\n<td valign=\"center\" width=\"250\">\n<p align=\"center\">A\u00e7\u0131k sar\u0131 \u015feffaf s\u0131v\u0131<\/p>\n<\/td>\n<\/tr>\n<tr>\n<td valign=\"center\" width=\"218\">\n<p align=\"center\">\u00a0Viskozite (mm2\/s) 40\u2103<\/p>\n<\/td>\n<td valign=\"center\" width=\"250\">\n<p align=\"center\">41~51<\/p>\n<\/td>\n<\/tr>\n<tr>\n<td valign=\"center\" width=\"218\">\n<p align=\"center\">Viskozite indeksi \u2265<\/p>\n<\/td>\n<td valign=\"center\" width=\"250\">\n<p align=\"center\">\u00a0185<\/p>\n<\/td>\n<\/tr>\n<tr>\n<td valign=\"center\" width=\"218\">\n<p align=\"center\">\u00a0\u00a0Asit de\u011feri ( mgKOH\/g ) \u2264<\/p>\n<\/td>\n<td valign=\"center\" width=\"250\">\n<p align=\"center\">\u00a01<\/p>\n<\/td>\n<\/tr>\n<tr>\n<td valign=\"center\" width=\"218\">\n<p align=\"center\">Parlama noktas\u0131 (a\u00e7\u0131k, \u2103 ) \u2265<\/p>\n<\/td>\n<td valign=\"center\" width=\"250\">\n<p align=\"center\">\u00a0300<\/p>\n<\/td>\n<\/tr>\n<tr>\n<td valign=\"center\" width=\"218\">\n<p align=\"center\">Akma noktas\u0131 (\u2103) \u2264<\/p>\n<\/td>\n<td valign=\"center\" width=\"250\">\n<p align=\"center\">\u00a0-27<\/p>\n<\/td>\n<\/tr>\n<tr>\n<td valign=\"center\" width=\"218\">\n<p align=\"center\">Hidroksil de\u011feri ( mgKOH\/g ) \u2264<\/p>\n<\/td>\n<td valign=\"center\" width=\"250\">\n<p align=\"center\">\u00a015<\/p>\n<\/td>\n<\/tr>\n<tr>\n<td valign=\"center\" width=\"218\">\n<p align=\"center\">\u00a0Sabunla\u015fma de\u011feri ( mgKOH\/g )<\/p>\n<\/td>\n<td valign=\"center\" width=\"250\">\n<p align=\"center\">\u00a0175\uff5e195<\/p>\n<\/td>\n<\/tr>\n<\/tbody>\n<\/table>\n<p>&nbsp;<\/p>\n<p>Not: Baz\u0131 endeksler m\u00fc\u015fteri ihtiya\u00e7lar\u0131na g\u00f6re ayarlanabilir.<\/p>\n<p>Ambalaj: 1000L (yakla\u015f\u0131k 950KGS) Orta Boy Toplu Konteyner l veya 200L astarl\u0131 plastik demir varil.<\/p>","protected":false},"excerpt":{"rendered":"<p>\u00dcr\u00fcn Ad\u0131: Trihidroksimetilpropil Trioleat<\/p>\n<p>CAS Numaras\u0131: 11138-60-6<\/p>\n<p>MF: C24H50O7<\/p>\n<p>G\u00f6r\u00fcn\u00fcm: A\u00e7\u0131k sar\u0131 \u015feffaf s\u0131v\u0131<\/p>","protected":false},"featured_media":3322,"template":"","meta":{"_acf_changed":false,"_gspb_post_css":""},"product_brand":[],"product_cat":[63],"product_tag":[],"class_list":{"0":"post-3362","1":"product","2":"type-product","3":"status-publish","4":"has-post-thumbnail","6":"product_cat-industrial-chemicals","8":"first","9":"instock","10":"shipping-taxable","11":"product-type-simple"},"acf":[],"_links":{"self":[{"href":"https:\/\/wpachem.com\/tr\/wp-json\/wp\/v2\/product\/3362","targetHints":{"allow":["GET"]}}],"collection":[{"href":"https:\/\/wpachem.com\/tr\/wp-json\/wp\/v2\/product"}],"about":[{"href":"https:\/\/wpachem.com\/tr\/wp-json\/wp\/v2\/types\/product"}],"version-history":[{"count":0,"href":"https:\/\/wpachem.com\/tr\/wp-json\/wp\/v2\/product\/3362\/revisions"}],"wp:featuredmedia":[{"embeddable":true,"href":"https:\/\/wpachem.com\/tr\/wp-json\/wp\/v2\/media\/3322"}],"wp:attachment":[{"href":"https:\/\/wpachem.com\/tr\/wp-json\/wp\/v2\/media?parent=3362"}],"wp:term":[{"taxonomy":"product_brand","embeddable":true,"href":"https:\/\/wpachem.com\/tr\/wp-json\/wp\/v2\/product_brand?post=3362"},{"taxonomy":"product_cat","embeddable":true,"href":"https:\/\/wpachem.com\/tr\/wp-json\/wp\/v2\/product_cat?post=3362"},{"taxonomy":"product_tag","embeddable":true,"href":"https:\/\/wpachem.com\/tr\/wp-json\/wp\/v2\/product_tag?post=3362"}],"curies":[{"name":"wp","href":"https:\/\/api.w.org\/{rel}","templated":true}]}}