{"id":3374,"date":"2023-03-20T07:08:34","date_gmt":"2023-03-20T07:08:34","guid":{"rendered":"http:\/\/site2.easyceotech.com\/?post_type=product&#038;p=3374"},"modified":"2024-03-12T07:56:55","modified_gmt":"2024-03-12T07:56:55","slug":"potassium-sorbate","status":"publish","type":"product","link":"https:\/\/wpachem.com\/tr\/urun\/potassium-sorbate\/","title":{"rendered":"Welan Sak\u0131z\u0131"},"content":{"rendered":"<div class=\"J_module\">\n<div id=\"ali-anchor-AliMagic-2v29hx\" class=\"magic-0\" data-section=\"AliMagic-2v29hx\" data-section-title=\"Products Description\">\n<div class=\"J_module\">\n<div class=\"icbu-pc-images magic-0\">\n<div class=\"flex-layout-h\">\n<div class=\"text-wrapper magic-9\">\n<div class=\"text-wrapper-right text-theme-light text-align-left\">\n<div><strong>Tan\u0131m<\/strong><\/div>\n<div class=\"text-title\">Welan gum gum, ksantan gum, gellan gum ve s\u0131cak tekerlek gum&#039;dan sonra yeni bir mikrobiyal polisakkarit t\u00fcr\u00fcd\u00fcr. Mikrobiyal fermantasyonla \u00fcretilen suda \u00e7\u00f6z\u00fcn\u00fcr bir biyopolimerdir. M\u00fckemmel koyula\u015ft\u0131rma, ps\u00f6doplastisite, y\u00fcksek s\u0131cakl\u0131k direncine sahiptir. Y\u00fcksek tuz direnci ve geni\u015f pH adaptasyonu aral\u0131\u011f\u0131 gibi m\u00fckemmel \u00f6zelliklere sahiptir. Petrol, yap\u0131 malzemeleri ve geni\u015f uygulama beklentileri olan di\u011fer end\u00fcstrilerde yayg\u0131n olarak kullan\u0131labilir.<\/div>\n<div><\/div>\n<\/div>\n<\/div>\n<div><strong data-spm-anchor-id=\"a2700.details.0.i11.1c6e5ff8Zm29vm\">Ba\u015fvuru<\/strong><\/div>\n<\/div>\n<div>\n<p>Welan gum kat\u0131 bir tozdur ve iyi bir s\u0131cakl\u0131k direncine sahiptir. Sulu \u00e7\u00f6zeltisi iyi viskozite ve reolojik \u00f6zelliklere sahiptir ve y\u00fcksek kalsiyum iyon konsantrasyonlar\u0131na dayanabilir. \u00c7imento end\u00fcstrisinde cevher kumunun k\u0131vam\u0131n\u0131 ve k\u0131vam\u0131n\u0131 art\u0131rmak i\u00e7in \u00e7imento katk\u0131s\u0131 olarak kullan\u0131labilir. Reolojik \u00f6zellikler, betonun kendili\u011finden s\u0131k\u0131\u015fmas\u0131n\u0131n kararl\u0131l\u0131\u011f\u0131n\u0131 iyile\u015ftirir ve bulama\u00e7 betonunun kimyasal kitap bas\u0131nc\u0131n\u0131 ve kanamas\u0131n\u0131 art\u0131r\u0131r. Petrol sondaj end\u00fcstrisinde petrol \u00e7amuru i\u00e7in kal\u0131nla\u015ft\u0131rma, s\u00fcspansiyon ve reolojik \u00f6zellikler sa\u011flamak i\u00e7in kullan\u0131labilir. Ayr\u0131ca ince kimyasal, g\u00fcnl\u00fck kimyasal ve di\u011fer end\u00fcstrilerde de kullan\u0131labilir.<\/p>\n<p>Y\u00fcksek molek\u00fcler polimerlerde, petrol sahas\u0131 uygulamalar\u0131nda, d\u00f6k\u00fcmhane kaplamalar\u0131nda, pigment s\u00fcspansiyonlar\u0131nda, \u00e7imento veya beton kal\u0131nla\u015ft\u0131r\u0131c\u0131lar\u0131nda, lastik s\u0131zd\u0131rmazl\u0131k maddelerinde ve kaplama kal\u0131nla\u015ft\u0131r\u0131c\u0131lar\u0131nda kullan\u0131l\u0131r.<\/p>\n<\/div>\n<\/div>\n<\/div>\n<\/div>\n<\/div>\n<p>&nbsp;<\/p>","protected":false},"excerpt":{"rendered":"<p>\u00dcr\u00fcn Ad\u0131:<a class=\"blue\"><span style=\"color: #ff0000;\">Welan Sak\u0131z\u0131<\/span><\/a><br \/>\nCAS Numaras\u0131:96949-22-3<br \/>\n\u00c7.M:<br \/>\nG\u00f6r\u00fcn\u00fcm: Beyaz toz<\/p>","protected":false},"featured_media":2177,"template":"","meta":{"_acf_changed":false,"_gspb_post_css":""},"product_brand":[],"product_cat":[55,58],"product_tag":[],"class_list":{"0":"post-3374","1":"product","2":"type-product","3":"status-publish","4":"has-post-thumbnail","6":"product_cat-food-additives","7":"product_cat-thicknerstablizer","9":"first","10":"instock","11":"shipping-taxable","12":"product-type-simple"},"acf":[],"_links":{"self":[{"href":"https:\/\/wpachem.com\/tr\/wp-json\/wp\/v2\/product\/3374","targetHints":{"allow":["GET"]}}],"collection":[{"href":"https:\/\/wpachem.com\/tr\/wp-json\/wp\/v2\/product"}],"about":[{"href":"https:\/\/wpachem.com\/tr\/wp-json\/wp\/v2\/types\/product"}],"version-history":[{"count":0,"href":"https:\/\/wpachem.com\/tr\/wp-json\/wp\/v2\/product\/3374\/revisions"}],"wp:featuredmedia":[{"embeddable":true,"href":"https:\/\/wpachem.com\/tr\/wp-json\/wp\/v2\/media\/2177"}],"wp:attachment":[{"href":"https:\/\/wpachem.com\/tr\/wp-json\/wp\/v2\/media?parent=3374"}],"wp:term":[{"taxonomy":"product_brand","embeddable":true,"href":"https:\/\/wpachem.com\/tr\/wp-json\/wp\/v2\/product_brand?post=3374"},{"taxonomy":"product_cat","embeddable":true,"href":"https:\/\/wpachem.com\/tr\/wp-json\/wp\/v2\/product_cat?post=3374"},{"taxonomy":"product_tag","embeddable":true,"href":"https:\/\/wpachem.com\/tr\/wp-json\/wp\/v2\/product_tag?post=3374"}],"curies":[{"name":"wp","href":"https:\/\/api.w.org\/{rel}","templated":true}]}}