{"id":3378,"date":"2023-03-20T07:23:35","date_gmt":"2023-03-20T07:23:35","guid":{"rendered":"http:\/\/site2.easyceotech.com\/?post_type=product&#038;p=3378"},"modified":"2024-03-12T07:56:50","modified_gmt":"2024-03-12T07:56:50","slug":"guar-gum","status":"publish","type":"product","link":"https:\/\/wpachem.com\/tr\/urun\/guar-gum\/","title":{"rendered":"Guar Zamk\u0131"},"content":{"rendered":"<p><strong data-spm-anchor-id=\"a2700.details.0.i8.4de14db85RqhrP\">Guar Sak\u0131z\u0131 Tan\u0131m\u0131:<\/strong><\/p>\n<p>Guaran olarak da bilinen guar zamk\u0131, guar fasulyesi ad\u0131 verilen baklagillerden yap\u0131l\u0131r. Bir t\u00fcr polisakkarit veya ba\u011fl\u0131 karbonhidrat molek\u00fcllerinin uzun zinciridir ve mannoz ve galaktoz ad\u0131 verilen iki \u015fekerden olu\u015fur.<\/p>\n<p>Guar zamk\u0131, bir\u00e7ok i\u015flenmi\u015f g\u0131dada g\u0131da katk\u0131 maddesi olarak s\u0131kl\u0131kla kullan\u0131lmaktad\u0131r.<br \/>\n\u00d6zellikle g\u0131da \u00fcretiminde olduk\u00e7a faydal\u0131d\u0131r \u00e7\u00fcnk\u00fc \u00e7\u00f6z\u00fcn\u00fcr ve suyu emerek jel olu\u015fturarak \u00fcr\u00fcnleri koyula\u015ft\u0131r\u0131p birbirine ba\u011flayabilir.<br \/>\nGuar gum, g\u0131da \u00fcr\u00fcnlerini koyula\u015ft\u0131rmak ve ba\u011flamak i\u00e7in kullan\u0131lan bir g\u0131da katk\u0131 maddesidir. \u00c7\u00f6z\u00fcn\u00fcr lif a\u00e7\u0131s\u0131ndan zengindir ve kalorisi d\u00fc\u015f\u00fckt\u00fcr.<\/p>\n<div>\n<div>\n<div>\n<div>\n<div>\n<div><strong>Guar Zamk\u0131n\u0131n \u0130\u015flevi:<\/strong><\/div>\n<div>Fonksiyonel \u00f6zellikleri \u015fu \u015fekildedir:<br \/>\n(1) Kilo bak\u0131m\u0131<br \/>\nYap\u0131lan ara\u015ft\u0131rmalar guar gum&#039;un sindirim sa\u011fl\u0131\u011f\u0131n\u0131 iyile\u015ftirebilece\u011fini, kan \u015fekerini, kolesterol\u00fc, i\u015ftah\u0131 ve kalori al\u0131m\u0131n\u0131 azaltabilece\u011fini g\u00f6steriyor.<br \/>\n(2)Sindirim sa\u011fl\u0131\u011f\u0131<br \/>\nGuar zamk\u0131 lif a\u00e7\u0131s\u0131ndan zengindir, sindirim sisteminizin sa\u011fl\u0131\u011f\u0131n\u0131 destekleyebilir. Ayr\u0131ca ba\u011f\u0131rsak yolundaki hareketi h\u0131zland\u0131rarak kab\u0131zl\u0131\u011f\u0131n giderilmesine yard\u0131mc\u0131 olur.<\/div>\n<div><\/div>\n<div><strong>Guar Zamk\u0131&#039;n\u0131n Uygulamas\u0131:<\/strong><br \/>\nGuar zamk\u0131 g\u0131da sekt\u00f6r\u00fcn\u00fcn her alan\u0131nda yayg\u0131n olarak kullan\u0131lmaktad\u0131r.<\/p>\n<div>Anahtar kelimeler:Guar Zamk\u0131;toplu Guar Zamk\u0131 tozu;Guar Zamk\u0131;CAS 9000-30-0;<\/div>\n<\/div>\n<\/div>\n<\/div>\n<\/div>\n<\/div>\n<\/div>\n<p>&nbsp;<\/p>","protected":false},"excerpt":{"rendered":"<p>\u00dcr\u00fcn Ad\u0131:Guar Sak\u0131z\u0131<br \/>\nCAS Numaras\u0131:9000-30-0<br \/>\nMF:C10H14N5Na2O12P3<br \/>\nG\u00f6r\u00fcn\u00fcm: Beyaz toz<\/p>","protected":false},"featured_media":3012,"template":"","meta":{"_acf_changed":false,"_gspb_post_css":""},"product_brand":[],"product_cat":[55,58],"product_tag":[],"class_list":{"0":"post-3378","1":"product","2":"type-product","3":"status-publish","4":"has-post-thumbnail","6":"product_cat-food-additives","7":"product_cat-thicknerstablizer","9":"first","10":"instock","11":"shipping-taxable","12":"product-type-simple"},"acf":[],"_links":{"self":[{"href":"https:\/\/wpachem.com\/tr\/wp-json\/wp\/v2\/product\/3378","targetHints":{"allow":["GET"]}}],"collection":[{"href":"https:\/\/wpachem.com\/tr\/wp-json\/wp\/v2\/product"}],"about":[{"href":"https:\/\/wpachem.com\/tr\/wp-json\/wp\/v2\/types\/product"}],"version-history":[{"count":0,"href":"https:\/\/wpachem.com\/tr\/wp-json\/wp\/v2\/product\/3378\/revisions"}],"wp:featuredmedia":[{"embeddable":true,"href":"https:\/\/wpachem.com\/tr\/wp-json\/wp\/v2\/media\/3012"}],"wp:attachment":[{"href":"https:\/\/wpachem.com\/tr\/wp-json\/wp\/v2\/media?parent=3378"}],"wp:term":[{"taxonomy":"product_brand","embeddable":true,"href":"https:\/\/wpachem.com\/tr\/wp-json\/wp\/v2\/product_brand?post=3378"},{"taxonomy":"product_cat","embeddable":true,"href":"https:\/\/wpachem.com\/tr\/wp-json\/wp\/v2\/product_cat?post=3378"},{"taxonomy":"product_tag","embeddable":true,"href":"https:\/\/wpachem.com\/tr\/wp-json\/wp\/v2\/product_tag?post=3378"}],"curies":[{"name":"wp","href":"https:\/\/api.w.org\/{rel}","templated":true}]}}